{"id":12094,"date":"2024-04-18T12:13:21","date_gmt":"2024-04-18T12:13:21","guid":{"rendered":"https:\/\/www.kudotrade.com\/informativa-sulla-privacy\/"},"modified":"2024-04-18T12:13:21","modified_gmt":"2024-04-18T12:13:21","slug":"informativa-sulla-privacy","status":"publish","type":"page","link":"https:\/\/www.kudotrade.com\/it\/informativa-sulla-privacy\/","title":{"rendered":"Informativa sulla privacy"},"content":{"rendered":"<h4>INFORMATIVA SULLA PRIVACY<\/h4>\n<p>Kudo Trade (Mauritius) Ltd. si impegna a salvaguardare la riservatezza di tutti i dati personali che raccoglie dagli individui, siano essi ottenuti attraverso le visite al sito web o la fornitura di altri servizi.<\/p>\n<ol>\n<li style=\"text-align: left;\"><strong>INFORMATIVA SULLA PRIVACY E SULLA SICUREZZA DI KUDO TRADE (MAURITIUS) LTD.  <\/strong><\/li>\n<\/ol>\n<p>Kudo Trade (Mauritius) Ltd. (&#8220;noi&#8221;, &#8220;ci&#8221; o &#8220;Kudotrade&#8221;) \u00e8 una societ\u00e0 internazionale autorizzata e regolamentata dalla Financial Services Commission di Mauritius con il numero di licenza GB24203599, con sede legale in 6 St Denis Street, 1st Floor River Court, Port Louis, Mauritius. Il nostro obiettivo primario \u00e8 assistere i trader e gli Introducing Broker (IB) nel raggiungimento dei loro obiettivi commerciali e delle loro aspirazioni personali. Diamo priorit\u00e0 all&#8217;integrit\u00e0 e alla fiducia, offrendo un mix di prodotti innovativi, condizioni di trading competitive e un servizio personalizzato di alta qualit\u00e0. La missione di Kudotrade \u00e8 quella di permettere ai trader e agli IB del FOREX di realizzare le loro aspirazioni personali e commerciali, combinando prodotti innovativi con condizioni di trading competitive e un servizio clienti eccezionale.   <\/p>\n<ol start=\"2\">\n<li><strong>IMPEGNO  <\/strong><\/li>\n<\/ol>\n<p>Kudotrade si impegna a proteggere la privacy di tutte le informazioni personali che ottiene dall&#8217;utente, comprese quelle ottenute durante le visite a questo sito web o la fornitura di altri servizi all&#8217;utente. Kudotrade utilizzer\u00e0 le informazioni personali dell&#8217;utente solo in conformit\u00e0 con la presente Informativa sulla privacy e sulla sicurezza e comunque in conformit\u00e0 con la legge sulla privacy e sulla protezione dei dati di Mauritius. <\/p>\n<ol start=\"3\">\n<li><strong>KUDOTRADE RACCOGLIE INFORMAZIONI PERSONALI  <\/strong><\/li>\n<\/ol>\n<p>Kudotrade raccoglie alcune informazioni personali per poter soddisfare le esigenze dei propri clienti. Raccogliendo determinate informazioni personali, Kudotrade pu\u00f2 monitorare e migliorare i servizi offerti ai suoi clienti attuali e potenziali. Utilizzeremo queste informazioni per i seguenti scopi: creazione e mantenimento del tuo account, fornitura dei nostri servizi all&#8217;utente, miglioramento dei nostri servizi, notifiche normative e marketing.  <\/p>\n<ol start=\"4\">\n<li><strong>QUALI INFORMAZIONI OTTIENE KUDOTRADE?  <\/strong><\/li>\n<\/ol>\n<p>Kudotrade raccoglier\u00e0 e conserver\u00e0 informazioni su di te quando compilerai una domanda online o un altro tipo di modulo o accederai al tuo conto e lo negozierai attraverso questo sito web o un altro servizio che ti forniamo. Kudotrade pu\u00f2 ricavare informazioni dal tuo utilizzo di questo sito web o di un altro servizio che ti forniamo e pu\u00f2 memorizzarle nel tuo profilo personale. Tali informazioni possono includere le aree del sito visitate, le pagine visualizzate, la frequenza e la durata delle visite, i tipi di transazioni effettuate, i documenti scaricati e altri siti web che potrebbero averti indirizzato o a cui ti sei collegato.  <\/p>\n<ol start=\"5\">\n<li><strong>COME UTILIZZEREMO I TUOI DATI<\/strong><\/li>\n<\/ol>\n<p>Possiamo utilizzare tali informazioni per uno o pi\u00f9 dei seguenti scopi:<\/p>\n<ul>\n<li>per fornirti i servizi che hai richiesto, compresa l&#8217;elaborazione delle transazioni.<\/li>\n<li>per confermare la tua identit\u00e0.<\/li>\n<li>per mantenere il tuo profilo personale; per gestire il tuo account.<\/li>\n<li>per contattarti quando necessario o opportuno in relazione ai servizi che ti vengono forniti.<\/li>\n<li>per tenerti aggiornato mentre sei un cliente in relazione a questioni quali i contratti stipulati e le attivit\u00e0 di Kudotrade.<\/li>\n<li>per gestire e amministrare i prodotti e i servizi forniti all&#8217;utente.<\/li>\n<li>per fornirti informazioni sui prodotti e servizi offerti da Kudotrade; per sviluppare una comprensione dei prodotti e servizi che potresti essere interessato ad ottenere da Kudotrade.<\/li>\n<li>per fornirti informazioni o opportunit\u00e0 che riteniamo possano essere rilevanti per te.<\/li>\n<li>per adattare il sito web o altri servizi che ti forniamo alle tue esigenze e ai tuoi interessi; e<\/li>\n<li>per creare dati statistici anonimizzati.<\/li>\n<\/ul>\n<p>Accettando i nostri termini, autorizzi l&#8217;utilizzo dei tuoi dati personali per gli scopi indicati. Acconsenti inoltre al trasferimento dei tuoi dati personali al di fuori delle Mauritius, se necessario per consentire a Kudotrade di adempiere ai propri impegni contrattuali nei tuoi confronti. \u00c8 importante notare che Kudotrade trasferisce i dati personali a organizzazioni al di fuori delle Mauritius solo dopo essersi assicurata che tali organizzazioni abbiano implementato controlli e misure adeguate per salvaguardare i tuoi dati personali.  <\/p>\n<ol start=\"6\">\n<li><strong>A CHI POSSIAMO DIVULGARE LE TUE INFORMAZIONI?  <\/strong><\/li>\n<\/ol>\n<p>Kudotrade pu\u00f2 avere la necessit\u00e0 di condividere i tuoi dati personali con le autorit\u00e0 di regolamentazione e governative quando richiesto. Inoltre, i tuoi dati personali potranno essere divulgati a; <\/p>\n<ul>\n<li>Istituti finanziari ed enti simili nell&#8217;ambito delle normali operazioni commerciali o su tua indicazione.<\/li>\n<li>Fornitori di servizi esterni e consulenti professionali, anche all&#8217;estero, che assistono Kudotrade.<\/li>\n<li>Organizzazioni da te richieste o persone che agiscono per tuo conto, come consulenti finanziari o rappresentanti legali.<\/li>\n<li>Terze parti coinvolte nell&#8217;elaborazione delle transazioni o nella fornitura dei servizi richiesti.<\/li>\n<li>Autorit\u00e0 alle quali Kudotrade \u00e8 legalmente obbligata a divulgare tali informazioni.<\/li>\n<li>\u00c8 importante notare che Kudotrade non vende n\u00e9 fornisce i tuoi dati personali a terzi per scopi di marketing.<\/li>\n<\/ul>\n<ol start=\"7\">\n<li><strong>AGGIORNA LE TUE INFORMAZIONI  <\/strong><\/li>\n<\/ol>\n<p>Puoi informare Kudotrade in qualsiasi momento che i tuoi dati personali sono cambiati o che desideri che Kudotrade cancelli le informazioni personali in nostro possesso inviandoci un&#8217;email a (email). Kudotrade modificher\u00e0 o canceller\u00e0 i tuoi dati personali in base alle tue istruzioni, tranne nel caso in cui sia necessario conservare i tuoi dati personali per scopi normativi o legali, per fornirti i servizi che hai richiesto o per mantenere un&#8217;adeguata documentazione aziendale. <\/p>\n<ol start=\"8\">\n<li><strong>LINK  <\/strong><\/li>\n<\/ol>\n<p>Quando utilizzi questo sito web o altri servizi che ti forniamo, potresti collegarti ad altri siti web. La presente Informativa sulla privacy non si applica a tali siti. Kudotrade ti invita a leggere le norme sulla privacy di tali siti.  <\/p>\n<ol start=\"9\">\n<li><strong>COOKIES<\/strong><\/li>\n<\/ol>\n<p>Kudotrade utilizza i cookie per raccogliere informazioni sull&#8217;utilizzo del sito web e di altri servizi forniti all&#8217;utente. I cookie, che consistono in piccole porzioni di dati con tag di identificazione univoci, vengono memorizzati sul tuo dispositivo quando utilizzi il nostro sito web o i nostri servizi. Questi cookie raccolgono dati statistici e informazioni sulle modalit\u00e0 di interazione con i nostri servizi. La maggior parte dei browser internet \u00e8 configurata per accettare i cookie. Tuttavia, se preferisci non ricevere i cookie, puoi regolare le impostazioni del tuo browser per rifiutarli o per ricevere notifiche ogni volta che un cookie viene inviato al tuo dispositivo. Tieni presente che questo potrebbe influire sulla qualit\u00e0 dei servizi che ti offriamo in relazione al tuo account.     <\/p>\n<ol start=\"10\">\n<li><strong>SICUREZZA  <\/strong><\/li>\n<\/ol>\n<p>Kudotrade attribuisce grande importanza alla sicurezza e aderisce alle migliori pratiche del settore per la sicurezza delle informazioni al fine di salvaguardare i tuoi dati personali e prevenire accessi non autorizzati. Queste misure comprendono la crittografia dei dati durante la trasmissione, l&#8217;implementazione di solidi metodi di autenticazione e la garanzia di un accesso sicuro alle macchine e ai dati. <\/p>\n<ol start=\"11\">\n<li><strong>QUALI SONO I TUOI DIRITTI?  <\/strong><\/li>\n<\/ol>\n<p>Non \u00e8 necessario che tu ci fornisca le informazioni personali richieste da Kudotrade. Tuttavia, in mancanza di tali informazioni, Kudotrade potrebbe non essere in grado di aprirti un conto, qualora le informazioni siano richieste in un modulo di domanda, o di fornirti altri servizi, informazioni o assistenza che hai richiesto. In caso di domande o reclami sulla tua privacy, ti invitiamo a contattarci. Se un reclamo non viene risolto da Kudotrade in modo soddisfacente, puoi presentare un reclamo all&#8217;Information Commissioner.   <\/p>\n<p>In base alla legislazione sulla protezione dei dati, l&#8217;utente ha il diritto (salvo alcune eccezioni) di ottenere copie di qualsiasi informazione personale che Kudotrade detiene su di lui e di informare Kudotrade di eventuali inesattezze.<\/p>\n<p>Se hai una richiesta, contattaci per ottenere un modulo di richiesta di accesso ai soggetti.<\/p>\n<p>Potremmo addebitare un costo nominale per coprire i costi di verifica della domanda e di reperimento, recupero, revisione e copia del materiale richiesto.<\/p>\n<ol start=\"12\">\n<li><strong>IL TUO CONSENSO  <\/strong><\/li>\n<\/ol>\n<p>Accedendo a questo sito web o ad altri servizi che ti forniamo, acconsenti alla raccolta, al mantenimento, all&#8217;utilizzo e alla divulgazione da parte di Kudotrade delle informazioni personali che ti riguardano e che ci sono state fornite da te o da un&#8217;altra persona come descritto sopra.<\/p>\n<ol start=\"13\">\n<li><strong>MODIFICHE A QUESTA POLITICA  <\/strong><\/li>\n<\/ol>\n<p>Kudotrade si riserva il diritto di aggiornare periodicamente la presente Informativa sulla privacy e sulla sicurezza per qualsiasi motivo. Eventuali modifiche saranno comunicate pubblicando una versione aggiornata dell&#8217;informativa su questo sito web. \u00c8 tua responsabilit\u00e0 rivedere regolarmente questa politica. Continuando a utilizzare questo sito web o qualsiasi altro servizio fornito dopo l&#8217;introduzione di eventuali modifiche, l&#8217;utente accetta tali modifiche.   <\/p>\n<p>&nbsp;<\/p>\n<p>&nbsp;<\/p>\n<p>&nbsp;<\/p>\n","protected":false},"excerpt":{"rendered":"<p>INFORMATIVA SULLA PRIVACY Kudo Trade (Mauritius) Ltd. si impegna a salvaguardare la riservatezza di tutti i dati personali che raccoglie dagli individui, siano essi ottenuti attraverso le visite al sito web o la fornitura di altri servizi. INFORMATIVA SULLA PRIVACY E SULLA SICUREZZA DI KUDO TRADE (MAURITIUS) LTD. Kudo Trade (Mauritius) Ltd. (&#8220;noi&#8221;, &#8220;ci&#8221; o [&hellip;]<\/p>\n","protected":false},"author":1,"featured_media":7635,"parent":0,"menu_order":0,"comment_status":"closed","ping_status":"open","template":"","meta":{"_acf_changed":false,"footnotes":""},"class_list":["post-12094","page","type-page","status-publish","has-post-thumbnail","hentry"],"acf":[],"yoast_head":"<!-- This site is optimized with the Yoast SEO plugin v26.7 - https:\/\/yoast.com\/wordpress\/plugins\/seo\/ -->\n<title>Informativa sulla privacy<\/title>\n<meta name=\"robots\" content=\"noindex, nofollow\" \/>\n<meta property=\"og:locale\" content=\"it_IT\" \/>\n<meta property=\"og:type\" content=\"article\" \/>\n<meta property=\"og:title\" content=\"Informativa sulla privacy\" \/>\n<meta property=\"og:description\" content=\"INFORMATIVA SULLA PRIVACY Kudo Trade (Mauritius) Ltd. si impegna a salvaguardare la riservatezza di tutti i dati personali che raccoglie dagli individui, siano essi ottenuti attraverso le visite al sito web o la fornitura di altri servizi. INFORMATIVA SULLA PRIVACY E SULLA SICUREZZA DI KUDO TRADE (MAURITIUS) LTD. Kudo Trade (Mauritius) Ltd. (&#8220;noi&#8221;, &#8220;ci&#8221; o [&hellip;]\" \/>\n<meta property=\"og:url\" content=\"https:\/\/www.kudotrade.com\/it\/informativa-sulla-privacy\/\" \/>\n<meta property=\"og:site_name\" content=\"Kudotrade\" \/>\n<meta property=\"og:image\" content=\"https:\/\/www.kudotrade.com\/wp-content\/uploads\/2024\/07\/kudotrade_K.png\" \/>\n\t<meta property=\"og:image:width\" content=\"500\" \/>\n\t<meta property=\"og:image:height\" content=\"500\" \/>\n\t<meta property=\"og:image:type\" content=\"image\/png\" \/>\n<meta name=\"twitter:card\" content=\"summary_large_image\" \/>\n<meta name=\"twitter:label1\" content=\"Tempo di lettura stimato\" \/>\n\t<meta name=\"twitter:data1\" content=\"7 minuti\" \/>\n<script type=\"application\/ld+json\" class=\"yoast-schema-graph\">{\"@context\":\"https:\/\/schema.org\",\"@graph\":[{\"@type\":\"WebPage\",\"@id\":\"https:\/\/www.kudotrade.com\/it\/informativa-sulla-privacy\/\",\"url\":\"https:\/\/www.kudotrade.com\/it\/informativa-sulla-privacy\/\",\"name\":\"Informativa sulla privacy\",\"isPartOf\":{\"@id\":\"https:\/\/www.kudotrade.com\/it\/#website\"},\"primaryImageOfPage\":{\"@id\":\"https:\/\/www.kudotrade.com\/it\/informativa-sulla-privacy\/#primaryimage\"},\"image\":{\"@id\":\"https:\/\/www.kudotrade.com\/it\/informativa-sulla-privacy\/#primaryimage\"},\"thumbnailUrl\":\"https:\/\/www.kudotrade.com\/wp-content\/uploads\/2024\/07\/kudotrade_K.png\",\"datePublished\":\"2024-04-18T12:13:21+00:00\",\"breadcrumb\":{\"@id\":\"https:\/\/www.kudotrade.com\/it\/informativa-sulla-privacy\/#breadcrumb\"},\"inLanguage\":\"it-IT\",\"potentialAction\":[{\"@type\":\"ReadAction\",\"target\":[\"https:\/\/www.kudotrade.com\/it\/informativa-sulla-privacy\/\"]}]},{\"@type\":\"ImageObject\",\"inLanguage\":\"it-IT\",\"@id\":\"https:\/\/www.kudotrade.com\/it\/informativa-sulla-privacy\/#primaryimage\",\"url\":\"https:\/\/www.kudotrade.com\/wp-content\/uploads\/2024\/07\/kudotrade_K.png\",\"contentUrl\":\"https:\/\/www.kudotrade.com\/wp-content\/uploads\/2024\/07\/kudotrade_K.png\",\"width\":500,\"height\":500},{\"@type\":\"BreadcrumbList\",\"@id\":\"https:\/\/www.kudotrade.com\/it\/informativa-sulla-privacy\/#breadcrumb\",\"itemListElement\":[{\"@type\":\"ListItem\",\"position\":1,\"name\":\"Home\",\"item\":\"https:\/\/www.kudotrade.com\/it\/\"},{\"@type\":\"ListItem\",\"position\":2,\"name\":\"Informativa sulla privacy\"}]},{\"@type\":\"WebSite\",\"@id\":\"https:\/\/www.kudotrade.com\/it\/#website\",\"url\":\"https:\/\/www.kudotrade.com\/it\/\",\"name\":\"Kudotrade\",\"description\":\"Elevate your trading success with the power of Kudotrade\",\"publisher\":{\"@id\":\"https:\/\/www.kudotrade.com\/it\/#organization\"},\"potentialAction\":[{\"@type\":\"SearchAction\",\"target\":{\"@type\":\"EntryPoint\",\"urlTemplate\":\"https:\/\/www.kudotrade.com\/it\/?s={search_term_string}\"},\"query-input\":{\"@type\":\"PropertyValueSpecification\",\"valueRequired\":true,\"valueName\":\"search_term_string\"}}],\"inLanguage\":\"it-IT\"},{\"@type\":\"Organization\",\"@id\":\"https:\/\/www.kudotrade.com\/it\/#organization\",\"name\":\"Kudotrade\",\"url\":\"https:\/\/www.kudotrade.com\/it\/\",\"logo\":{\"@type\":\"ImageObject\",\"inLanguage\":\"it-IT\",\"@id\":\"https:\/\/www.kudotrade.com\/it\/#\/schema\/logo\/image\/\",\"url\":\"https:\/\/www.kudotrade.com\/wp-content\/uploads\/2024\/07\/kudotrade_K.png\",\"contentUrl\":\"https:\/\/www.kudotrade.com\/wp-content\/uploads\/2024\/07\/kudotrade_K.png\",\"width\":500,\"height\":500,\"caption\":\"Kudotrade\"},\"image\":{\"@id\":\"https:\/\/www.kudotrade.com\/it\/#\/schema\/logo\/image\/\"},\"sameAs\":[\"https:\/\/www.linkedin.com\/company\/kudotrade\/?trk=similar-pages&originalSubdomain=lc\"]}]}<\/script>\n<!-- \/ Yoast SEO plugin. -->","yoast_head_json":{"title":"Informativa sulla privacy","robots":{"index":"noindex","follow":"nofollow"},"og_locale":"it_IT","og_type":"article","og_title":"Informativa sulla privacy","og_description":"INFORMATIVA SULLA PRIVACY Kudo Trade (Mauritius) Ltd. si impegna a salvaguardare la riservatezza di tutti i dati personali che raccoglie dagli individui, siano essi ottenuti attraverso le visite al sito web o la fornitura di altri servizi. INFORMATIVA SULLA PRIVACY E SULLA SICUREZZA DI KUDO TRADE (MAURITIUS) LTD. Kudo Trade (Mauritius) Ltd. (&#8220;noi&#8221;, &#8220;ci&#8221; o [&hellip;]","og_url":"https:\/\/www.kudotrade.com\/it\/informativa-sulla-privacy\/","og_site_name":"Kudotrade","og_image":[{"width":500,"height":500,"url":"https:\/\/www.kudotrade.com\/wp-content\/uploads\/2024\/07\/kudotrade_K.png","type":"image\/png"}],"twitter_card":"summary_large_image","twitter_misc":{"Tempo di lettura stimato":"7 minuti"},"schema":{"@context":"https:\/\/schema.org","@graph":[{"@type":"WebPage","@id":"https:\/\/www.kudotrade.com\/it\/informativa-sulla-privacy\/","url":"https:\/\/www.kudotrade.com\/it\/informativa-sulla-privacy\/","name":"Informativa sulla privacy","isPartOf":{"@id":"https:\/\/www.kudotrade.com\/it\/#website"},"primaryImageOfPage":{"@id":"https:\/\/www.kudotrade.com\/it\/informativa-sulla-privacy\/#primaryimage"},"image":{"@id":"https:\/\/www.kudotrade.com\/it\/informativa-sulla-privacy\/#primaryimage"},"thumbnailUrl":"https:\/\/www.kudotrade.com\/wp-content\/uploads\/2024\/07\/kudotrade_K.png","datePublished":"2024-04-18T12:13:21+00:00","breadcrumb":{"@id":"https:\/\/www.kudotrade.com\/it\/informativa-sulla-privacy\/#breadcrumb"},"inLanguage":"it-IT","potentialAction":[{"@type":"ReadAction","target":["https:\/\/www.kudotrade.com\/it\/informativa-sulla-privacy\/"]}]},{"@type":"ImageObject","inLanguage":"it-IT","@id":"https:\/\/www.kudotrade.com\/it\/informativa-sulla-privacy\/#primaryimage","url":"https:\/\/www.kudotrade.com\/wp-content\/uploads\/2024\/07\/kudotrade_K.png","contentUrl":"https:\/\/www.kudotrade.com\/wp-content\/uploads\/2024\/07\/kudotrade_K.png","width":500,"height":500},{"@type":"BreadcrumbList","@id":"https:\/\/www.kudotrade.com\/it\/informativa-sulla-privacy\/#breadcrumb","itemListElement":[{"@type":"ListItem","position":1,"name":"Home","item":"https:\/\/www.kudotrade.com\/it\/"},{"@type":"ListItem","position":2,"name":"Informativa sulla privacy"}]},{"@type":"WebSite","@id":"https:\/\/www.kudotrade.com\/it\/#website","url":"https:\/\/www.kudotrade.com\/it\/","name":"Kudotrade","description":"Elevate your trading success with the power of Kudotrade","publisher":{"@id":"https:\/\/www.kudotrade.com\/it\/#organization"},"potentialAction":[{"@type":"SearchAction","target":{"@type":"EntryPoint","urlTemplate":"https:\/\/www.kudotrade.com\/it\/?s={search_term_string}"},"query-input":{"@type":"PropertyValueSpecification","valueRequired":true,"valueName":"search_term_string"}}],"inLanguage":"it-IT"},{"@type":"Organization","@id":"https:\/\/www.kudotrade.com\/it\/#organization","name":"Kudotrade","url":"https:\/\/www.kudotrade.com\/it\/","logo":{"@type":"ImageObject","inLanguage":"it-IT","@id":"https:\/\/www.kudotrade.com\/it\/#\/schema\/logo\/image\/","url":"https:\/\/www.kudotrade.com\/wp-content\/uploads\/2024\/07\/kudotrade_K.png","contentUrl":"https:\/\/www.kudotrade.com\/wp-content\/uploads\/2024\/07\/kudotrade_K.png","width":500,"height":500,"caption":"Kudotrade"},"image":{"@id":"https:\/\/www.kudotrade.com\/it\/#\/schema\/logo\/image\/"},"sameAs":["https:\/\/www.linkedin.com\/company\/kudotrade\/?trk=similar-pages&originalSubdomain=lc"]}]}},"_links":{"self":[{"href":"https:\/\/www.kudotrade.com\/it\/wp-json\/wp\/v2\/pages\/12094","targetHints":{"allow":["GET"]}}],"collection":[{"href":"https:\/\/www.kudotrade.com\/it\/wp-json\/wp\/v2\/pages"}],"about":[{"href":"https:\/\/www.kudotrade.com\/it\/wp-json\/wp\/v2\/types\/page"}],"author":[{"embeddable":true,"href":"https:\/\/www.kudotrade.com\/it\/wp-json\/wp\/v2\/users\/1"}],"replies":[{"embeddable":true,"href":"https:\/\/www.kudotrade.com\/it\/wp-json\/wp\/v2\/comments?post=12094"}],"version-history":[{"count":0,"href":"https:\/\/www.kudotrade.com\/it\/wp-json\/wp\/v2\/pages\/12094\/revisions"}],"wp:featuredmedia":[{"embeddable":true,"href":"https:\/\/www.kudotrade.com\/it\/wp-json\/wp\/v2\/media\/7635"}],"wp:attachment":[{"href":"https:\/\/www.kudotrade.com\/it\/wp-json\/wp\/v2\/media?parent=12094"}],"curies":[{"name":"wp","href":"https:\/\/api.w.org\/{rel}","templated":true}]}}