{"id":14886,"date":"2025-11-27T16:46:41","date_gmt":"2025-11-27T16:46:41","guid":{"rendered":"https:\/\/www.kudotrade.com\/?page_id=14886"},"modified":"2025-11-28T08:14:01","modified_gmt":"2025-11-28T08:14:01","slug":"execution-policy","status":"publish","type":"page","link":"https:\/\/www.kudotrade.com\/fr\/execution-policy\/","title":{"rendered":"Execution Policy"},"content":{"rendered":"<h4>POLITIQUE D&rsquo;EX\u00c9CUTION<\/h4>\n<h5>1. INTRODUCTION<\/h5>\n<p>1.1. La pr\u00e9sente politique d&rsquo;ex\u00e9cution des ordres (\u00ab Politique \u00bb) est fournie par Kudo Trade (Mauritius) Ltd (\u00ab la Soci\u00e9t\u00e9 \u00bb).<\/p>\n<p>1.2. La pr\u00e9sente Politique donne un aper\u00e7u de la mani\u00e8re dont Kudo Trade (Mauritius) Ltd ex\u00e9cute les ordres pour le compte de ses Clients.<\/p>\n<h5>2. D\u00c9FINITIONS ET INTERPR\u00c9TATION<\/h5>\n<p>2.1. Dans la pr\u00e9sente politique, les mots et expressions suivants ont la signification suivante:<\/p>\n<ol type=\"a\">\n<li>\u00abBuy Limit\u00bb d\u00e9signe un ordre d&rsquo;achat de titres lorsque le cours atteint un niveau inf\u00e9rieur au cours actuel. Cet ordre est g\u00e9n\u00e9ralement pass\u00e9 dans l&rsquo;espoir que le cours du titre, apr\u00e8s avoir baiss\u00e9 jusqu&rsquo;\u00e0 un certain niveau, remontera.<\/li>\n<li>\u00abBuy Stop\u00bb d\u00e9signe un ordre d&rsquo;achat de titres lorsque le prix atteint un niveau sp\u00e9cifique, sup\u00e9rieur au prix actuel. G\u00e9n\u00e9ralement, cet ordre est pass\u00e9 dans l&rsquo;espoir que le prix du titre, apr\u00e8s avoir atteint un certain niveau, continuera d&rsquo;augmenter;<\/li>\n<li>\u00abContrat client\u00bb d\u00e9signe le contrat client conclu entre Kudo Trade (Mauritius) Ltd et le client. <\/li>\n<li>\u00abOrdre au march\u00e9\u00bb d\u00e9signe un ordre d&rsquo;achat ou de vente imm\u00e9diat au cours actuel;<\/li>\n<li>Le \u00abniveau de marge\u00bb est calcul\u00e9 \u00e0 partir de la formule (capitaux propres \/ marge x 100 %);<\/li>\n<li>\u00abOrdre en attente\u00bb d\u00e9signe l&rsquo;ex\u00e9cution d&rsquo;une transaction \u00e0 un prix sp\u00e9cifique, qui comprend les ordres d&rsquo;achat \u00e0 cours limit\u00e9, d&rsquo;achat stop, de vente \u00e0 cours limit\u00e9, de vente stop, de prise de b\u00e9n\u00e9fices et de stop loss;<\/li>\n<li>\u00abVente \u00e0 cours limit\u00e9\u00bb d\u00e9signe un ordre de vente de titres lorsque le prix atteint un niveau sup\u00e9rieur au prix actuel. G\u00e9n\u00e9ralement, cet ordre est pass\u00e9 dans l&rsquo;anticipation d&rsquo;une baisse du prix du titre apr\u00e8s avoir atteint un certain niveau;<\/li>\n<li>\u00abOrdre stop \u00e0 la vente\u00bb d\u00e9signe un ordre de vente de titres lorsque le prix atteint un niveau sp\u00e9cifique inf\u00e9rieur au prix actuel. G\u00e9n\u00e9ralement, cet ordre est pass\u00e9 dans l&rsquo;anticipation d&rsquo;une baisse continue du prix du titre apr\u00e8s avoir atteint un certain niveau;<\/li>\n<li>\u00abStop Loss\u00bb d\u00e9signe un ordre utilis\u00e9 pour minimiser les pertes si le prix des titres a commenc\u00e9 \u00e0 \u00e9voluer dans une direction non rentable. Si le prix du titre atteint ce niveau, la position sera automatiquement cl\u00f4tur\u00e9e;<\/li>\n<li>Le \u00abStop Out\u00bb se produit lorsque la valeur du niveau de marge tombe en dessous du niveau pr\u00e9vu dans la plateforme de trading, ce qui entra\u00eene la cl\u00f4ture forc\u00e9e des positions ouvertes sans pr\u00e9avis au client;<\/li>\n<li>Le \u00abTake Profit\u00bb d\u00e9signe un ordre destin\u00e9 \u00e0 r\u00e9aliser un profit lorsque le prix des titres a atteint un certain niveau. L&rsquo;ex\u00e9cution de cet ordre entra\u00eene la cl\u00f4ture de la position.<\/li>\n<\/ol>\n<p>2.2. La signification des mots et expressions qui ne sont pas d\u00e9finis dans la pr\u00e9sente Politique est celle qui leur est donn\u00e9e dans le Contrat client.<\/p>\n<h5>3. CONDITIONS G\u00c9N\u00c9RALES DE TRANSACTION<\/h5>\n<p>3.1. Le Client reconna\u00eet que l&rsquo;effet de levier pour les contrats \u00e0 terme sera r\u00e9duit de moiti\u00e9 \u00e0 la cl\u00f4ture du march\u00e9. <\/p>\n<p>3.2. Les ordres d&rsquo;achat \u00e0 cours limit\u00e9, de vente \u00e0 cours limit\u00e9 et de prise de b\u00e9n\u00e9fices sur les paires de devises et les CFD sont ex\u00e9cut\u00e9s au prix de n\u00e9gociation saisi par le client au premier prix disponible sur le march\u00e9.<\/p>\n<p>3.3. Les ordres d&rsquo;achat \u00e0 cours limit\u00e9, de vente \u00e0 cours limit\u00e9 et de stop loss sur les paires de devises et les CFD sont ex\u00e9cut\u00e9s au prix de n\u00e9gociation saisi par le client au premier prix disponible sur le march\u00e9. Dans le cas o\u00f9:<\/p>\n<ol type=\"a\">\n<li>il existe un \u00e9cart au moment de l&rsquo;ouverture et de la cl\u00f4ture des positions; et<\/li>\n<li>l&rsquo;ordre en attente saisi se situe dans cet \u00e9cart; l&rsquo;ordre sera ex\u00e9cut\u00e9 au premier cours disponible apr\u00e8s l&rsquo;\u00e9cart de prix.<\/li>\n<\/ol>\n<p>3.4. Le Client reconna\u00eet que les ordres Buy Stop, Sell Stop, Buy Limit et Sell Limit ne sont disponibles qu&rsquo;\u00e0 50 points au-dessus ou en dessous du prix actuel du march\u00e9 (uniquement pour certains types de comptes de trading).<\/p>\n<p>3.5.\tKudo Trade (Mauritius) Ltd se r\u00e9serve le droit de refuser l&rsquo;ex\u00e9cution d&rsquo;un ordre en cas d&rsquo;erreurs de transmission, de retard, de d\u00e9faillances techniques, de dysfonctionnements ou d&rsquo;interventions ill\u00e9gales sur la plateforme de trading ayant entra\u00een\u00e9 une erreur de prix ou de cotation des instruments financiers propos\u00e9s par Kudo Trade (Mauritius) Ltd.<\/p>\n<p>3.6. Le Client reconna\u00eet qu&rsquo;il n&rsquo;est pas possible de modifier ou d&rsquo;annuler un ordre une fois que le prix saisi a atteint le prix d&rsquo;ex\u00e9cution.<\/p>\n<p>3.7. Le client accepte et reconna\u00eet qu&rsquo;en cas de Stop Out, la cl\u00f4ture forc\u00e9e des positions ouvertes aura lieu sans pr\u00e9avis au client. Si un montant suppl\u00e9mentaire est d\u00fb sur le compte du client apr\u00e8s la cl\u00f4ture forc\u00e9e des positions ouvertes, le client s&rsquo;engage \u00e0 payer le solde d\u00fb \u00e0 Kudo Trade (Mauritius) Ltd.<\/p>\n<h5>4. POLITIQUE D&rsquo;EX\u00c9CUTION<\/h5>\n<p>4.1. Nous agissons en tant que mandant et non en tant qu&rsquo;agent pour le compte du client \u00e0 tout moment. Toutefois, nous nous r\u00e9servons le droit de transmettre les ordres des clients \u00e0 des fournisseurs de liquidit\u00e9 tiers pour ex\u00e9cution, Kudo Trade (Mauritius) Ltd \u00e9tant contractuellement la seule contrepartie de vos transactions et toute ex\u00e9cution d&rsquo;ordres \u00e9tant effectu\u00e9e au nom de Kudo Trade. Par cons\u00e9quent, Kudo Trade (Mauritius) Ltd est le seul lieu d&rsquo;ex\u00e9cution des ordres du client.<\/p>\n<p>4.2. Le Client reconna\u00eet que les transactions conclues avec Kudo Trade (Mauritius) Ltd<\/p>\n<ol type=\"a\">\n<li>ne sont pas effectu\u00e9es sur une bourse reconnue;<\/li>\n<li>sont des transactions de gr\u00e9 \u00e0 gr\u00e9 (\u00abOTC\u00bb);<\/li>\n<li>peuvent exposer le client \u00e0 des risques plus importants que ceux li\u00e9s aux bourses reconnues, tels que le risque de contrepartie d\u00e9coulant de l&rsquo;ex\u00e9cution en dehors d&rsquo;une plateforme de n\u00e9gociation.<\/li>\n<\/ol>\n<h5>5. INTERDICTION DE LA CHASSE AUX BONUS<\/h5>\n<p>5.1. Kudo Trade (Mauritius) Ltd interdit strictement tout acte ou omission commis par les clients:<\/p>\n<ol type=\"a\">\n<li>dans le seul but de recevoir ou de collecter les bonus de Kudo Trade (Mauritius) Ltd; et<\/li>\n<li>qui ont pour seul but de causer des pertes ou des dommages \u00e0 Kudo Trade (Mauritius) Ltd.<\/li>\n<\/ol>\n<p>5.2. Kudo Trade (Mauritius) Ltd se r\u00e9serve le droit de:<\/p>\n<ol type=\"a\">\n<li>retenir les fonds du Client;<\/li>\n<li>retenir le bonus du client;<\/li>\n<li>annuler le bonus du client; ou<\/li>\n<li>imposer une p\u00e9nalit\u00e9 de 5 % sur le d\u00e9p\u00f4t du client;<\/li>\n<\/ol>\n<p>si Kudo Trade (Mauritius) Ltd estime que le client se livre, s&rsquo;est livr\u00e9 ou est soup\u00e7onn\u00e9 de se livrer \u00e0 la chasse aux bonus.<\/p>\n<p>5.3. Les actions suivantes seront consid\u00e9r\u00e9es comme de la chasse aux bonus:<\/p>\n<ol type=\"a\">\n<li>si le Client cl\u00f4ture syst\u00e9matiquement des positions avec un profit inf\u00e9rieur \u00e0 10 points et dispose toujours d&rsquo;un bonus sans condition de chiffre d&rsquo;affaires; et\/ou<\/li>\n<li>si le Client ouvre syst\u00e9matiquement des positions oppos\u00e9es et dispose ainsi d&rsquo;un bonus sans condition de chiffre d&rsquo;affaires.<\/li>\n<\/ol>\n<p>Kudo Trade (Mauritius) Ltd se r\u00e9serve le droit d&rsquo;appliquer d&rsquo;autres algorithmes ou d&rsquo;autres m\u00e9thodes pour identifier la chasse aux bonus qui ne sont pas d\u00e9crits dans la pr\u00e9sente politique. <\/p>\n<p>5.4. Le Client accepte que, dans le cas o\u00f9 plusieurs comptes seraient enregistr\u00e9s \u00e0 son nom, le bonus ne soit cr\u00e9dit\u00e9 que sur le compte sur lequel il a effectu\u00e9 son premier d\u00e9p\u00f4t.<\/p>\n<p>5.5. Le Client reconna\u00eet que le montant de son bonus sans condition de mise sera r\u00e9duit proportionnellement au montant des retraits effectu\u00e9s sur le montant du d\u00e9p\u00f4t initial.<\/p>\n<h5>6. MODIFICATIONS<\/h5>\n<p>6.1.\tLe Client reconna\u00eet que Kudo Trade (Mauritius) Ltd se r\u00e9serve le droit de modifier ou de mettre \u00e0 jour la pr\u00e9sente Politique \u00e0 tout moment sans pr\u00e9avis au Client. Les modifications apport\u00e9es \u00e0 la Politique entreront en vigueur imm\u00e9diatement et seront juridiquement contraignantes pour le Client d\u00e8s leur publication sur le site web de Kudo Trade (Mauritius) Ltd. Le Client s&rsquo;engage \u00e0 consulter r\u00e9guli\u00e8rement la pr\u00e9sente Politique sur le site web de Kudo Trade (Mauritius) Ltd.<\/p>\n<p>6.2. La langue officielle de la pr\u00e9sente Politique est l&rsquo;anglais. Kudo Trade (Mauritius) Ltd peut fournir la pr\u00e9sente Politique dans d&rsquo;autres langues \u00e0 titre informatif uniquement et en cas d&rsquo;incoh\u00e9rence ou de divergence entre la version anglaise de la pr\u00e9sente Politique et toute autre version linguistique, la version anglaise pr\u00e9vaudra.<\/p>\n","protected":false},"excerpt":{"rendered":"<p>POLITIQUE D&rsquo;EX\u00c9CUTION 1. INTRODUCTION 1.1. La pr\u00e9sente politique d&rsquo;ex\u00e9cution des ordres (\u00ab Politique \u00bb) est fournie par Kudo Trade (Mauritius) Ltd (\u00ab la Soci\u00e9t\u00e9 \u00bb). 1.2. La pr\u00e9sente Politique donne un aper\u00e7u de la mani\u00e8re dont Kudo Trade (Mauritius) Ltd ex\u00e9cute les ordres pour le compte de ses Clients. 2. D\u00c9FINITIONS ET INTERPR\u00c9TATION 2.1. Dans [&hellip;]<\/p>\n","protected":false},"author":22,"featured_media":0,"parent":0,"menu_order":0,"comment_status":"closed","ping_status":"closed","template":"","meta":{"_acf_changed":false,"footnotes":""},"class_list":["post-14886","page","type-page","status-publish","hentry"],"acf":[],"yoast_head":"<!-- This site is optimized with the Yoast SEO plugin v26.7 - https:\/\/yoast.com\/wordpress\/plugins\/seo\/ -->\n<title>Execution Policy<\/title>\n<meta name=\"robots\" content=\"index, follow, max-snippet:-1, max-image-preview:large, max-video-preview:-1\" \/>\n<link rel=\"canonical\" href=\"https:\/\/www.kudotrade.com\/fr\/execution-policy\/\" \/>\n<meta property=\"og:locale\" content=\"fr_FR\" \/>\n<meta property=\"og:type\" content=\"article\" \/>\n<meta property=\"og:title\" content=\"Execution Policy\" \/>\n<meta property=\"og:description\" content=\"POLITIQUE D&rsquo;EX\u00c9CUTION 1. INTRODUCTION 1.1. La pr\u00e9sente politique d&rsquo;ex\u00e9cution des ordres (\u00ab Politique \u00bb) est fournie par Kudo Trade (Mauritius) Ltd (\u00ab la Soci\u00e9t\u00e9 \u00bb). 1.2. La pr\u00e9sente Politique donne un aper\u00e7u de la mani\u00e8re dont Kudo Trade (Mauritius) Ltd ex\u00e9cute les ordres pour le compte de ses Clients. 2. D\u00c9FINITIONS ET INTERPR\u00c9TATION 2.1. Dans [&hellip;]\" \/>\n<meta property=\"og:url\" content=\"https:\/\/www.kudotrade.com\/fr\/execution-policy\/\" \/>\n<meta property=\"og:site_name\" content=\"Kudotrade\" \/>\n<meta property=\"article:modified_time\" content=\"2025-11-28T08:14:01+00:00\" \/>\n<meta property=\"og:image\" content=\"https:\/\/www.kudotrade.com\/wp-content\/uploads\/2024\/07\/kudotrade_K.png\" \/>\n\t<meta property=\"og:image:width\" content=\"500\" \/>\n\t<meta property=\"og:image:height\" content=\"500\" \/>\n\t<meta property=\"og:image:type\" content=\"image\/png\" \/>\n<meta name=\"twitter:card\" content=\"summary_large_image\" \/>\n<script type=\"application\/ld+json\" class=\"yoast-schema-graph\">{\"@context\":\"https:\/\/schema.org\",\"@graph\":[{\"@type\":\"WebPage\",\"@id\":\"https:\/\/www.kudotrade.com\/fr\/execution-policy\/\",\"url\":\"https:\/\/www.kudotrade.com\/fr\/execution-policy\/\",\"name\":\"Execution Policy\",\"isPartOf\":{\"@id\":\"https:\/\/www.kudotrade.com\/fr\/#website\"},\"datePublished\":\"2025-11-27T16:46:41+00:00\",\"dateModified\":\"2025-11-28T08:14:01+00:00\",\"breadcrumb\":{\"@id\":\"https:\/\/www.kudotrade.com\/fr\/execution-policy\/#breadcrumb\"},\"inLanguage\":\"fr-FR\",\"potentialAction\":[{\"@type\":\"ReadAction\",\"target\":[\"https:\/\/www.kudotrade.com\/fr\/execution-policy\/\"]}]},{\"@type\":\"BreadcrumbList\",\"@id\":\"https:\/\/www.kudotrade.com\/fr\/execution-policy\/#breadcrumb\",\"itemListElement\":[{\"@type\":\"ListItem\",\"position\":1,\"name\":\"Home\",\"item\":\"https:\/\/www.kudotrade.com\/fr\/\"},{\"@type\":\"ListItem\",\"position\":2,\"name\":\"Execution Policy\"}]},{\"@type\":\"WebSite\",\"@id\":\"https:\/\/www.kudotrade.com\/fr\/#website\",\"url\":\"https:\/\/www.kudotrade.com\/fr\/\",\"name\":\"Kudotrade\",\"description\":\"Elevate your trading success with the power of Kudotrade\",\"publisher\":{\"@id\":\"https:\/\/www.kudotrade.com\/fr\/#organization\"},\"potentialAction\":[{\"@type\":\"SearchAction\",\"target\":{\"@type\":\"EntryPoint\",\"urlTemplate\":\"https:\/\/www.kudotrade.com\/fr\/?s={search_term_string}\"},\"query-input\":{\"@type\":\"PropertyValueSpecification\",\"valueRequired\":true,\"valueName\":\"search_term_string\"}}],\"inLanguage\":\"fr-FR\"},{\"@type\":\"Organization\",\"@id\":\"https:\/\/www.kudotrade.com\/fr\/#organization\",\"name\":\"Kudotrade\",\"url\":\"https:\/\/www.kudotrade.com\/fr\/\",\"logo\":{\"@type\":\"ImageObject\",\"inLanguage\":\"fr-FR\",\"@id\":\"https:\/\/www.kudotrade.com\/fr\/#\/schema\/logo\/image\/\",\"url\":\"https:\/\/www.kudotrade.com\/wp-content\/uploads\/2024\/07\/kudotrade_K.png\",\"contentUrl\":\"https:\/\/www.kudotrade.com\/wp-content\/uploads\/2024\/07\/kudotrade_K.png\",\"width\":500,\"height\":500,\"caption\":\"Kudotrade\"},\"image\":{\"@id\":\"https:\/\/www.kudotrade.com\/fr\/#\/schema\/logo\/image\/\"},\"sameAs\":[\"https:\/\/www.linkedin.com\/company\/kudotrade\/?trk=similar-pages&originalSubdomain=lc\"]}]}<\/script>\n<!-- \/ Yoast SEO plugin. -->","yoast_head_json":{"title":"Execution Policy","robots":{"index":"index","follow":"follow","max-snippet":"max-snippet:-1","max-image-preview":"max-image-preview:large","max-video-preview":"max-video-preview:-1"},"canonical":"https:\/\/www.kudotrade.com\/fr\/execution-policy\/","og_locale":"fr_FR","og_type":"article","og_title":"Execution Policy","og_description":"POLITIQUE D&rsquo;EX\u00c9CUTION 1. INTRODUCTION 1.1. La pr\u00e9sente politique d&rsquo;ex\u00e9cution des ordres (\u00ab Politique \u00bb) est fournie par Kudo Trade (Mauritius) Ltd (\u00ab la Soci\u00e9t\u00e9 \u00bb). 1.2. La pr\u00e9sente Politique donne un aper\u00e7u de la mani\u00e8re dont Kudo Trade (Mauritius) Ltd ex\u00e9cute les ordres pour le compte de ses Clients. 2. D\u00c9FINITIONS ET INTERPR\u00c9TATION 2.1. Dans [&hellip;]","og_url":"https:\/\/www.kudotrade.com\/fr\/execution-policy\/","og_site_name":"Kudotrade","article_modified_time":"2025-11-28T08:14:01+00:00","og_image":[{"width":500,"height":500,"url":"https:\/\/www.kudotrade.com\/wp-content\/uploads\/2024\/07\/kudotrade_K.png","type":"image\/png"}],"twitter_card":"summary_large_image","schema":{"@context":"https:\/\/schema.org","@graph":[{"@type":"WebPage","@id":"https:\/\/www.kudotrade.com\/fr\/execution-policy\/","url":"https:\/\/www.kudotrade.com\/fr\/execution-policy\/","name":"Execution Policy","isPartOf":{"@id":"https:\/\/www.kudotrade.com\/fr\/#website"},"datePublished":"2025-11-27T16:46:41+00:00","dateModified":"2025-11-28T08:14:01+00:00","breadcrumb":{"@id":"https:\/\/www.kudotrade.com\/fr\/execution-policy\/#breadcrumb"},"inLanguage":"fr-FR","potentialAction":[{"@type":"ReadAction","target":["https:\/\/www.kudotrade.com\/fr\/execution-policy\/"]}]},{"@type":"BreadcrumbList","@id":"https:\/\/www.kudotrade.com\/fr\/execution-policy\/#breadcrumb","itemListElement":[{"@type":"ListItem","position":1,"name":"Home","item":"https:\/\/www.kudotrade.com\/fr\/"},{"@type":"ListItem","position":2,"name":"Execution Policy"}]},{"@type":"WebSite","@id":"https:\/\/www.kudotrade.com\/fr\/#website","url":"https:\/\/www.kudotrade.com\/fr\/","name":"Kudotrade","description":"Elevate your trading success with the power of Kudotrade","publisher":{"@id":"https:\/\/www.kudotrade.com\/fr\/#organization"},"potentialAction":[{"@type":"SearchAction","target":{"@type":"EntryPoint","urlTemplate":"https:\/\/www.kudotrade.com\/fr\/?s={search_term_string}"},"query-input":{"@type":"PropertyValueSpecification","valueRequired":true,"valueName":"search_term_string"}}],"inLanguage":"fr-FR"},{"@type":"Organization","@id":"https:\/\/www.kudotrade.com\/fr\/#organization","name":"Kudotrade","url":"https:\/\/www.kudotrade.com\/fr\/","logo":{"@type":"ImageObject","inLanguage":"fr-FR","@id":"https:\/\/www.kudotrade.com\/fr\/#\/schema\/logo\/image\/","url":"https:\/\/www.kudotrade.com\/wp-content\/uploads\/2024\/07\/kudotrade_K.png","contentUrl":"https:\/\/www.kudotrade.com\/wp-content\/uploads\/2024\/07\/kudotrade_K.png","width":500,"height":500,"caption":"Kudotrade"},"image":{"@id":"https:\/\/www.kudotrade.com\/fr\/#\/schema\/logo\/image\/"},"sameAs":["https:\/\/www.linkedin.com\/company\/kudotrade\/?trk=similar-pages&originalSubdomain=lc"]}]}},"_links":{"self":[{"href":"https:\/\/www.kudotrade.com\/fr\/wp-json\/wp\/v2\/pages\/14886","targetHints":{"allow":["GET"]}}],"collection":[{"href":"https:\/\/www.kudotrade.com\/fr\/wp-json\/wp\/v2\/pages"}],"about":[{"href":"https:\/\/www.kudotrade.com\/fr\/wp-json\/wp\/v2\/types\/page"}],"author":[{"embeddable":true,"href":"https:\/\/www.kudotrade.com\/fr\/wp-json\/wp\/v2\/users\/22"}],"replies":[{"embeddable":true,"href":"https:\/\/www.kudotrade.com\/fr\/wp-json\/wp\/v2\/comments?post=14886"}],"version-history":[{"count":1,"href":"https:\/\/www.kudotrade.com\/fr\/wp-json\/wp\/v2\/pages\/14886\/revisions"}],"predecessor-version":[{"id":14887,"href":"https:\/\/www.kudotrade.com\/fr\/wp-json\/wp\/v2\/pages\/14886\/revisions\/14887"}],"wp:attachment":[{"href":"https:\/\/www.kudotrade.com\/fr\/wp-json\/wp\/v2\/media?parent=14886"}],"curies":[{"name":"wp","href":"https:\/\/api.w.org\/{rel}","templated":true}]}}