{"id":12096,"date":"2024-05-01T19:14:50","date_gmt":"2024-05-01T19:14:50","guid":{"rendered":"https:\/\/www.kudotrade.com\/politique-de-lutte-contre-le-blanchiment-dargent\/"},"modified":"2025-04-22T11:04:56","modified_gmt":"2025-04-22T11:04:56","slug":"politique-de-lutte-contre-le-blanchiment-dargent","status":"publish","type":"page","link":"https:\/\/www.kudotrade.com\/fr\/politique-de-lutte-contre-le-blanchiment-dargent\/","title":{"rendered":"Politique de lutte contre le blanchiment d&rsquo;argent"},"content":{"rendered":"<h4>POLITIQUE DE L&rsquo;AML POUR KUDOTRADE<\/h4>\n<p class=\"p3\">Kudotrade s&rsquo;engage \u00e0 respecter les normes les plus strictes en mati\u00e8re de conformit\u00e9 avec les r\u00e9glementations relatives \u00e0 la lutte contre le blanchiment d&rsquo;argent (AML) et le financement du terrorisme (CTF). Dans le cadre des efforts d\u00e9ploy\u00e9s par le gouvernement pour lutter contre le financement du terrorisme et le blanchiment d&rsquo;argent, la l\u00e9gislation exige que toutes les institutions financi\u00e8res recueillent, v\u00e9rifient et documentent les informations d&rsquo;identification des personnes qui ouvrent un compte.<\/p>\n<p class=\"p3\">Le blanchiment d&rsquo;argent d\u00e9signe le processus consistant \u00e0 transformer des fonds provenant d&rsquo;activit\u00e9s ill\u00e9gales, telles que la fraude, la corruption ou le terrorisme, en diff\u00e9rents fonds ou investissements qui semblent l\u00e9gitimes, dans le but de dissimuler ou de d\u00e9former l&rsquo;origine r\u00e9elle des fonds.<\/p>\n<p class=\"p3\">Le processus de blanchiment d&rsquo;argent peut \u00eatre divis\u00e9 en trois \u00e9tapes s\u00e9quentielles :<\/p>\n<ul class=\"ul1\">\n<li class=\"li4\"><b>Placement &#8211; <\/b>Au cours de la phase de placement, les fonds illicites sont convertis en divers instruments financiers tels que des ch\u00e8ques, des comptes bancaires ou des transferts d&rsquo;argent. Ils peuvent \u00e9galement \u00eatre utilis\u00e9s pour acheter des biens de grande valeur qui pourront \u00eatre revendus par la suite. Une autre m\u00e9thode consiste \u00e0 d\u00e9poser physiquement les fonds dans des banques ou des entit\u00e9s non bancaires comme les services de change. Pour \u00e9viter d&rsquo;\u00eatre d\u00e9tect\u00e9, le blanchisseur peut opter pour plusieurs petits d\u00e9p\u00f4ts au lieu d&rsquo;un seul gros ; cette tactique est connue sous le nom de \u00ab\u00a0schtroumpfage\u00a0\u00bb.<\/li>\n<li class=\"li4\"><b>Superposition. <\/b>L&rsquo;argent est transf\u00e9r\u00e9 ou d\u00e9plac\u00e9 sur diff\u00e9rents comptes et instruments financiers afin de dissimuler son origine et d&rsquo;obscurcir l&rsquo;identit\u00e9 de l&rsquo;entit\u00e9 \u00e0 l&rsquo;origine des multiples transactions financi\u00e8res. En d\u00e9pla\u00e7ant les fonds et en modifiant leur forme, le processus devient complexe, ce qui entrave les efforts de tra\u00e7age de l&rsquo;argent blanchi.<\/li>\n<li class=\"li3\"><b>Int\u00e9gration<\/b>. Les fonds sont remis en circulation et peuvent l\u00e9gitimement servir \u00e0 l&rsquo;achat de biens et de services.<\/li>\n<\/ul>\n<p class=\"p3\">Kudotrade respecte les principes de la lutte contre le blanchiment d&rsquo;argent et contrecarre de mani\u00e8re proactive toute tentative ou facilitation de l\u00e9gitimation de fonds obtenus ill\u00e9galement. Notre politique de lutte contre le blanchiment d&rsquo;argent vise \u00e0 emp\u00eacher les criminels d&rsquo;utiliser nos services \u00e0 des fins de blanchiment d&rsquo;argent, de financement du terrorisme ou de toute autre activit\u00e9 illicite.<\/p>\n<p class=\"p3\">Pour lutter contre le blanchiment d&rsquo;argent, Kudotrade interdit strictement l&rsquo;acceptation et le versement d&rsquo;argent liquide dans toutes les situations. La soci\u00e9t\u00e9 se r\u00e9serve le droit de suspendre les activit\u00e9s de tout client jug\u00e9es ill\u00e9gales ou potentiellement li\u00e9es au blanchiment d&rsquo;argent, selon l&rsquo;appr\u00e9ciation de notre personnel.<\/p>\n<p class=\"p3\"><b>Proc\u00e9dures de l&rsquo;entreprise <\/b><\/p>\n<p class=\"p3\">Kudotrade s&rsquo;assure de v\u00e9rifier l&rsquo;identit\u00e9 des personnes physiques ou morales avec lesquelles elle s&rsquo;engage. En outre, l&rsquo;entreprise adh\u00e8re \u00e0 toutes les mesures n\u00e9cessaires prescrites par les lois et r\u00e9glementations pertinentes \u00e9mises par les autorit\u00e9s mon\u00e9taires. La mise en \u0153uvre de la politique de lutte contre le blanchiment d&rsquo;argent au sein de Kudotrade est assur\u00e9e par les proc\u00e9dures suivantes :<\/p>\n<ul class=\"ul1\">\n<li class=\"li6\">Connaissance du client (KYC) et diligence raisonnable<\/li>\n<li class=\"li6\">Suivi de l&rsquo;activit\u00e9 des clients<\/li>\n<li class=\"li3\">Tenue de registres<\/li>\n<\/ul>\n<p class=\"p3\"><b>Conna\u00eetre son client et faire preuve de diligence raisonnable <\/b><\/p>\n<p class=\"p3\">En raison de l&rsquo;attachement de la soci\u00e9t\u00e9 aux politiques AML et KYC, chaque client doit \u00eatre soumis \u00e0 un processus de v\u00e9rification. Avant de commencer \u00e0 traiter avec un client, Kudotrade s&rsquo;assure qu&rsquo;il fournit des preuves suffisantes pour v\u00e9rifier son identit\u00e9 ou met en \u0153uvre des mesures alternatives pour obtenir ces preuves de mani\u00e8re satisfaisante. En outre, la soci\u00e9t\u00e9 applique une surveillance accrue aux clients r\u00e9sidant dans des pays identifi\u00e9s par des sources cr\u00e9dibles comme ayant des normes insuffisantes en mati\u00e8re de lutte contre le blanchiment d&rsquo;argent ou pr\u00e9sentant un risque \u00e9lev\u00e9 de criminalit\u00e9 et de corruption, ainsi qu&rsquo;aux b\u00e9n\u00e9ficiaires effectifs r\u00e9sidant dans ces pays et s&rsquo;y procurant des fonds.<\/p>\n<p class=\"p3\"><b>Clients individuels <\/b><\/p>\n<p class=\"p3\">Dans le cadre de la proc\u00e9dure d&rsquo;enregistrement, chaque client fournit des informations personnelles, notamment son nom complet, sa date de naissance, son pays d&rsquo;origine et son adresse r\u00e9sidentielle compl\u00e8te. Pour v\u00e9rifier ces informations, les documents suivants sont n\u00e9cessaires : les clients sont tenus de soumettre les documents suivants. Si les documents sont r\u00e9dig\u00e9s en caract\u00e8res non latins, une traduction notari\u00e9e en anglais est requise pour \u00e9viter tout retard dans le processus de v\u00e9rification. Cette proc\u00e9dure vise \u00e0 respecter les exigences en mati\u00e8re de connaissance du client et \u00e0 authentifier les informations fournies.<\/p>\n<p class=\"p3\">Consultez la liste des documents requis ci-dessous ;<\/p>\n<p>Pour utiliser cette plateforme, il est obligatoire que le client ait 18 ans ou plus<\/p>\n<ul class=\"ul1\">\n<li class=\"li7\">Passeport en cours de validit\u00e9 (montrant la premi\u00e8re page du passeport local ou international, o\u00f9 la photo et la signature sont clairement visibles) ;<\/li>\n<li class=\"li7\">Permis de conduire comportant une photographie ; ou \u25cf Carte d&rsquo;identit\u00e9 nationale (montrant les pages recto et verso) ;<\/li>\n<li class=\"li7\">Documents prouvant l&rsquo;adresse permanente actuelle (tels que factures de services publics, relev\u00e9s bancaires, etc.) contenant le nom complet du client et son lieu de r\u00e9sidence. Ces documents ne doivent pas dater de plus de trois mois \u00e0 compter de la date de d\u00e9p\u00f4t de la demande. Passeport en cours de validit\u00e9 (montrant la premi\u00e8re page du passeport local ou international, o\u00f9 la photo et la signature sont clairement visibles) ;<\/li>\n<li class=\"li7\">Permis de conduire avec photographie ;<\/li>\n<li class=\"li3\">Carte d&rsquo;identit\u00e9 nationale (recto et verso) ; et<\/li>\n<li class=\"li3\">Documents prouvant l&rsquo;adresse permanente actuelle (tels que factures de services publics, relev\u00e9s bancaires, etc.) contenant le nom complet du client et son lieu de r\u00e9sidence. Ces documents ne doivent pas dater de plus de trois mois \u00e0 compter de la date de d\u00e9p\u00f4t de la demande.<\/li>\n<\/ul>\n<p class=\"p3\"><b>Entreprises clientes <\/b><\/p>\n<p class=\"p3\">Si la soci\u00e9t\u00e9 candidate est cot\u00e9e sur une bourse reconnue ou approuv\u00e9e, ou s&rsquo;il existe des preuves ind\u00e9pendantes d\u00e9montrant qu&rsquo;elle est une filiale \u00e0 100 % ou qu&rsquo;elle est sous le contr\u00f4le d&rsquo;une telle soci\u00e9t\u00e9, des \u00e9tapes suppl\u00e9mentaires de v\u00e9rification de l&rsquo;identit\u00e9 sont g\u00e9n\u00e9ralement inutiles. Toutefois, si la soci\u00e9t\u00e9 n&rsquo;est pas cot\u00e9e en bourse et qu&rsquo;aucun des principaux directeurs ou actionnaires ne d\u00e9tient actuellement un compte chez Kudotrade, les documents suivants doivent \u00eatre soumis :<\/p>\n<ul class=\"ul1\">\n<li class=\"li4\">Certificat de constitution ou tout autre document national \u00e9quivalent ;<\/li>\n<li class=\"li4\">Acte constitutif et statuts et d\u00e9claration statutaire ou tout \u00e9quivalent national ;<\/li>\n<li class=\"li4\">Certificat de bonne r\u00e9putation ou autre preuve de l&rsquo;adresse du si\u00e8ge social de l&rsquo;entreprise ;<\/li>\n<li class=\"li4\">R\u00e9solution du conseil d&rsquo;administration d&rsquo;ouvrir un compte et de conf\u00e9rer des pouvoirs \u00e0 ceux qui le g\u00e8rent ;<\/li>\n<li class=\"li4\">Copie des procurations ou autres autorisations donn\u00e9es par les administrateurs en relation avec la soci\u00e9t\u00e9 ;<\/li>\n<li class=\"li4\">La preuve de l&rsquo;identit\u00e9 des administrateurs au cas o\u00f9 ils traiteraient avec Kudotrade au nom du client (conform\u00e9ment aux r\u00e8gles de v\u00e9rification de l&rsquo;identit\u00e9 individuelle d\u00e9crites ci-dessus) ;<\/li>\n<li class=\"li3\">Preuve de l&rsquo;identit\u00e9 du\/des b\u00e9n\u00e9ficiaire(s) effectif(s) et\/ou de la\/des personne(s) sur les instructions de laquelle\/desquelles les signataires du compte sont habilit\u00e9s \u00e0 agir (conform\u00e9ment aux r\u00e8gles de v\u00e9rification de l&rsquo;identit\u00e9 des personnes d\u00e9crites ci-dessus).<\/li>\n<\/ul>\n<p class=\"p3\"><b>Suivi de l&rsquo;activit\u00e9 des clients <\/b><\/p>\n<p class=\"p3\">Outre la collecte initiale d&rsquo;informations sur les clients, Kudotrade surveille en permanence l&rsquo;activit\u00e9 de chaque client afin de d\u00e9tecter et d&#8217;emp\u00eacher toute transaction potentiellement suspecte. Une transaction suspecte est d\u00e9finie comme une transaction qui s&rsquo;\u00e9carte des activit\u00e9s commerciales l\u00e9gitimes du client ou de ses sch\u00e9mas de transaction typiques, tels qu&rsquo;ils ont \u00e9t\u00e9 observ\u00e9s par la surveillance de l&rsquo;activit\u00e9 du client. Kudotrade a mis en place un syst\u00e8me de surveillance de ces transactions, en recourant \u00e0 des processus automatiques et, si n\u00e9cessaire, manuels, afin d&#8217;emp\u00eacher l&rsquo;utilisation des services de la soci\u00e9t\u00e9 par des criminels.<\/p>\n<p class=\"p3\"><b>Tenue de registres <\/b><\/p>\n<p class=\"p3\">Toutes les donn\u00e9es relatives aux transactions, les informations li\u00e9es \u00e0 l&rsquo;identification et les documents concernant le blanchiment de capitaux, tels que les dossiers documentant les d\u00e9clarations d&rsquo;activit\u00e9s suspectes et la surveillance des comptes AML, doivent \u00eatre m\u00e9ticuleusement enregistr\u00e9s et conserv\u00e9s. Ces dossiers sont conserv\u00e9s pendant au moins sept ans apr\u00e8s la cl\u00f4ture du compte.<\/p>\n<p class=\"p3\"><b>Conditions de d\u00e9p\u00f4t et de retrait <\/b><\/p>\n<p class=\"p3\">Tous les d\u00e9p\u00f4ts et retraits sur les comptes de trading d\u00e9tenus par Kudotrade suivent les exigences strictes suivantes :<\/p>\n<ul class=\"ul1\">\n<li class=\"li7\">En raison des lois AML \/ CTF, Kudotrade ne peut pas recevoir ou d\u00e9poser des fonds \u00e0 des tiers.<\/li>\n<li class=\"li7\">Les fonds envoy\u00e9s \u00e0 Kudotrade doivent provenir d&rsquo;un compte bancaire, d&rsquo;une carte de cr\u00e9dit\/d\u00e9bit ou d&rsquo;une m\u00e9thode de paiement alternative (Skrill, China Union Pay, Neteller, Fasapay ou autres) sous le m\u00eame nom que le nom du compte commercial avec Kudotrade.<\/li>\n<li class=\"li7\">Tous les fonds retir\u00e9s d&rsquo;un compte de trading doivent \u00eatre vers\u00e9s sur un compte bancaire, une carte de cr\u00e9dit\/d\u00e9bit ou une m\u00e9thode de paiement alternative (Skrill, China Union Pay, Neteller, Fasapay ou autres) sous le m\u00eame nom que celui du compte de trading avec Kudotrade.<\/li>\n<li class=\"li3\">Toutes les demandes de retrait sont trait\u00e9es selon le principe du <b>premier entr\u00e9, premier sorti (FIFO)<\/b>, en fonction de la source de financement \u00e0 l&rsquo;origine. Par exemple, un d\u00e9p\u00f4t est effectu\u00e9 par carte de d\u00e9bit\/cr\u00e9dit, puis une demande de retrait est re\u00e7ue. Le montant des fonds renvoy\u00e9s \u00e0 la carte de d\u00e9bit\/cr\u00e9dit concern\u00e9e, lorsqu&rsquo;une demande de retrait est re\u00e7ue, ne peut exc\u00e9der le montant initial d\u00e9pos\u00e9. Tous les profits r\u00e9alis\u00e9s au-del\u00e0 du montant d\u00e9pos\u00e9 seront transf\u00e9r\u00e9s sur un compte bancaire d\u00e9sign\u00e9, qui doit \u00eatre d\u00e9tenu au m\u00eame nom que votre compte de trading.<\/li>\n<\/ul>\n<p class=\"p3\">Exemples :<\/p>\n<ul class=\"ul1\">\n<li class=\"li4\">Vous avez d\u00e9pos\u00e9 100 $ par carte de cr\u00e9dit et r\u00e9alis\u00e9 un b\u00e9n\u00e9fice de 1 000 $. En demandant un retrait de 1 000 $, vous recevrez 100 $ sur votre carte de cr\u00e9dit et le reste, 900 $, sur votre compte bancaire.<\/li>\n<li class=\"li4\">Vous avez d\u00e9pos\u00e9 100 $ via Skrill et 50 $ via la carte de cr\u00e9dit. En demandant un retrait Skrill de 120 $, vous obtiendrez 100 $ sur Skrill et 20 $ sur la carte.<\/li>\n<li class=\"li4\">Toutes les demandes de retrait initiales doivent \u00eatre v\u00e9rifi\u00e9es pour des raisons de s\u00e9curit\u00e9 en fournissant un relev\u00e9 bancaire qui comprend les informations sur le titulaire du compte et les coordonn\u00e9es bancaires. Kudotrade n&rsquo;acceptera pas les d\u00e9p\u00f4ts ou les retraits effectu\u00e9s sous un nom diff\u00e9rent de celui du Kudotrade enregistr\u00e9.<\/li>\n<li class=\"li3\">Si un compte commercial a \u00e9t\u00e9 cr\u00e9dit\u00e9 d&rsquo;une mani\u00e8re qui ne peut pas \u00eatre utilis\u00e9e pour le retrait de fonds, les fonds peuvent \u00eatre retir\u00e9s sur un compte bancaire au m\u00eame nom que le compte commercial aupr\u00e8s de Kudotrade, \u00e0 condition que le client fournisse une preuve satisfaisante de la propri\u00e9t\u00e9 du compte bancaire d&rsquo;o\u00f9 proviennent les fonds ainsi que du compte bancaire de destination.<\/li>\n<\/ul>\n<p class=\"p3\"><b>Mesures prises <\/b><\/p>\n<p class=\"p3\">Si Kudotrade soup\u00e7onne que des transactions sont li\u00e9es au blanchiment d&rsquo;argent ou \u00e0 d&rsquo;autres activit\u00e9s criminelles, elle agira conform\u00e9ment aux lois applicables en signalant les activit\u00e9s suspectes \u00e0 l&rsquo;autorit\u00e9 r\u00e9glementaire appropri\u00e9e. Kudotrade se r\u00e9serve le droit de suspendre les op\u00e9rations de tout client consid\u00e9r\u00e9 comme engag\u00e9 dans des activit\u00e9s ill\u00e9gales ou soup\u00e7onn\u00e9 de blanchiment d&rsquo;argent, selon le jugement du personnel. La soci\u00e9t\u00e9 a \u00e9galement le pouvoir discr\u00e9tionnaire de geler temporairement les comptes de clients suspects ou de mettre fin \u00e0 des relations avec des clients existants.<\/p>\n","protected":false},"excerpt":{"rendered":"<p>POLITIQUE DE L&rsquo;AML POUR KUDOTRADE Kudotrade s&rsquo;engage \u00e0 respecter les normes les plus strictes en mati\u00e8re de conformit\u00e9 avec les r\u00e9glementations relatives \u00e0 la lutte contre le blanchiment d&rsquo;argent (AML) et le financement du terrorisme (CTF). Dans le cadre des efforts d\u00e9ploy\u00e9s par le gouvernement pour lutter contre le financement du terrorisme et le blanchiment [&hellip;]<\/p>\n","protected":false},"author":2,"featured_media":0,"parent":0,"menu_order":0,"comment_status":"closed","ping_status":"closed","template":"","meta":{"_acf_changed":false,"footnotes":""},"class_list":["post-12096","page","type-page","status-publish","hentry"],"acf":[],"yoast_head":"<!-- This site is optimized with the Yoast SEO plugin v26.7 - https:\/\/yoast.com\/wordpress\/plugins\/seo\/ -->\n<title>Politique de lutte contre le blanchiment d&#039;argent<\/title>\n<meta name=\"description\" content=\"Notre police d&#039;assurance multirisque.\" \/>\n<meta name=\"robots\" content=\"noindex, nofollow\" \/>\n<meta property=\"og:locale\" content=\"fr_FR\" \/>\n<meta property=\"og:type\" content=\"article\" \/>\n<meta property=\"og:title\" content=\"Politique de lutte contre le blanchiment d&#039;argent\" \/>\n<meta property=\"og:description\" content=\"Notre police d&#039;assurance multirisque.\" \/>\n<meta property=\"og:url\" content=\"https:\/\/www.kudotrade.com\/fr\/politique-de-lutte-contre-le-blanchiment-dargent\/\" \/>\n<meta property=\"og:site_name\" content=\"Kudotrade\" \/>\n<meta property=\"article:modified_time\" content=\"2025-04-22T11:04:56+00:00\" \/>\n<meta property=\"og:image\" content=\"https:\/\/www.kudotrade.com\/wp-content\/uploads\/2024\/07\/kudotrade_K.png\" \/>\n\t<meta property=\"og:image:width\" content=\"500\" \/>\n\t<meta property=\"og:image:height\" content=\"500\" \/>\n\t<meta property=\"og:image:type\" content=\"image\/png\" \/>\n<meta name=\"twitter:card\" content=\"summary_large_image\" \/>\n<meta name=\"twitter:label1\" content=\"Dur\u00e9e de lecture estim\u00e9e\" \/>\n\t<meta name=\"twitter:data1\" content=\"8 minutes\" \/>\n<script type=\"application\/ld+json\" class=\"yoast-schema-graph\">{\"@context\":\"https:\/\/schema.org\",\"@graph\":[{\"@type\":\"WebPage\",\"@id\":\"https:\/\/www.kudotrade.com\/fr\/politique-de-lutte-contre-le-blanchiment-dargent\/\",\"url\":\"https:\/\/www.kudotrade.com\/fr\/politique-de-lutte-contre-le-blanchiment-dargent\/\",\"name\":\"Politique de lutte contre le blanchiment d'argent\",\"isPartOf\":{\"@id\":\"https:\/\/www.kudotrade.com\/fr\/#website\"},\"datePublished\":\"2024-05-01T19:14:50+00:00\",\"dateModified\":\"2025-04-22T11:04:56+00:00\",\"description\":\"Notre police d'assurance multirisque.\",\"breadcrumb\":{\"@id\":\"https:\/\/www.kudotrade.com\/fr\/politique-de-lutte-contre-le-blanchiment-dargent\/#breadcrumb\"},\"inLanguage\":\"fr-FR\",\"potentialAction\":[{\"@type\":\"ReadAction\",\"target\":[\"https:\/\/www.kudotrade.com\/fr\/politique-de-lutte-contre-le-blanchiment-dargent\/\"]}]},{\"@type\":\"BreadcrumbList\",\"@id\":\"https:\/\/www.kudotrade.com\/fr\/politique-de-lutte-contre-le-blanchiment-dargent\/#breadcrumb\",\"itemListElement\":[{\"@type\":\"ListItem\",\"position\":1,\"name\":\"Home\",\"item\":\"https:\/\/www.kudotrade.com\/fr\/\"},{\"@type\":\"ListItem\",\"position\":2,\"name\":\"Politique de lutte contre le blanchiment d&#8217;argent\"}]},{\"@type\":\"WebSite\",\"@id\":\"https:\/\/www.kudotrade.com\/fr\/#website\",\"url\":\"https:\/\/www.kudotrade.com\/fr\/\",\"name\":\"Kudotrade\",\"description\":\"Elevate your trading success with the power of Kudotrade\",\"publisher\":{\"@id\":\"https:\/\/www.kudotrade.com\/fr\/#organization\"},\"potentialAction\":[{\"@type\":\"SearchAction\",\"target\":{\"@type\":\"EntryPoint\",\"urlTemplate\":\"https:\/\/www.kudotrade.com\/fr\/?s={search_term_string}\"},\"query-input\":{\"@type\":\"PropertyValueSpecification\",\"valueRequired\":true,\"valueName\":\"search_term_string\"}}],\"inLanguage\":\"fr-FR\"},{\"@type\":\"Organization\",\"@id\":\"https:\/\/www.kudotrade.com\/fr\/#organization\",\"name\":\"Kudotrade\",\"url\":\"https:\/\/www.kudotrade.com\/fr\/\",\"logo\":{\"@type\":\"ImageObject\",\"inLanguage\":\"fr-FR\",\"@id\":\"https:\/\/www.kudotrade.com\/fr\/#\/schema\/logo\/image\/\",\"url\":\"https:\/\/www.kudotrade.com\/wp-content\/uploads\/2024\/07\/kudotrade_K.png\",\"contentUrl\":\"https:\/\/www.kudotrade.com\/wp-content\/uploads\/2024\/07\/kudotrade_K.png\",\"width\":500,\"height\":500,\"caption\":\"Kudotrade\"},\"image\":{\"@id\":\"https:\/\/www.kudotrade.com\/fr\/#\/schema\/logo\/image\/\"},\"sameAs\":[\"https:\/\/www.linkedin.com\/company\/kudotrade\/?trk=similar-pages&originalSubdomain=lc\"]}]}<\/script>\n<!-- \/ Yoast SEO plugin. -->","yoast_head_json":{"title":"Politique de lutte contre le blanchiment d'argent","description":"Notre police d'assurance multirisque.","robots":{"index":"noindex","follow":"nofollow"},"og_locale":"fr_FR","og_type":"article","og_title":"Politique de lutte contre le blanchiment d'argent","og_description":"Notre police d'assurance multirisque.","og_url":"https:\/\/www.kudotrade.com\/fr\/politique-de-lutte-contre-le-blanchiment-dargent\/","og_site_name":"Kudotrade","article_modified_time":"2025-04-22T11:04:56+00:00","og_image":[{"width":500,"height":500,"url":"https:\/\/www.kudotrade.com\/wp-content\/uploads\/2024\/07\/kudotrade_K.png","type":"image\/png"}],"twitter_card":"summary_large_image","twitter_misc":{"Dur\u00e9e de lecture estim\u00e9e":"8 minutes"},"schema":{"@context":"https:\/\/schema.org","@graph":[{"@type":"WebPage","@id":"https:\/\/www.kudotrade.com\/fr\/politique-de-lutte-contre-le-blanchiment-dargent\/","url":"https:\/\/www.kudotrade.com\/fr\/politique-de-lutte-contre-le-blanchiment-dargent\/","name":"Politique de lutte contre le blanchiment d'argent","isPartOf":{"@id":"https:\/\/www.kudotrade.com\/fr\/#website"},"datePublished":"2024-05-01T19:14:50+00:00","dateModified":"2025-04-22T11:04:56+00:00","description":"Notre police d'assurance multirisque.","breadcrumb":{"@id":"https:\/\/www.kudotrade.com\/fr\/politique-de-lutte-contre-le-blanchiment-dargent\/#breadcrumb"},"inLanguage":"fr-FR","potentialAction":[{"@type":"ReadAction","target":["https:\/\/www.kudotrade.com\/fr\/politique-de-lutte-contre-le-blanchiment-dargent\/"]}]},{"@type":"BreadcrumbList","@id":"https:\/\/www.kudotrade.com\/fr\/politique-de-lutte-contre-le-blanchiment-dargent\/#breadcrumb","itemListElement":[{"@type":"ListItem","position":1,"name":"Home","item":"https:\/\/www.kudotrade.com\/fr\/"},{"@type":"ListItem","position":2,"name":"Politique de lutte contre le blanchiment d&#8217;argent"}]},{"@type":"WebSite","@id":"https:\/\/www.kudotrade.com\/fr\/#website","url":"https:\/\/www.kudotrade.com\/fr\/","name":"Kudotrade","description":"Elevate your trading success with the power of Kudotrade","publisher":{"@id":"https:\/\/www.kudotrade.com\/fr\/#organization"},"potentialAction":[{"@type":"SearchAction","target":{"@type":"EntryPoint","urlTemplate":"https:\/\/www.kudotrade.com\/fr\/?s={search_term_string}"},"query-input":{"@type":"PropertyValueSpecification","valueRequired":true,"valueName":"search_term_string"}}],"inLanguage":"fr-FR"},{"@type":"Organization","@id":"https:\/\/www.kudotrade.com\/fr\/#organization","name":"Kudotrade","url":"https:\/\/www.kudotrade.com\/fr\/","logo":{"@type":"ImageObject","inLanguage":"fr-FR","@id":"https:\/\/www.kudotrade.com\/fr\/#\/schema\/logo\/image\/","url":"https:\/\/www.kudotrade.com\/wp-content\/uploads\/2024\/07\/kudotrade_K.png","contentUrl":"https:\/\/www.kudotrade.com\/wp-content\/uploads\/2024\/07\/kudotrade_K.png","width":500,"height":500,"caption":"Kudotrade"},"image":{"@id":"https:\/\/www.kudotrade.com\/fr\/#\/schema\/logo\/image\/"},"sameAs":["https:\/\/www.linkedin.com\/company\/kudotrade\/?trk=similar-pages&originalSubdomain=lc"]}]}},"_links":{"self":[{"href":"https:\/\/www.kudotrade.com\/fr\/wp-json\/wp\/v2\/pages\/12096","targetHints":{"allow":["GET"]}}],"collection":[{"href":"https:\/\/www.kudotrade.com\/fr\/wp-json\/wp\/v2\/pages"}],"about":[{"href":"https:\/\/www.kudotrade.com\/fr\/wp-json\/wp\/v2\/types\/page"}],"author":[{"embeddable":true,"href":"https:\/\/www.kudotrade.com\/fr\/wp-json\/wp\/v2\/users\/2"}],"replies":[{"embeddable":true,"href":"https:\/\/www.kudotrade.com\/fr\/wp-json\/wp\/v2\/comments?post=12096"}],"version-history":[{"count":1,"href":"https:\/\/www.kudotrade.com\/fr\/wp-json\/wp\/v2\/pages\/12096\/revisions"}],"predecessor-version":[{"id":14054,"href":"https:\/\/www.kudotrade.com\/fr\/wp-json\/wp\/v2\/pages\/12096\/revisions\/14054"}],"wp:attachment":[{"href":"https:\/\/www.kudotrade.com\/fr\/wp-json\/wp\/v2\/media?parent=12096"}],"curies":[{"name":"wp","href":"https:\/\/api.w.org\/{rel}","templated":true}]}}