{"id":12093,"date":"2024-04-18T12:13:21","date_gmt":"2024-04-18T12:13:21","guid":{"rendered":"https:\/\/www.kudotrade.com\/politique-de-confidentialite\/"},"modified":"2024-04-18T12:13:21","modified_gmt":"2024-04-18T12:13:21","slug":"politique-de-confidentialite","status":"publish","type":"page","link":"https:\/\/www.kudotrade.com\/fr\/politique-de-confidentialite\/","title":{"rendered":"Politique de confidentialit\u00e9"},"content":{"rendered":"<h4>POLITIQUE DE CONFIDENTIALIT\u00c9<\/h4>\n<p>Kudo Trade (Mauritius) Ltd. s&rsquo;engage \u00e0 pr\u00e9server la confidentialit\u00e9 de toutes les donn\u00e9es personnelles qu&rsquo;elle recueille aupr\u00e8s des individus, qu&rsquo;elles soient obtenues par le biais de visites sur le site web ou par la fourniture d&rsquo;autres services.<\/p>\n<ol>\n<li style=\"text-align: left;\"><strong>POLITIQUE DE CONFIDENTIALIT\u00c9 ET DE S\u00c9CURIT\u00c9 DE KUDO TRADE (MAURITIUS) LTD.  <\/strong><\/li>\n<\/ol>\n<p>Kudo Trade (Mauritius) Ltd. (\u00ab\u00a0nous\u00a0\u00bb, \u00ab\u00a0notre\u00a0\u00bb ou \u00ab\u00a0Kudotrade\u00a0\u00bb) est une soci\u00e9t\u00e9 internationale autoris\u00e9e et r\u00e9glement\u00e9e par la Commission des services financiers de l&rsquo;\u00eele Maurice sous le num\u00e9ro de licence GB24203599, dont l&rsquo;adresse est 6 St Denis Street, 1st Floor River Court, Port Louis, Maurice. Notre objectif principal est d&rsquo;aider les traders et les Introducing Brokers (IBs) \u00e0 atteindre leurs objectifs commerciaux et leurs aspirations personnelles. Nous privil\u00e9gions l&rsquo;int\u00e9grit\u00e9 et la confiance, en offrant une combinaison de produits innovants, des conditions de n\u00e9gociation comp\u00e9titives et un service personnalis\u00e9 de haute qualit\u00e9. Notre mission chez Kudotrade est de permettre aux traders FOREX et aux IB de r\u00e9aliser leurs aspirations personnelles et professionnelles en combinant des produits innovants avec des conditions de trading comp\u00e9titives et un service \u00e0 la client\u00e8le exceptionnel.   <\/p>\n<ol start=\"2\">\n<li><strong>ENGAGEMENT  <\/strong><\/li>\n<\/ol>\n<p>Kudotrade s&rsquo;engage \u00e0 prot\u00e9ger la confidentialit\u00e9 de toutes les informations personnelles qu&rsquo;elle obtient de vous, y compris les informations obtenues lors de vos visites sur ce site Web ou de la fourniture d&rsquo;autres services. Kudotrade n&rsquo;utilisera vos informations personnelles que conform\u00e9ment \u00e0 la pr\u00e9sente politique de confidentialit\u00e9 et de s\u00e9curit\u00e9 et, par ailleurs, conform\u00e9ment \u00e0 la loi mauricienne sur la protection de la vie priv\u00e9e et des donn\u00e9es. <\/p>\n<ol start=\"3\">\n<li><strong>KUDOTRADE RECUEILLE DES INFORMATIONS PERSONNELLES  <\/strong><\/li>\n<\/ol>\n<p>Kudotrade recueille certaines informations personnelles afin de pouvoir r\u00e9pondre aux besoins de ses clients. En collectant certaines informations personnelles, Kudotrade peut contr\u00f4ler et am\u00e9liorer les services qu&rsquo;il offre \u00e0 ses clients existants et potentiels. Nous utiliserons ces informations pour les raisons suivantes : \u00e9tablir et maintenir votre compte, vous fournir nos services, am\u00e9liorer nos services, les notifications r\u00e9glementaires et le marketing.  <\/p>\n<ol start=\"4\">\n<li><strong>QUELLES SONT LES INFORMATIONS OBTENUES PAR KUDOTRADE ?  <\/strong><\/li>\n<\/ol>\n<p>Kudotrade recueillera et conservera des informations vous concernant lorsque vous remplissez une demande en ligne ou un autre type de formulaire ou lorsque vous acc\u00e9dez \u00e0 votre compte et effectuez des transactions par le biais de ce site Web ou d&rsquo;un autre service que nous vous fournissons. Kudotrade peut d\u00e9river des informations de votre utilisation de ce site Web ou d&rsquo;un autre service que nous vous fournissons et peut stocker ces informations avec votre profil personnel. Ces informations peuvent inclure les zones du site visit\u00e9es, les pages consult\u00e9es, la fr\u00e9quence et la dur\u00e9e des visites, les types de transactions effectu\u00e9es, les documents t\u00e9l\u00e9charg\u00e9s et les autres sites web qui peuvent vous avoir r\u00e9f\u00e9r\u00e9 ou vers lesquels vous vous connectez.  <\/p>\n<ol start=\"5\">\n<li><strong>COMMENT UTILISONS-NOUS VOS INFORMATIONS ?<\/strong><\/li>\n<\/ol>\n<p>Nous pouvons utiliser ces informations pour une ou plusieurs des raisons suivantes :<\/p>\n<ul>\n<li>pour vous fournir les services que vous avez demand\u00e9s, y compris le traitement des transactions.<\/li>\n<li>pour confirmer votre identit\u00e9.<\/li>\n<li>pour maintenir votre profil personnel ; pour g\u00e9rer votre compte.<\/li>\n<li>pour vous contacter lorsque cela est n\u00e9cessaire ou appropri\u00e9 en relation avec les services qui vous sont fournis.<\/li>\n<li>pour vous tenir au courant, pendant que vous \u00eates client, de questions telles que les contrats que vous avez n\u00e9goci\u00e9s et les activit\u00e9s de Kudotrade.<\/li>\n<li>g\u00e9rer et administrer les produits et services qui vous sont fournis.<\/li>\n<li>pour vous fournir des informations concernant les produits et services offerts par Kudotrade ; pour d\u00e9velopper une compr\u00e9hension des produits et services que vous pourriez \u00eatre int\u00e9ress\u00e9 \u00e0 obtenir de Kudotrade.<\/li>\n<li>pour vous fournir des informations ou des opportunit\u00e9s que nous pensons \u00eatre pertinentes pour vous.<\/li>\n<li>pour adapter le site web ou tout autre service que nous vous fournissons \u00e0 vos besoins et \u00e0 vos int\u00e9r\u00eats ; et<\/li>\n<li>pour cr\u00e9er des donn\u00e9es statistiques anonymes.<\/li>\n<\/ul>\n<p>En acceptant nos conditions, vous autorisez l&rsquo;utilisation de vos donn\u00e9es personnelles aux fins mentionn\u00e9es. Vous acceptez \u00e9galement le transfert de vos donn\u00e9es personnelles en dehors de l&rsquo;\u00eele Maurice, si cela est n\u00e9cessaire pour que Kudotrade puisse remplir ses engagements contractuels envers vous. Il est important de noter que Kudotrade ne transf\u00e8re des donn\u00e9es personnelles \u00e0 des organisations en dehors de l&rsquo;\u00eele Maurice qu&rsquo;apr\u00e8s s&rsquo;\u00eatre assur\u00e9 que ces organisations ont mis en place des contr\u00f4les et des mesures ad\u00e9quats pour prot\u00e9ger vos informations personnelles.  <\/p>\n<ol start=\"6\">\n<li><strong>\u00c0 QUI POUVONS-NOUS DIVULGUER VOS INFORMATIONS ?  <\/strong><\/li>\n<\/ol>\n<p>Kudotrade peut avoir besoin de partager vos informations personnelles avec les autorit\u00e9s r\u00e9glementaires et gouvernementales lorsque cela est n\u00e9cessaire. En outre, vos donn\u00e9es personnelles peuvent \u00eatre divulgu\u00e9es \u00e0 ; <\/p>\n<ul>\n<li>Institutions financi\u00e8res et entit\u00e9s similaires dans le cadre de leurs activit\u00e9s r\u00e9guli\u00e8res ou selon vos instructions.<\/li>\n<li>Les prestataires de services externes et les conseillers professionnels, y compris ceux situ\u00e9s \u00e0 l&rsquo;\u00e9tranger, qui assistent Kudotrade.<\/li>\n<li>les organisations que vous demandez ou les personnes agissant en votre nom, telles que les conseillers financiers ou les repr\u00e9sentants l\u00e9gaux.<\/li>\n<li>les tiers impliqu\u00e9s dans le traitement des transactions ou la fourniture des services demand\u00e9s.<\/li>\n<li>Les autorit\u00e9s auxquelles Kudotrade est l\u00e9galement tenu de divulguer ces informations.<\/li>\n<li>Il est important de noter que Kudotrade ne vend pas et ne fournit pas vos informations personnelles \u00e0 des tiers \u00e0 des fins de marketing.<\/li>\n<\/ul>\n<ol start=\"7\">\n<li><strong>MISE \u00c0 JOUR DE VOS INFORMATIONS  <\/strong><\/li>\n<\/ol>\n<p>Vous pouvez informer Kudotrade \u00e0 tout moment que vos donn\u00e9es personnelles ont chang\u00e9 ou que vous souhaitez que Kudotrade supprime les informations personnelles que nous d\u00e9tenons \u00e0 votre sujet en nous envoyant un courriel \u00e0 (email). Kudotrade modifiera ou supprimera vos informations personnelles conform\u00e9ment \u00e0 vos instructions, sauf dans la mesure o\u00f9 nous sommes tenus de conserver vos informations personnelles \u00e0 des fins r\u00e9glementaires ou l\u00e9gales, pour vous fournir les services que vous avez demand\u00e9s ou pour maintenir des dossiers commerciaux ad\u00e9quats. <\/p>\n<ol start=\"8\">\n<li><strong>LIENS  <\/strong><\/li>\n<\/ol>\n<p>Lorsque vous utilisez ce site web ou un autre service que nous vous fournissons, vous pouvez \u00eatre en mesure d&rsquo;acc\u00e9der \u00e0 d&rsquo;autres sites web. Cette politique de confidentialit\u00e9 ne s&rsquo;applique pas \u00e0 ces sites. Kudotrade vous encourage \u00e0 lire les politiques de confidentialit\u00e9 de ces sites.  <\/p>\n<ol start=\"9\">\n<li><strong>COOKIES<\/strong><\/li>\n<\/ol>\n<p>Kudotrade utilise des cookies pour recueillir des informations concernant votre utilisation de ce site web et d&rsquo;autres services qui vous sont fournis. Les cookies, qui consistent en de petits \u00e9l\u00e9ments de donn\u00e9es avec des \u00e9tiquettes d&rsquo;identification uniques, sont stock\u00e9s sur votre appareil lorsque vous utilisez notre site web ou nos services. Ces cookies recueillent des donn\u00e9es statistiques et des informations sur la mani\u00e8re dont vous interagissez avec nos services. La plupart des navigateurs internet sont configur\u00e9s pour accepter les cookies. Toutefois, si vous pr\u00e9f\u00e9rez ne pas recevoir de cookies, vous pouvez ajuster les param\u00e8tres de votre navigateur pour les refuser ou pour recevoir des notifications chaque fois qu&rsquo;un cookie est envoy\u00e9 \u00e0 votre appareil. Gardez \u00e0 l&rsquo;esprit que cela peut avoir un impact sur la qualit\u00e9 des services que nous vous offrons en relation avec votre compte.     <\/p>\n<ol start=\"10\">\n<li><strong>S\u00c9CURIT\u00c9  <\/strong><\/li>\n<\/ol>\n<p>Kudotrade accorde une grande importance \u00e0 la s\u00e9curit\u00e9 et adh\u00e8re aux meilleures pratiques de l&rsquo;industrie en mati\u00e8re de s\u00e9curit\u00e9 de l&rsquo;information afin de prot\u00e9ger vos donn\u00e9es personnelles et d&#8217;emp\u00eacher tout acc\u00e8s non autoris\u00e9. Ces mesures comprennent le cryptage des donn\u00e9es pendant la transmission, la mise en \u0153uvre de m\u00e9thodes d&rsquo;authentification robustes et la garantie d&rsquo;un acc\u00e8s s\u00e9curis\u00e9 aux machines et aux donn\u00e9es. <\/p>\n<ol start=\"11\">\n<li><strong>QUELS SONT VOS DROITS ?  <\/strong><\/li>\n<\/ol>\n<p>Vous n&rsquo;avez pas besoin de nous fournir les informations personnelles demand\u00e9es par Kudotrade. Cependant, sans ces informations, Kudotrade peut \u00eatre dans l&rsquo;incapacit\u00e9 d&rsquo;ouvrir un compte pour vous, lorsque les informations sont demand\u00e9es dans un formulaire de demande, ou de vous fournir tout autre service, information ou assistance que vous avez demand\u00e9. Si vous avez des questions ou des plaintes concernant votre vie priv\u00e9e, veuillez nous contacter. Si une plainte n&rsquo;est pas r\u00e9solue par Kudotrade \u00e0 votre satisfaction, vous pouvez d\u00e9poser une plainte aupr\u00e8s du Commissaire \u00e0 l&rsquo;information.   <\/p>\n<p>En vertu de la l\u00e9gislation sur la protection des donn\u00e9es, vous avez (sous r\u00e9serve de certaines exceptions) le droit d&rsquo;obtenir des copies de toute information personnelle que Kudotrade d\u00e9tient \u00e0 votre sujet et d&rsquo;informer Kudotrade de toute inexactitude.<\/p>\n<p>Si vous avez une demande \u00e0 formuler, veuillez nous contacter pour obtenir un formulaire de demande d&rsquo;acc\u00e8s.<\/p>\n<p>Nous pouvons facturer une redevance nominale pour couvrir les frais de v\u00e9rification de la demande et de localisation, d&rsquo;extraction, d&rsquo;examen et de copie de tout mat\u00e9riel demand\u00e9.<\/p>\n<ol start=\"12\">\n<li><strong>VOTRE CONSENTEMENT  <\/strong><\/li>\n<\/ol>\n<p>En acc\u00e9dant \u00e0 ce site web ou \u00e0 tout autre service que nous vous fournissons, vous consentez \u00e0 ce que Kudotrade recueille, conserve, utilise et divulgue les informations personnelles vous concernant et fournies par vous ou par une autre personne comme d\u00e9crit ci-dessus.<\/p>\n<ol start=\"13\">\n<li><strong>MODIFICATIONS DE LA PR\u00c9SENTE POLITIQUE  <\/strong><\/li>\n<\/ol>\n<p>Kudotrade se r\u00e9serve le droit de mettre \u00e0 jour p\u00e9riodiquement cette politique de confidentialit\u00e9 et de s\u00e9curit\u00e9 pour quelque raison que ce soit. Toute modification sera communiqu\u00e9e par la publication d&rsquo;une version actualis\u00e9e de la politique sur ce site web. Il est de votre responsabilit\u00e9 de consulter r\u00e9guli\u00e8rement cette politique. En continuant \u00e0 utiliser ce site web ou tout autre service fourni apr\u00e8s que des modifications ont \u00e9t\u00e9 apport\u00e9es, vous acceptez ces modifications.   <\/p>\n<p>&nbsp;<\/p>\n<p>&nbsp;<\/p>\n<p>&nbsp;<\/p>\n","protected":false},"excerpt":{"rendered":"<p>POLITIQUE DE CONFIDENTIALIT\u00c9 Kudo Trade (Mauritius) Ltd. s&rsquo;engage \u00e0 pr\u00e9server la confidentialit\u00e9 de toutes les donn\u00e9es personnelles qu&rsquo;elle recueille aupr\u00e8s des individus, qu&rsquo;elles soient obtenues par le biais de visites sur le site web ou par la fourniture d&rsquo;autres services. POLITIQUE DE CONFIDENTIALIT\u00c9 ET DE S\u00c9CURIT\u00c9 DE KUDO TRADE (MAURITIUS) LTD. Kudo Trade (Mauritius) Ltd. [&hellip;]<\/p>\n","protected":false},"author":1,"featured_media":7633,"parent":0,"menu_order":0,"comment_status":"closed","ping_status":"open","template":"","meta":{"_acf_changed":false,"footnotes":""},"class_list":["post-12093","page","type-page","status-publish","has-post-thumbnail","hentry"],"acf":[],"yoast_head":"<!-- This site is optimized with the Yoast SEO plugin v26.7 - https:\/\/yoast.com\/wordpress\/plugins\/seo\/ -->\n<title>Politique de confidentialit\u00e9<\/title>\n<meta name=\"robots\" content=\"noindex, nofollow\" \/>\n<meta property=\"og:locale\" content=\"fr_FR\" \/>\n<meta property=\"og:type\" content=\"article\" \/>\n<meta property=\"og:title\" content=\"Politique de confidentialit\u00e9\" \/>\n<meta property=\"og:description\" content=\"POLITIQUE DE CONFIDENTIALIT\u00c9 Kudo Trade (Mauritius) Ltd. s&rsquo;engage \u00e0 pr\u00e9server la confidentialit\u00e9 de toutes les donn\u00e9es personnelles qu&rsquo;elle recueille aupr\u00e8s des individus, qu&rsquo;elles soient obtenues par le biais de visites sur le site web ou par la fourniture d&rsquo;autres services. POLITIQUE DE CONFIDENTIALIT\u00c9 ET DE S\u00c9CURIT\u00c9 DE KUDO TRADE (MAURITIUS) LTD. Kudo Trade (Mauritius) Ltd. [&hellip;]\" \/>\n<meta property=\"og:url\" content=\"https:\/\/www.kudotrade.com\/fr\/politique-de-confidentialite\/\" \/>\n<meta property=\"og:site_name\" content=\"Kudotrade\" \/>\n<meta property=\"og:image\" content=\"https:\/\/www.kudotrade.com\/wp-content\/uploads\/2024\/07\/kudotrade_K.png\" \/>\n\t<meta property=\"og:image:width\" content=\"500\" \/>\n\t<meta property=\"og:image:height\" content=\"500\" \/>\n\t<meta property=\"og:image:type\" content=\"image\/png\" \/>\n<meta name=\"twitter:card\" content=\"summary_large_image\" \/>\n<meta name=\"twitter:label1\" content=\"Dur\u00e9e de lecture estim\u00e9e\" \/>\n\t<meta name=\"twitter:data1\" content=\"8 minutes\" \/>\n<script type=\"application\/ld+json\" class=\"yoast-schema-graph\">{\"@context\":\"https:\/\/schema.org\",\"@graph\":[{\"@type\":\"WebPage\",\"@id\":\"https:\/\/www.kudotrade.com\/fr\/politique-de-confidentialite\/\",\"url\":\"https:\/\/www.kudotrade.com\/fr\/politique-de-confidentialite\/\",\"name\":\"Politique de confidentialit\u00e9\",\"isPartOf\":{\"@id\":\"https:\/\/www.kudotrade.com\/fr\/#website\"},\"primaryImageOfPage\":{\"@id\":\"https:\/\/www.kudotrade.com\/fr\/politique-de-confidentialite\/#primaryimage\"},\"image\":{\"@id\":\"https:\/\/www.kudotrade.com\/fr\/politique-de-confidentialite\/#primaryimage\"},\"thumbnailUrl\":\"https:\/\/www.kudotrade.com\/wp-content\/uploads\/2024\/07\/kudotrade_K.png\",\"datePublished\":\"2024-04-18T12:13:21+00:00\",\"breadcrumb\":{\"@id\":\"https:\/\/www.kudotrade.com\/fr\/politique-de-confidentialite\/#breadcrumb\"},\"inLanguage\":\"fr-FR\",\"potentialAction\":[{\"@type\":\"ReadAction\",\"target\":[\"https:\/\/www.kudotrade.com\/fr\/politique-de-confidentialite\/\"]}]},{\"@type\":\"ImageObject\",\"inLanguage\":\"fr-FR\",\"@id\":\"https:\/\/www.kudotrade.com\/fr\/politique-de-confidentialite\/#primaryimage\",\"url\":\"https:\/\/www.kudotrade.com\/wp-content\/uploads\/2024\/07\/kudotrade_K.png\",\"contentUrl\":\"https:\/\/www.kudotrade.com\/wp-content\/uploads\/2024\/07\/kudotrade_K.png\",\"width\":500,\"height\":500},{\"@type\":\"BreadcrumbList\",\"@id\":\"https:\/\/www.kudotrade.com\/fr\/politique-de-confidentialite\/#breadcrumb\",\"itemListElement\":[{\"@type\":\"ListItem\",\"position\":1,\"name\":\"Home\",\"item\":\"https:\/\/www.kudotrade.com\/fr\/\"},{\"@type\":\"ListItem\",\"position\":2,\"name\":\"Politique de confidentialit\u00e9\"}]},{\"@type\":\"WebSite\",\"@id\":\"https:\/\/www.kudotrade.com\/fr\/#website\",\"url\":\"https:\/\/www.kudotrade.com\/fr\/\",\"name\":\"Kudotrade\",\"description\":\"Elevate your trading success with the power of Kudotrade\",\"publisher\":{\"@id\":\"https:\/\/www.kudotrade.com\/fr\/#organization\"},\"potentialAction\":[{\"@type\":\"SearchAction\",\"target\":{\"@type\":\"EntryPoint\",\"urlTemplate\":\"https:\/\/www.kudotrade.com\/fr\/?s={search_term_string}\"},\"query-input\":{\"@type\":\"PropertyValueSpecification\",\"valueRequired\":true,\"valueName\":\"search_term_string\"}}],\"inLanguage\":\"fr-FR\"},{\"@type\":\"Organization\",\"@id\":\"https:\/\/www.kudotrade.com\/fr\/#organization\",\"name\":\"Kudotrade\",\"url\":\"https:\/\/www.kudotrade.com\/fr\/\",\"logo\":{\"@type\":\"ImageObject\",\"inLanguage\":\"fr-FR\",\"@id\":\"https:\/\/www.kudotrade.com\/fr\/#\/schema\/logo\/image\/\",\"url\":\"https:\/\/www.kudotrade.com\/wp-content\/uploads\/2024\/07\/kudotrade_K.png\",\"contentUrl\":\"https:\/\/www.kudotrade.com\/wp-content\/uploads\/2024\/07\/kudotrade_K.png\",\"width\":500,\"height\":500,\"caption\":\"Kudotrade\"},\"image\":{\"@id\":\"https:\/\/www.kudotrade.com\/fr\/#\/schema\/logo\/image\/\"},\"sameAs\":[\"https:\/\/www.linkedin.com\/company\/kudotrade\/?trk=similar-pages&originalSubdomain=lc\"]}]}<\/script>\n<!-- \/ Yoast SEO plugin. -->","yoast_head_json":{"title":"Politique de confidentialit\u00e9","robots":{"index":"noindex","follow":"nofollow"},"og_locale":"fr_FR","og_type":"article","og_title":"Politique de confidentialit\u00e9","og_description":"POLITIQUE DE CONFIDENTIALIT\u00c9 Kudo Trade (Mauritius) Ltd. s&rsquo;engage \u00e0 pr\u00e9server la confidentialit\u00e9 de toutes les donn\u00e9es personnelles qu&rsquo;elle recueille aupr\u00e8s des individus, qu&rsquo;elles soient obtenues par le biais de visites sur le site web ou par la fourniture d&rsquo;autres services. POLITIQUE DE CONFIDENTIALIT\u00c9 ET DE S\u00c9CURIT\u00c9 DE KUDO TRADE (MAURITIUS) LTD. Kudo Trade (Mauritius) Ltd. [&hellip;]","og_url":"https:\/\/www.kudotrade.com\/fr\/politique-de-confidentialite\/","og_site_name":"Kudotrade","og_image":[{"width":500,"height":500,"url":"https:\/\/www.kudotrade.com\/wp-content\/uploads\/2024\/07\/kudotrade_K.png","type":"image\/png"}],"twitter_card":"summary_large_image","twitter_misc":{"Dur\u00e9e de lecture estim\u00e9e":"8 minutes"},"schema":{"@context":"https:\/\/schema.org","@graph":[{"@type":"WebPage","@id":"https:\/\/www.kudotrade.com\/fr\/politique-de-confidentialite\/","url":"https:\/\/www.kudotrade.com\/fr\/politique-de-confidentialite\/","name":"Politique de confidentialit\u00e9","isPartOf":{"@id":"https:\/\/www.kudotrade.com\/fr\/#website"},"primaryImageOfPage":{"@id":"https:\/\/www.kudotrade.com\/fr\/politique-de-confidentialite\/#primaryimage"},"image":{"@id":"https:\/\/www.kudotrade.com\/fr\/politique-de-confidentialite\/#primaryimage"},"thumbnailUrl":"https:\/\/www.kudotrade.com\/wp-content\/uploads\/2024\/07\/kudotrade_K.png","datePublished":"2024-04-18T12:13:21+00:00","breadcrumb":{"@id":"https:\/\/www.kudotrade.com\/fr\/politique-de-confidentialite\/#breadcrumb"},"inLanguage":"fr-FR","potentialAction":[{"@type":"ReadAction","target":["https:\/\/www.kudotrade.com\/fr\/politique-de-confidentialite\/"]}]},{"@type":"ImageObject","inLanguage":"fr-FR","@id":"https:\/\/www.kudotrade.com\/fr\/politique-de-confidentialite\/#primaryimage","url":"https:\/\/www.kudotrade.com\/wp-content\/uploads\/2024\/07\/kudotrade_K.png","contentUrl":"https:\/\/www.kudotrade.com\/wp-content\/uploads\/2024\/07\/kudotrade_K.png","width":500,"height":500},{"@type":"BreadcrumbList","@id":"https:\/\/www.kudotrade.com\/fr\/politique-de-confidentialite\/#breadcrumb","itemListElement":[{"@type":"ListItem","position":1,"name":"Home","item":"https:\/\/www.kudotrade.com\/fr\/"},{"@type":"ListItem","position":2,"name":"Politique de confidentialit\u00e9"}]},{"@type":"WebSite","@id":"https:\/\/www.kudotrade.com\/fr\/#website","url":"https:\/\/www.kudotrade.com\/fr\/","name":"Kudotrade","description":"Elevate your trading success with the power of Kudotrade","publisher":{"@id":"https:\/\/www.kudotrade.com\/fr\/#organization"},"potentialAction":[{"@type":"SearchAction","target":{"@type":"EntryPoint","urlTemplate":"https:\/\/www.kudotrade.com\/fr\/?s={search_term_string}"},"query-input":{"@type":"PropertyValueSpecification","valueRequired":true,"valueName":"search_term_string"}}],"inLanguage":"fr-FR"},{"@type":"Organization","@id":"https:\/\/www.kudotrade.com\/fr\/#organization","name":"Kudotrade","url":"https:\/\/www.kudotrade.com\/fr\/","logo":{"@type":"ImageObject","inLanguage":"fr-FR","@id":"https:\/\/www.kudotrade.com\/fr\/#\/schema\/logo\/image\/","url":"https:\/\/www.kudotrade.com\/wp-content\/uploads\/2024\/07\/kudotrade_K.png","contentUrl":"https:\/\/www.kudotrade.com\/wp-content\/uploads\/2024\/07\/kudotrade_K.png","width":500,"height":500,"caption":"Kudotrade"},"image":{"@id":"https:\/\/www.kudotrade.com\/fr\/#\/schema\/logo\/image\/"},"sameAs":["https:\/\/www.linkedin.com\/company\/kudotrade\/?trk=similar-pages&originalSubdomain=lc"]}]}},"_links":{"self":[{"href":"https:\/\/www.kudotrade.com\/fr\/wp-json\/wp\/v2\/pages\/12093","targetHints":{"allow":["GET"]}}],"collection":[{"href":"https:\/\/www.kudotrade.com\/fr\/wp-json\/wp\/v2\/pages"}],"about":[{"href":"https:\/\/www.kudotrade.com\/fr\/wp-json\/wp\/v2\/types\/page"}],"author":[{"embeddable":true,"href":"https:\/\/www.kudotrade.com\/fr\/wp-json\/wp\/v2\/users\/1"}],"replies":[{"embeddable":true,"href":"https:\/\/www.kudotrade.com\/fr\/wp-json\/wp\/v2\/comments?post=12093"}],"version-history":[{"count":0,"href":"https:\/\/www.kudotrade.com\/fr\/wp-json\/wp\/v2\/pages\/12093\/revisions"}],"wp:featuredmedia":[{"embeddable":true,"href":"https:\/\/www.kudotrade.com\/fr\/wp-json\/wp\/v2\/media\/7633"}],"wp:attachment":[{"href":"https:\/\/www.kudotrade.com\/fr\/wp-json\/wp\/v2\/media?parent=12093"}],"curies":[{"name":"wp","href":"https:\/\/api.w.org\/{rel}","templated":true}]}}