{"id":11450,"date":"2025-01-14T11:04:09","date_gmt":"2025-01-14T11:04:09","guid":{"rendered":"https:\/\/www.kudotrade.com\/documents-juridiques\/"},"modified":"2026-03-30T08:36:20","modified_gmt":"2026-03-30T08:36:20","slug":"documents-juridiques","status":"publish","type":"page","link":"https:\/\/www.kudotrade.com\/fr\/documents-juridiques\/","title":{"rendered":"Documents juridiques"},"content":{"rendered":"\t\t<div data-elementor-type=\"wp-page\" data-elementor-id=\"11450\" class=\"elementor elementor-11450 elementor-11345\" data-elementor-settings=\"{&quot;element_pack_global_tooltip_width&quot;:{&quot;unit&quot;:&quot;px&quot;,&quot;size&quot;:&quot;&quot;,&quot;sizes&quot;:[]},&quot;element_pack_global_tooltip_width_tablet&quot;:{&quot;unit&quot;:&quot;px&quot;,&quot;size&quot;:&quot;&quot;,&quot;sizes&quot;:[]},&quot;element_pack_global_tooltip_width_mobile&quot;:{&quot;unit&quot;:&quot;px&quot;,&quot;size&quot;:&quot;&quot;,&quot;sizes&quot;:[]},&quot;element_pack_global_tooltip_padding&quot;:{&quot;unit&quot;:&quot;px&quot;,&quot;top&quot;:&quot;&quot;,&quot;right&quot;:&quot;&quot;,&quot;bottom&quot;:&quot;&quot;,&quot;left&quot;:&quot;&quot;,&quot;isLinked&quot;:true},&quot;element_pack_global_tooltip_padding_tablet&quot;:{&quot;unit&quot;:&quot;px&quot;,&quot;top&quot;:&quot;&quot;,&quot;right&quot;:&quot;&quot;,&quot;bottom&quot;:&quot;&quot;,&quot;left&quot;:&quot;&quot;,&quot;isLinked&quot;:true},&quot;element_pack_global_tooltip_padding_mobile&quot;:{&quot;unit&quot;:&quot;px&quot;,&quot;top&quot;:&quot;&quot;,&quot;right&quot;:&quot;&quot;,&quot;bottom&quot;:&quot;&quot;,&quot;left&quot;:&quot;&quot;,&quot;isLinked&quot;:true},&quot;element_pack_global_tooltip_border_radius&quot;:{&quot;unit&quot;:&quot;px&quot;,&quot;top&quot;:&quot;&quot;,&quot;right&quot;:&quot;&quot;,&quot;bottom&quot;:&quot;&quot;,&quot;left&quot;:&quot;&quot;,&quot;isLinked&quot;:true},&quot;element_pack_global_tooltip_border_radius_tablet&quot;:{&quot;unit&quot;:&quot;px&quot;,&quot;top&quot;:&quot;&quot;,&quot;right&quot;:&quot;&quot;,&quot;bottom&quot;:&quot;&quot;,&quot;left&quot;:&quot;&quot;,&quot;isLinked&quot;:true},&quot;element_pack_global_tooltip_border_radius_mobile&quot;:{&quot;unit&quot;:&quot;px&quot;,&quot;top&quot;:&quot;&quot;,&quot;right&quot;:&quot;&quot;,&quot;bottom&quot;:&quot;&quot;,&quot;left&quot;:&quot;&quot;,&quot;isLinked&quot;:true}}\" data-elementor-post-type=\"page\">\n\t\t\t\t<div class=\"elementor-element elementor-element-1fcbc348 e-con-full e-flex e-con e-parent\" data-id=\"1fcbc348\" data-element_type=\"container\" data-settings=\"{&quot;background_background&quot;:&quot;gradient&quot;}\">\n\t\t<div class=\"elementor-element elementor-element-61c61ec e-flex e-con-boxed e-con e-child\" data-id=\"61c61ec\" data-element_type=\"container\" data-settings=\"{&quot;background_background&quot;:&quot;classic&quot;}\">\n\t\t\t\t\t<div class=\"e-con-inner\">\n\t\t\t\t<div class=\"elementor-element elementor-element-5d946042 elementor-widget__width-initial elementor-widget-mobile__width-inherit elementor-widget-tablet__width-initial elementor-invisible elementor-widget elementor-widget-heading\" data-id=\"5d946042\" data-element_type=\"widget\" data-settings=\"{&quot;_animation_delay&quot;:&quot;160&quot;,&quot;_animation&quot;:&quot;fadeInUp&quot;}\" data-widget_type=\"heading.default\">\n\t\t\t\t<div class=\"elementor-widget-container\">\n\t\t\t<style>\/*! elementor - v3.23.0 - 05-08-2024 *\/\n.elementor-heading-title{padding:0;margin:0;line-height:1}.elementor-widget-heading .elementor-heading-title[class*=elementor-size-]>a{color:inherit;font-size:inherit;line-height:inherit}.elementor-widget-heading .elementor-heading-title.elementor-size-small{font-size:15px}.elementor-widget-heading .elementor-heading-title.elementor-size-medium{font-size:19px}.elementor-widget-heading .elementor-heading-title.elementor-size-large{font-size:29px}.elementor-widget-heading .elementor-heading-title.elementor-size-xl{font-size:39px}.elementor-widget-heading .elementor-heading-title.elementor-size-xxl{font-size:59px}<\/style><h1 class=\"elementor-heading-title elementor-size-default\">Documents juridiques<\/h1>\t\t<\/div>\n\t\t\t\t<\/div>\n\t\t\t\t<div class=\"elementor-element elementor-element-5c300bfc elementor-widget__width-initial elementor-widget-tablet__width-initial elementor-widget-mobile__width-inherit elementor-invisible elementor-widget elementor-widget-text-editor\" data-id=\"5c300bfc\" data-element_type=\"widget\" data-settings=\"{&quot;_animation&quot;:&quot;fadeInUp&quot;,&quot;_animation_delay&quot;:&quot;200&quot;}\" data-widget_type=\"text-editor.default\">\n\t\t\t\t<div class=\"elementor-widget-container\">\n\t\t\t<style>\/*! elementor - v3.23.0 - 05-08-2024 *\/\n.elementor-widget-text-editor.elementor-drop-cap-view-stacked .elementor-drop-cap{background-color:#69727d;color:#fff}.elementor-widget-text-editor.elementor-drop-cap-view-framed .elementor-drop-cap{color:#69727d;border:3px solid;background-color:transparent}.elementor-widget-text-editor:not(.elementor-drop-cap-view-default) .elementor-drop-cap{margin-top:8px}.elementor-widget-text-editor:not(.elementor-drop-cap-view-default) .elementor-drop-cap-letter{width:1em;height:1em}.elementor-widget-text-editor .elementor-drop-cap{float:left;text-align:center;line-height:1;font-size:50px}.elementor-widget-text-editor .elementor-drop-cap-letter{display:inline-block}<\/style>\t\t\t\t<p>Documents utiles \u00e0 lire avant d&rsquo;ouvrir un compte chez nous.<\/p>\t\t\t\t\t\t<\/div>\n\t\t\t\t<\/div>\n\t\t<div class=\"elementor-element elementor-element-5289739 e-con-full e-flex e-con e-child\" data-id=\"5289739\" data-element_type=\"container\" data-settings=\"{&quot;background_background&quot;:&quot;classic&quot;}\">\n\t\t\t\t<div class=\"elementor-element elementor-element-5454511 elementor-widget elementor-widget-text-editor\" data-id=\"5454511\" data-element_type=\"widget\" data-widget_type=\"text-editor.default\">\n\t\t\t\t<div class=\"elementor-widget-container\">\n\t\t\t\t\t\t\t<p>Kudo Trade (Mauritius) Ltd est autoris\u00e9 et r\u00e9glement\u00e9 par la Commission des services financiers de l\u2019\u00eele Maurice sous le num\u00e9ro de licence GB24203599. Son si\u00e8ge social est situ\u00e9 au 6 St Denis Street, 1st Floor River Court, Port Louis, Maurice.<\/p>\t\t\t\t\t\t<\/div>\n\t\t\t\t<\/div>\n\t\t<div class=\"elementor-element elementor-element-efa43bd e-con-full e-flex e-con e-child\" data-id=\"efa43bd\" data-element_type=\"container\">\n\t\t<div class=\"elementor-element elementor-element-77ca885 e-con-full e-flex e-con e-child\" data-id=\"77ca885\" data-element_type=\"container\">\n\t\t\t\t<div class=\"elementor-element elementor-element-b84bea4 elementor-widget elementor-widget-image\" data-id=\"b84bea4\" data-element_type=\"widget\" data-widget_type=\"image.default\">\n\t\t\t\t<div class=\"elementor-widget-container\">\n\t\t\t<style>\/*! elementor - v3.23.0 - 05-08-2024 *\/\n.elementor-widget-image{text-align:center}.elementor-widget-image a{display:inline-block}.elementor-widget-image a img[src$=\".svg\"]{width:48px}.elementor-widget-image img{vertical-align:middle;display:inline-block}<\/style>\t\t\t\t\t\t\t\t\t\t<img fetchpriority=\"high\" decoding=\"async\" width=\"1000\" height=\"421\" src=\"https:\/\/www.kudotrade.com\/wp-content\/uploads\/2025\/01\/mauritius-fsc-logo-edited.png\" class=\"attachment-large size-large wp-image-11428\" alt=\"\" srcset=\"https:\/\/www.kudotrade.com\/wp-content\/uploads\/2025\/01\/mauritius-fsc-logo-edited.png 1012w, https:\/\/www.kudotrade.com\/wp-content\/uploads\/2025\/01\/mauritius-fsc-logo-edited-300x126.png 300w, https:\/\/www.kudotrade.com\/wp-content\/uploads\/2025\/01\/mauritius-fsc-logo-edited-768x323.png 768w, https:\/\/www.kudotrade.com\/wp-content\/uploads\/2025\/01\/mauritius-fsc-logo-edited-650x274.png 650w\" sizes=\"(max-width: 1000px) 100vw, 1000px\" \/>\t\t\t\t\t\t\t\t\t\t\t\t\t<\/div>\n\t\t\t\t<\/div>\n\t\t\t\t<\/div>\n\t\t<div class=\"elementor-element elementor-element-08af567 e-con-full e-flex e-con e-child\" data-id=\"08af567\" data-element_type=\"container\">\n\t\t\t\t<div class=\"elementor-element elementor-element-f3cc9ba elementor-widget elementor-widget-heading\" data-id=\"f3cc9ba\" data-element_type=\"widget\" data-widget_type=\"heading.default\">\n\t\t\t\t<div class=\"elementor-widget-container\">\n\t\t\t<h2 class=\"elementor-heading-title elementor-size-default\">Financial Services Commission Mauritius (FSC Mauritius) Documents juridiques<\/h2>\t\t<\/div>\n\t\t\t\t<\/div>\n\t\t\t\t<div class=\"elementor-element elementor-element-fdf7e21 elementor-widget elementor-widget-text-editor\" data-id=\"fdf7e21\" data-element_type=\"widget\" data-widget_type=\"text-editor.default\">\n\t\t\t\t<div class=\"elementor-widget-container\">\n\t\t\t\t\t\t\t<p><a href=\"https:\/\/www.kudotrade.com\/wp-content\/uploads\/2025\/01\/2024-12-Dec-31-Kudo-Trade-Mauritius-LTD_Inv-Deal-Lic.pdf\" target=\"_blank\" rel=\"noopener\">Kudo Trade (Mauritius) Ltd Licence de courtier en valeurs mobili\u00e8res<\/a><\/p><p><a href=\"https:\/\/www.kudotrade.com\/wp-content\/uploads\/2025\/11\/Kudotrade-Restricted-Regions-1.pdf\" target=\"_blank\" rel=\"noopener\">Kudo Trade &#8211; R\u00e9gions soumises \u00e0 des restrictions<\/a><\/p><p><a href=\"https:\/\/www.kudotrade.com\/wp-content\/uploads\/2025\/11\/Kudotrade-Complaints-Handling-Policy-1.pdf\" target=\"_blank\" rel=\"noopener\">Kudo Trade &#8211; Politique de traitement des plaintes<\/a><\/p><p><a href=\"https:\/\/www.kudotrade.com\/wp-content\/uploads\/2025\/11\/kudoTrade-Non-Solicitation-Disclaimer-.pdf\" target=\"_blank\" rel=\"noopener\">Kudo Trade &#8211; Clause de non-sollicitation<\/a><\/p><p><a href=\"https:\/\/www.kudotrade.com\/wp-content\/uploads\/2025\/11\/KudoTrade-Risk-Disclosure.pdf\" target=\"_blank\" rel=\"noopener\">Kudo Trade &#8211; Divulgation des risques<\/a><\/p><p><a href=\"https:\/\/www.kudotrade.com\/wp-content\/uploads\/2025\/11\/Kudotrade-AML-Policy.pdf\" target=\"_blank\" rel=\"noopener\">Kudo Trade &#8211; Politique de lutte contre le blanchiment d&rsquo;argent<\/a><\/p>\t\t\t\t\t\t<\/div>\n\t\t\t\t<\/div>\n\t\t\t\t<\/div>\n\t\t\t\t<\/div>\n\t\t\t\t<\/div>\n\t\t\t\t\t<\/div>\n\t\t\t\t<\/div>\n\t\t\t\t<\/div>\n\t\t\t\t<\/div>\n\t\t","protected":false},"excerpt":{"rendered":"<p>Documents juridiques Documents utiles \u00e0 lire avant d&rsquo;ouvrir un compte chez nous. Kudo Trade (Mauritius) Ltd est autoris\u00e9 et r\u00e9glement\u00e9 par la Commission des services financiers de l\u2019\u00eele Maurice sous le num\u00e9ro de licence GB24203599. Son si\u00e8ge social est situ\u00e9 au 6 St Denis Street, 1st Floor River Court, Port Louis, Maurice. Financial Services Commission [&hellip;]<\/p>\n","protected":false},"author":1,"featured_media":0,"parent":0,"menu_order":0,"comment_status":"closed","ping_status":"closed","template":"","meta":{"_acf_changed":false,"footnotes":""},"class_list":["post-11450","page","type-page","status-publish","hentry"],"acf":[],"yoast_head":"<!-- This site is optimized with the Yoast SEO plugin v26.7 - https:\/\/yoast.com\/wordpress\/plugins\/seo\/ -->\n<title>Documents juridiques<\/title>\n<meta name=\"robots\" content=\"index, follow, max-snippet:-1, max-image-preview:large, max-video-preview:-1\" \/>\n<link rel=\"canonical\" href=\"https:\/\/www.kudotrade.com\/fr\/documents-juridiques\/\" \/>\n<meta property=\"og:locale\" content=\"fr_FR\" \/>\n<meta property=\"og:type\" content=\"article\" \/>\n<meta property=\"og:title\" content=\"Documents juridiques\" \/>\n<meta property=\"og:description\" content=\"Documents juridiques Documents utiles \u00e0 lire avant d&rsquo;ouvrir un compte chez nous. Kudo Trade (Mauritius) Ltd est autoris\u00e9 et r\u00e9glement\u00e9 par la Commission des services financiers de l\u2019\u00eele Maurice sous le num\u00e9ro de licence GB24203599. Son si\u00e8ge social est situ\u00e9 au 6 St Denis Street, 1st Floor River Court, Port Louis, Maurice. Financial Services Commission [&hellip;]\" \/>\n<meta property=\"og:url\" content=\"https:\/\/www.kudotrade.com\/fr\/documents-juridiques\/\" \/>\n<meta property=\"og:site_name\" content=\"Kudotrade\" \/>\n<meta property=\"article:modified_time\" content=\"2026-03-30T08:36:20+00:00\" \/>\n<meta property=\"og:image\" content=\"https:\/\/www.kudotrade.com\/wp-content\/uploads\/2025\/01\/mauritius-fsc-logo-edited.png\" \/>\n\t<meta property=\"og:image:width\" content=\"1012\" \/>\n\t<meta property=\"og:image:height\" content=\"426\" \/>\n\t<meta property=\"og:image:type\" content=\"image\/png\" \/>\n<meta name=\"twitter:card\" content=\"summary_large_image\" \/>\n<meta name=\"twitter:label1\" content=\"Dur\u00e9e de lecture estim\u00e9e\" \/>\n\t<meta name=\"twitter:data1\" content=\"1 minute\" \/>\n<script type=\"application\/ld+json\" class=\"yoast-schema-graph\">{\"@context\":\"https:\/\/schema.org\",\"@graph\":[{\"@type\":\"WebPage\",\"@id\":\"https:\/\/www.kudotrade.com\/fr\/documents-juridiques\/\",\"url\":\"https:\/\/www.kudotrade.com\/fr\/documents-juridiques\/\",\"name\":\"Documents juridiques\",\"isPartOf\":{\"@id\":\"https:\/\/www.kudotrade.com\/fr\/#website\"},\"primaryImageOfPage\":{\"@id\":\"https:\/\/www.kudotrade.com\/fr\/documents-juridiques\/#primaryimage\"},\"image\":{\"@id\":\"https:\/\/www.kudotrade.com\/fr\/documents-juridiques\/#primaryimage\"},\"thumbnailUrl\":\"https:\/\/www.kudotrade.com\/wp-content\/uploads\/2025\/01\/mauritius-fsc-logo-edited.png\",\"datePublished\":\"2025-01-14T11:04:09+00:00\",\"dateModified\":\"2026-03-30T08:36:20+00:00\",\"breadcrumb\":{\"@id\":\"https:\/\/www.kudotrade.com\/fr\/documents-juridiques\/#breadcrumb\"},\"inLanguage\":\"fr-FR\",\"potentialAction\":[{\"@type\":\"ReadAction\",\"target\":[\"https:\/\/www.kudotrade.com\/fr\/documents-juridiques\/\"]}]},{\"@type\":\"ImageObject\",\"inLanguage\":\"fr-FR\",\"@id\":\"https:\/\/www.kudotrade.com\/fr\/documents-juridiques\/#primaryimage\",\"url\":\"https:\/\/www.kudotrade.com\/wp-content\/uploads\/2025\/01\/mauritius-fsc-logo-edited.png\",\"contentUrl\":\"https:\/\/www.kudotrade.com\/wp-content\/uploads\/2025\/01\/mauritius-fsc-logo-edited.png\"},{\"@type\":\"BreadcrumbList\",\"@id\":\"https:\/\/www.kudotrade.com\/fr\/documents-juridiques\/#breadcrumb\",\"itemListElement\":[{\"@type\":\"ListItem\",\"position\":1,\"name\":\"Home\",\"item\":\"https:\/\/www.kudotrade.com\/fr\/\"},{\"@type\":\"ListItem\",\"position\":2,\"name\":\"Documents juridiques\"}]},{\"@type\":\"WebSite\",\"@id\":\"https:\/\/www.kudotrade.com\/fr\/#website\",\"url\":\"https:\/\/www.kudotrade.com\/fr\/\",\"name\":\"Kudotrade\",\"description\":\"Elevate your trading success with the power of Kudotrade\",\"publisher\":{\"@id\":\"https:\/\/www.kudotrade.com\/fr\/#organization\"},\"potentialAction\":[{\"@type\":\"SearchAction\",\"target\":{\"@type\":\"EntryPoint\",\"urlTemplate\":\"https:\/\/www.kudotrade.com\/fr\/?s={search_term_string}\"},\"query-input\":{\"@type\":\"PropertyValueSpecification\",\"valueRequired\":true,\"valueName\":\"search_term_string\"}}],\"inLanguage\":\"fr-FR\"},{\"@type\":\"Organization\",\"@id\":\"https:\/\/www.kudotrade.com\/fr\/#organization\",\"name\":\"Kudotrade\",\"url\":\"https:\/\/www.kudotrade.com\/fr\/\",\"logo\":{\"@type\":\"ImageObject\",\"inLanguage\":\"fr-FR\",\"@id\":\"https:\/\/www.kudotrade.com\/fr\/#\/schema\/logo\/image\/\",\"url\":\"https:\/\/www.kudotrade.com\/wp-content\/uploads\/2024\/07\/kudotrade_K.png\",\"contentUrl\":\"https:\/\/www.kudotrade.com\/wp-content\/uploads\/2024\/07\/kudotrade_K.png\",\"width\":500,\"height\":500,\"caption\":\"Kudotrade\"},\"image\":{\"@id\":\"https:\/\/www.kudotrade.com\/fr\/#\/schema\/logo\/image\/\"},\"sameAs\":[\"https:\/\/www.linkedin.com\/company\/kudotrade\/?trk=similar-pages&originalSubdomain=lc\"]}]}<\/script>\n<!-- \/ Yoast SEO plugin. -->","yoast_head_json":{"title":"Documents juridiques","robots":{"index":"index","follow":"follow","max-snippet":"max-snippet:-1","max-image-preview":"max-image-preview:large","max-video-preview":"max-video-preview:-1"},"canonical":"https:\/\/www.kudotrade.com\/fr\/documents-juridiques\/","og_locale":"fr_FR","og_type":"article","og_title":"Documents juridiques","og_description":"Documents juridiques Documents utiles \u00e0 lire avant d&rsquo;ouvrir un compte chez nous. Kudo Trade (Mauritius) Ltd est autoris\u00e9 et r\u00e9glement\u00e9 par la Commission des services financiers de l\u2019\u00eele Maurice sous le num\u00e9ro de licence GB24203599. Son si\u00e8ge social est situ\u00e9 au 6 St Denis Street, 1st Floor River Court, Port Louis, Maurice. Financial Services Commission [&hellip;]","og_url":"https:\/\/www.kudotrade.com\/fr\/documents-juridiques\/","og_site_name":"Kudotrade","article_modified_time":"2026-03-30T08:36:20+00:00","og_image":[{"width":1012,"height":426,"url":"https:\/\/www.kudotrade.com\/wp-content\/uploads\/2025\/01\/mauritius-fsc-logo-edited.png","type":"image\/png"}],"twitter_card":"summary_large_image","twitter_misc":{"Dur\u00e9e de lecture estim\u00e9e":"1 minute"},"schema":{"@context":"https:\/\/schema.org","@graph":[{"@type":"WebPage","@id":"https:\/\/www.kudotrade.com\/fr\/documents-juridiques\/","url":"https:\/\/www.kudotrade.com\/fr\/documents-juridiques\/","name":"Documents juridiques","isPartOf":{"@id":"https:\/\/www.kudotrade.com\/fr\/#website"},"primaryImageOfPage":{"@id":"https:\/\/www.kudotrade.com\/fr\/documents-juridiques\/#primaryimage"},"image":{"@id":"https:\/\/www.kudotrade.com\/fr\/documents-juridiques\/#primaryimage"},"thumbnailUrl":"https:\/\/www.kudotrade.com\/wp-content\/uploads\/2025\/01\/mauritius-fsc-logo-edited.png","datePublished":"2025-01-14T11:04:09+00:00","dateModified":"2026-03-30T08:36:20+00:00","breadcrumb":{"@id":"https:\/\/www.kudotrade.com\/fr\/documents-juridiques\/#breadcrumb"},"inLanguage":"fr-FR","potentialAction":[{"@type":"ReadAction","target":["https:\/\/www.kudotrade.com\/fr\/documents-juridiques\/"]}]},{"@type":"ImageObject","inLanguage":"fr-FR","@id":"https:\/\/www.kudotrade.com\/fr\/documents-juridiques\/#primaryimage","url":"https:\/\/www.kudotrade.com\/wp-content\/uploads\/2025\/01\/mauritius-fsc-logo-edited.png","contentUrl":"https:\/\/www.kudotrade.com\/wp-content\/uploads\/2025\/01\/mauritius-fsc-logo-edited.png"},{"@type":"BreadcrumbList","@id":"https:\/\/www.kudotrade.com\/fr\/documents-juridiques\/#breadcrumb","itemListElement":[{"@type":"ListItem","position":1,"name":"Home","item":"https:\/\/www.kudotrade.com\/fr\/"},{"@type":"ListItem","position":2,"name":"Documents juridiques"}]},{"@type":"WebSite","@id":"https:\/\/www.kudotrade.com\/fr\/#website","url":"https:\/\/www.kudotrade.com\/fr\/","name":"Kudotrade","description":"Elevate your trading success with the power of Kudotrade","publisher":{"@id":"https:\/\/www.kudotrade.com\/fr\/#organization"},"potentialAction":[{"@type":"SearchAction","target":{"@type":"EntryPoint","urlTemplate":"https:\/\/www.kudotrade.com\/fr\/?s={search_term_string}"},"query-input":{"@type":"PropertyValueSpecification","valueRequired":true,"valueName":"search_term_string"}}],"inLanguage":"fr-FR"},{"@type":"Organization","@id":"https:\/\/www.kudotrade.com\/fr\/#organization","name":"Kudotrade","url":"https:\/\/www.kudotrade.com\/fr\/","logo":{"@type":"ImageObject","inLanguage":"fr-FR","@id":"https:\/\/www.kudotrade.com\/fr\/#\/schema\/logo\/image\/","url":"https:\/\/www.kudotrade.com\/wp-content\/uploads\/2024\/07\/kudotrade_K.png","contentUrl":"https:\/\/www.kudotrade.com\/wp-content\/uploads\/2024\/07\/kudotrade_K.png","width":500,"height":500,"caption":"Kudotrade"},"image":{"@id":"https:\/\/www.kudotrade.com\/fr\/#\/schema\/logo\/image\/"},"sameAs":["https:\/\/www.linkedin.com\/company\/kudotrade\/?trk=similar-pages&originalSubdomain=lc"]}]}},"_links":{"self":[{"href":"https:\/\/www.kudotrade.com\/fr\/wp-json\/wp\/v2\/pages\/11450","targetHints":{"allow":["GET"]}}],"collection":[{"href":"https:\/\/www.kudotrade.com\/fr\/wp-json\/wp\/v2\/pages"}],"about":[{"href":"https:\/\/www.kudotrade.com\/fr\/wp-json\/wp\/v2\/types\/page"}],"author":[{"embeddable":true,"href":"https:\/\/www.kudotrade.com\/fr\/wp-json\/wp\/v2\/users\/1"}],"replies":[{"embeddable":true,"href":"https:\/\/www.kudotrade.com\/fr\/wp-json\/wp\/v2\/comments?post=11450"}],"version-history":[{"count":9,"href":"https:\/\/www.kudotrade.com\/fr\/wp-json\/wp\/v2\/pages\/11450\/revisions"}],"predecessor-version":[{"id":15267,"href":"https:\/\/www.kudotrade.com\/fr\/wp-json\/wp\/v2\/pages\/11450\/revisions\/15267"}],"wp:attachment":[{"href":"https:\/\/www.kudotrade.com\/fr\/wp-json\/wp\/v2\/media?parent=11450"}],"curies":[{"name":"wp","href":"https:\/\/api.w.org\/{rel}","templated":true}]}}