{"id":14892,"date":"2025-11-27T16:46:41","date_gmt":"2025-11-27T16:46:41","guid":{"rendered":"https:\/\/www.kudotrade.com\/?page_id=14892"},"modified":"2025-11-28T08:16:05","modified_gmt":"2025-11-28T08:16:05","slug":"execution-policy","status":"publish","type":"page","link":"https:\/\/www.kudotrade.com\/es\/execution-policy\/","title":{"rendered":"Execution Policy"},"content":{"rendered":"<h4>POL\u00cdTICA DE EJECUCI\u00d3N<\/h4>\n<h5>1. INTRODUCCI\u00d3N<\/h5>\n<p>1.1. La presente Pol\u00edtica de ejecuci\u00f3n de \u00f3rdenes (\u00abPol\u00edtica\u00bb) es proporcionada por Kudo Trade (Mauritius) Ltd (\u00abla Empresa\u00bb).<\/p>\n<p>1.2. Esta Pol\u00edtica ofrece una visi\u00f3n general sobre c\u00f3mo Kudo Trade (Mauritius) Ltd ejecuta las \u00f3rdenes en nombre de los Clientes.<\/p>\n<h5>2. DEFINICIONES E INTERPRETACI\u00d3N<\/h5>\n<p>2.1. A lo largo de la presente Pol\u00edtica, las siguientes palabras y expresiones tendr\u00e1n los siguientes significados:<\/p>\n<ol type=\"a\">\n<li>\u00abL\u00edmite de compra\u00bb significa una orden para comprar valores una vez que el precio alcance un nivel inferior al precio actual. Por lo general, esta orden se coloca con la expectativa de que el precio del valor, tras haber ca\u00eddo hasta un determinado nivel, aumentar\u00e1.<\/li>\n<li>\u00abBuy Stop\u00bb significa una orden para comprar valores una vez que el precio alcance un nivel espec\u00edfico, que es superior al precio actual. Por lo general, esta orden se coloca con la expectativa de que el precio del valor, una vez alcanzado un determinado nivel, seguir\u00e1 aumentando.<\/li>\n<li>\u00abAcuerdo con el cliente\u00bb se refiere al acuerdo celebrado entre Kudo Trade (Mauritius) Ltd y el cliente.<\/li>\n<li>\u00abOrden de mercado\u00bb significa una orden para comprar o vender inmediatamente al precio cotizado actual.<\/li>\n<li>El \u00abnivel de margen\u00bb se calcular\u00e1 mediante la f\u00f3rmula (capital \/ margen x 100 %);<\/li>\n<li>\u00abOrden pendiente\u00bb significa la ejecuci\u00f3n de una operaci\u00f3n a un precio espec\u00edfico, lo que incluye \u00f3rdenes de compra limitada, compra stop, venta limitada, venta stop, take profit y stop loss.<\/li>\n<li>\u00abL\u00edmite de venta\u00bb significa una orden para vender valores una vez que el precio alcance un nivel superior al precio actual. Por lo general, esta orden se coloca en previsi\u00f3n de que el precio del valor, tras haber aumentado hasta un determinado nivel, vaya a bajar.<\/li>\n<li>\u00abSell Stop\u00bb significa una orden para vender valores una vez que el precio alcance un nivel espec\u00edfico, que es inferior al precio actual. Por lo general, esta orden se coloca en previsi\u00f3n de que el precio del valor, una vez alcanzado un determinado nivel, seguir\u00e1 cayendo.<\/li>\n<li>\u00abStop Loss\u00bb significa una orden utilizada para minimizar las p\u00e9rdidas si el precio de los valores ha comenzado a moverse en una direcci\u00f3n poco rentable. Si el precio del valor alcanza este nivel, la posici\u00f3n se cerrar\u00e1 autom\u00e1ticamente.<\/li>\n<li>El \u00abStop Out\u00bb se produce cuando el valor del nivel de margen cae por debajo del nivel establecido en la plataforma de negociaci\u00f3n, lo que da lugar al cierre forzoso de las posiciones abiertas sin previo aviso al cliente.<\/li>\n<li>\u00abTake Profit\u00bb significa una orden destinada a obtener beneficios cuando el precio de los valores ha alcanzado un determinado nivel. La ejecuci\u00f3n de esta orden da lugar al cierre de la posici\u00f3n.<\/li>\n<\/ol>\n<p>2.2. El significado de las palabras y expresiones que no se hayan definido en la presente Pol\u00edtica se ajustar\u00e1 a las definiciones descritas en el Acuerdo con el cliente.<\/p>\n<h5>3. T\u00c9RMINOS Y CONDICIONES DE LA TRANSACCI\u00d3N<\/h5>\n<p>3.1. El Cliente reconoce que el apalancamiento para los futuros se reducir\u00e1 a la mitad cuando cierre el mercado de negociaci\u00f3n.<\/p>\n<p>3.2. Las \u00f3rdenes de compra con l\u00edmite, venta con l\u00edmite y take profit sobre pares de divisas y CFD se ejecutan al precio de negociaci\u00f3n introducido por el cliente al primer precio de mercado disponible.<\/p>\n<p>3.3. Las \u00f3rdenes Buy Stop, Sell Stop y Stop Loss sobre pares de divisas y CFD se ejecutan al precio de negociaci\u00f3n introducido por el Cliente al primer precio de mercado disponible. En caso de que:<\/p>\n<ol type=\"a\">\n<li>existe una diferencia en el momento de abrir y cerrar las posiciones; y<\/li>\n<li>la orden pendiente de entrada se encuentra dentro de la brecha; la orden se ejecutar\u00e1 al primer precio de mercado disponible tras la brecha de precios.<\/li>\n<\/ol>\n<p>3.4. El Cliente reconoce que las \u00f3rdenes Buy Stop, Sell Stop, Buy Limit y Sell Limit solo est\u00e1n disponibles a 50 puntos por encima o por debajo del precio actual de mercado (solo limitado a ciertos tipos de cuentas de trading).<\/p>\n<p>3.5. Kudo Trade (Mauritius) Ltd se reserva el derecho a denegar la ejecuci\u00f3n de una orden en caso de que cualquier error de transmisi\u00f3n, retraso, fallo t\u00e9cnico, mal funcionamiento o intervenci\u00f3n ilegal en la plataforma de negociaci\u00f3n provoque un error en el precio o la cotizaci\u00f3n de los instrumentos financieros ofrecidos por Kudo Trade (Mauritius) Ltd.<\/p>\n<p>3.6. El Cliente reconoce que no es posible modificar ni cancelar una orden una vez que el precio de entrada ha alcanzado el precio de ejecuci\u00f3n.<\/p>\n<p>3.7. El Cliente acepta y reconoce que, cuando se produzca un Stop Out, se proceder\u00e1 al cierre forzoso de las posiciones abiertas sin previo aviso al Cliente. En caso de que exista un importe adicional adeudado en la Cuenta del Cliente que surja tras el cierre forzoso de las posiciones abiertas, el Cliente se compromete a pagar el saldo adeudado a Kudo Trade (Mauritius) Ltd.<\/p>\n<h5>4. POL\u00cdTICA DE EJECUCI\u00d3N<\/h5>\n<p>4.1. Actuamos como principal y no como agente en nombre del Cliente en todo momento. Sin embargo, nos reservamos el derecho de transmitir las \u00f3rdenes de los Clientes para su ejecuci\u00f3n a terceros proveedores de liquidez, por lo que, contractualmente, Kudo Trade (Mauritius) Ltd es la \u00fanica contraparte de sus operaciones y cualquier ejecuci\u00f3n de \u00f3rdenes se realiza en nombre de Kudo Trade. Por lo tanto, Kudo Trade (Mauritius) Ltd es el \u00fanico lugar de ejecuci\u00f3n de las \u00f3rdenes del Cliente.<\/p>\n<p>4.2. El Cliente reconoce que las transacciones realizadas con Kudo Trade (Mauritius) Ltd.<\/p>\n<ol type=\"a\">\n<li>no se realizan en una bolsa reconocida;<\/li>\n<li>son transacciones extraburs\u00e1tiles (\u00abOTC\u00bb);<\/li>\n<li>puede exponer al Cliente a riesgos comparativamente mayores que los reconocidos en el mercado, tales como el riesgo de contraparte derivado de la ejecuci\u00f3n fuera de un centro de negociaci\u00f3n.<\/li>\n<\/ol>\n<h5>5. PROHIBICI\u00d3N DE LA B\u00daSQUEDA DE BONIFICACIONES<\/h5>\n<p>5.1. Kudo Trade (Mauritius) Ltd proh\u00edbe estrictamente cualquier acto u omisi\u00f3n cometido por los clientes:<\/p>\n<ol type=\"a\">\n<li>\u00fanicamente con el fin de recibir o cobrar la bonificaci\u00f3n de Kudo Trade (Mauritius) Ltd; y<\/li>\n<li>que tienen como \u00fanico objetivo causar p\u00e9rdidas o da\u00f1os a Kudo Trade (Mauritius) Ltd.<\/li>\n<\/ol>\n<p>5.2. Kudo Trade (Mauritius) Ltd se reserva el derecho a:<\/p>\n<ol type=\"a\">\n<li>retener los fondos del Cliente.<\/li>\n<li>retener la bonificaci\u00f3n del Cliente;<\/li>\n<li>cancelar la bonificaci\u00f3n del Cliente; o<\/li>\n<li>imponer una penalizaci\u00f3n del 5 % sobre el dep\u00f3sito del Cliente;<\/li>\n<\/ol>\n<p>si Kudo Trade (Mauritius) Ltd considera que el Cliente est\u00e1 participando, ha participado o es sospechoso de participar en la caza de bonificaciones.<\/p>\n<p>5.3. Las siguientes acciones se considerar\u00e1n como caza de bonificaciones:<\/p>\n<ol type=\"a\">\n<li>si el Cliente cierra sistem\u00e1ticamente posiciones con una ganancia inferior a 10 puntos y a\u00fan tiene un bono sin volumen de operaciones; y\/o<\/li>\n<li>si el Cliente abre sistem\u00e1ticamente posiciones opuestas y, por lo tanto, no tiene bonificaci\u00f3n por volumen de operaciones.<\/li>\n<\/ol>\n<p>Kudo Trade (Mauritius) Ltd se reserva el derecho de aplicar otros algoritmos u otros m\u00e9todos para identificar la caza de bonificaciones que no se describen en esta Pol\u00edtica.<\/p>\n<p>5.4. El Cliente acepta que, en caso de que se registren varias cuentas a su nombre, el bono solo se abonar\u00e1 en la cuenta en la que el Cliente haya realizado el primer dep\u00f3sito.<\/p>\n<p>5.5. El Cliente reconoce que el importe de su bonificaci\u00f3n sin requisitos de apuesta se reducir\u00e1 en proporci\u00f3n al importe de los retiros sobre el importe del dep\u00f3sito inicial.<\/p>\n<h5>6. MODIFICACIONES<\/h5>\n<p>6.1.\tEl Cliente reconoce que Kudo Trade (Mauritius) Ltd se reserva el derecho de modificar o actualizar esta Pol\u00edtica en cualquier momento sin previo aviso al Cliente. Las modificaciones de la Pol\u00edtica entrar\u00e1n en vigor inmediatamente y ser\u00e1n legalmente vinculantes para el Cliente tras la publicaci\u00f3n de la Pol\u00edtica en el sitio web de Kudo Trade (Mauritius) Ltd. El Cliente se compromete a revisar peri\u00f3dicamente esta Pol\u00edtica en el sitio web de Kudo Trade (Mauritius) Ltd.<\/p>\n<p>6.2. El idioma oficial de esta Pol\u00edtica ser\u00e1 el ingl\u00e9s. Kudo Trade (Mauritius) Ltd puede proporcionar esta Pol\u00edtica en otros idiomas con fines informativos \u00fanicamente y, en caso de cualquier inconsistencia o discrepancia entre la versi\u00f3n en ingl\u00e9s de esta Pol\u00edtica y cualquier otra versi\u00f3n en otro idioma, prevalecer\u00e1 la versi\u00f3n en ingl\u00e9s.<\/p>\n","protected":false},"excerpt":{"rendered":"<p>POL\u00cdTICA DE EJECUCI\u00d3N 1. INTRODUCCI\u00d3N 1.1. La presente Pol\u00edtica de ejecuci\u00f3n de \u00f3rdenes (\u00abPol\u00edtica\u00bb) es proporcionada por Kudo Trade (Mauritius) Ltd (\u00abla Empresa\u00bb). 1.2. Esta Pol\u00edtica ofrece una visi\u00f3n general sobre c\u00f3mo Kudo Trade (Mauritius) Ltd ejecuta las \u00f3rdenes en nombre de los Clientes. 2. DEFINICIONES E INTERPRETACI\u00d3N 2.1. A lo largo de la presente [&hellip;]<\/p>\n","protected":false},"author":22,"featured_media":0,"parent":0,"menu_order":0,"comment_status":"closed","ping_status":"closed","template":"","meta":{"_acf_changed":false,"footnotes":""},"class_list":["post-14892","page","type-page","status-publish","hentry"],"acf":[],"yoast_head":"<!-- This site is optimized with the Yoast SEO plugin v26.7 - https:\/\/yoast.com\/wordpress\/plugins\/seo\/ -->\n<title>Execution Policy<\/title>\n<meta name=\"robots\" content=\"index, follow, max-snippet:-1, max-image-preview:large, max-video-preview:-1\" \/>\n<link rel=\"canonical\" href=\"https:\/\/www.kudotrade.com\/es\/execution-policy\/\" \/>\n<meta property=\"og:locale\" content=\"es_ES\" \/>\n<meta property=\"og:type\" content=\"article\" \/>\n<meta property=\"og:title\" content=\"Execution Policy\" \/>\n<meta property=\"og:description\" content=\"POL\u00cdTICA DE EJECUCI\u00d3N 1. INTRODUCCI\u00d3N 1.1. La presente Pol\u00edtica de ejecuci\u00f3n de \u00f3rdenes (\u00abPol\u00edtica\u00bb) es proporcionada por Kudo Trade (Mauritius) Ltd (\u00abla Empresa\u00bb). 1.2. Esta Pol\u00edtica ofrece una visi\u00f3n general sobre c\u00f3mo Kudo Trade (Mauritius) Ltd ejecuta las \u00f3rdenes en nombre de los Clientes. 2. DEFINICIONES E INTERPRETACI\u00d3N 2.1. A lo largo de la presente [&hellip;]\" \/>\n<meta property=\"og:url\" content=\"https:\/\/www.kudotrade.com\/es\/execution-policy\/\" \/>\n<meta property=\"og:site_name\" content=\"Kudotrade\" \/>\n<meta property=\"article:modified_time\" content=\"2025-11-28T08:16:05+00:00\" \/>\n<meta property=\"og:image\" content=\"https:\/\/www.kudotrade.com\/wp-content\/uploads\/2024\/07\/kudotrade_K.png\" \/>\n\t<meta property=\"og:image:width\" content=\"500\" \/>\n\t<meta property=\"og:image:height\" content=\"500\" \/>\n\t<meta property=\"og:image:type\" content=\"image\/png\" \/>\n<meta name=\"twitter:card\" content=\"summary_large_image\" \/>\n<script type=\"application\/ld+json\" class=\"yoast-schema-graph\">{\"@context\":\"https:\/\/schema.org\",\"@graph\":[{\"@type\":\"WebPage\",\"@id\":\"https:\/\/www.kudotrade.com\/es\/execution-policy\/\",\"url\":\"https:\/\/www.kudotrade.com\/es\/execution-policy\/\",\"name\":\"Execution Policy\",\"isPartOf\":{\"@id\":\"https:\/\/www.kudotrade.com\/es\/#website\"},\"datePublished\":\"2025-11-27T16:46:41+00:00\",\"dateModified\":\"2025-11-28T08:16:05+00:00\",\"breadcrumb\":{\"@id\":\"https:\/\/www.kudotrade.com\/es\/execution-policy\/#breadcrumb\"},\"inLanguage\":\"es\",\"potentialAction\":[{\"@type\":\"ReadAction\",\"target\":[\"https:\/\/www.kudotrade.com\/es\/execution-policy\/\"]}]},{\"@type\":\"BreadcrumbList\",\"@id\":\"https:\/\/www.kudotrade.com\/es\/execution-policy\/#breadcrumb\",\"itemListElement\":[{\"@type\":\"ListItem\",\"position\":1,\"name\":\"Home\",\"item\":\"https:\/\/www.kudotrade.com\/es\/\"},{\"@type\":\"ListItem\",\"position\":2,\"name\":\"Execution Policy\"}]},{\"@type\":\"WebSite\",\"@id\":\"https:\/\/www.kudotrade.com\/es\/#website\",\"url\":\"https:\/\/www.kudotrade.com\/es\/\",\"name\":\"Kudotrade\",\"description\":\"Elevate your trading success with the power of Kudotrade\",\"publisher\":{\"@id\":\"https:\/\/www.kudotrade.com\/es\/#organization\"},\"potentialAction\":[{\"@type\":\"SearchAction\",\"target\":{\"@type\":\"EntryPoint\",\"urlTemplate\":\"https:\/\/www.kudotrade.com\/es\/?s={search_term_string}\"},\"query-input\":{\"@type\":\"PropertyValueSpecification\",\"valueRequired\":true,\"valueName\":\"search_term_string\"}}],\"inLanguage\":\"es\"},{\"@type\":\"Organization\",\"@id\":\"https:\/\/www.kudotrade.com\/es\/#organization\",\"name\":\"Kudotrade\",\"url\":\"https:\/\/www.kudotrade.com\/es\/\",\"logo\":{\"@type\":\"ImageObject\",\"inLanguage\":\"es\",\"@id\":\"https:\/\/www.kudotrade.com\/es\/#\/schema\/logo\/image\/\",\"url\":\"https:\/\/www.kudotrade.com\/wp-content\/uploads\/2024\/07\/kudotrade_K.png\",\"contentUrl\":\"https:\/\/www.kudotrade.com\/wp-content\/uploads\/2024\/07\/kudotrade_K.png\",\"width\":500,\"height\":500,\"caption\":\"Kudotrade\"},\"image\":{\"@id\":\"https:\/\/www.kudotrade.com\/es\/#\/schema\/logo\/image\/\"},\"sameAs\":[\"https:\/\/www.linkedin.com\/company\/kudotrade\/?trk=similar-pages&originalSubdomain=lc\"]}]}<\/script>\n<!-- \/ Yoast SEO plugin. -->","yoast_head_json":{"title":"Execution Policy","robots":{"index":"index","follow":"follow","max-snippet":"max-snippet:-1","max-image-preview":"max-image-preview:large","max-video-preview":"max-video-preview:-1"},"canonical":"https:\/\/www.kudotrade.com\/es\/execution-policy\/","og_locale":"es_ES","og_type":"article","og_title":"Execution Policy","og_description":"POL\u00cdTICA DE EJECUCI\u00d3N 1. INTRODUCCI\u00d3N 1.1. La presente Pol\u00edtica de ejecuci\u00f3n de \u00f3rdenes (\u00abPol\u00edtica\u00bb) es proporcionada por Kudo Trade (Mauritius) Ltd (\u00abla Empresa\u00bb). 1.2. Esta Pol\u00edtica ofrece una visi\u00f3n general sobre c\u00f3mo Kudo Trade (Mauritius) Ltd ejecuta las \u00f3rdenes en nombre de los Clientes. 2. DEFINICIONES E INTERPRETACI\u00d3N 2.1. A lo largo de la presente [&hellip;]","og_url":"https:\/\/www.kudotrade.com\/es\/execution-policy\/","og_site_name":"Kudotrade","article_modified_time":"2025-11-28T08:16:05+00:00","og_image":[{"width":500,"height":500,"url":"https:\/\/www.kudotrade.com\/wp-content\/uploads\/2024\/07\/kudotrade_K.png","type":"image\/png"}],"twitter_card":"summary_large_image","schema":{"@context":"https:\/\/schema.org","@graph":[{"@type":"WebPage","@id":"https:\/\/www.kudotrade.com\/es\/execution-policy\/","url":"https:\/\/www.kudotrade.com\/es\/execution-policy\/","name":"Execution Policy","isPartOf":{"@id":"https:\/\/www.kudotrade.com\/es\/#website"},"datePublished":"2025-11-27T16:46:41+00:00","dateModified":"2025-11-28T08:16:05+00:00","breadcrumb":{"@id":"https:\/\/www.kudotrade.com\/es\/execution-policy\/#breadcrumb"},"inLanguage":"es","potentialAction":[{"@type":"ReadAction","target":["https:\/\/www.kudotrade.com\/es\/execution-policy\/"]}]},{"@type":"BreadcrumbList","@id":"https:\/\/www.kudotrade.com\/es\/execution-policy\/#breadcrumb","itemListElement":[{"@type":"ListItem","position":1,"name":"Home","item":"https:\/\/www.kudotrade.com\/es\/"},{"@type":"ListItem","position":2,"name":"Execution Policy"}]},{"@type":"WebSite","@id":"https:\/\/www.kudotrade.com\/es\/#website","url":"https:\/\/www.kudotrade.com\/es\/","name":"Kudotrade","description":"Elevate your trading success with the power of Kudotrade","publisher":{"@id":"https:\/\/www.kudotrade.com\/es\/#organization"},"potentialAction":[{"@type":"SearchAction","target":{"@type":"EntryPoint","urlTemplate":"https:\/\/www.kudotrade.com\/es\/?s={search_term_string}"},"query-input":{"@type":"PropertyValueSpecification","valueRequired":true,"valueName":"search_term_string"}}],"inLanguage":"es"},{"@type":"Organization","@id":"https:\/\/www.kudotrade.com\/es\/#organization","name":"Kudotrade","url":"https:\/\/www.kudotrade.com\/es\/","logo":{"@type":"ImageObject","inLanguage":"es","@id":"https:\/\/www.kudotrade.com\/es\/#\/schema\/logo\/image\/","url":"https:\/\/www.kudotrade.com\/wp-content\/uploads\/2024\/07\/kudotrade_K.png","contentUrl":"https:\/\/www.kudotrade.com\/wp-content\/uploads\/2024\/07\/kudotrade_K.png","width":500,"height":500,"caption":"Kudotrade"},"image":{"@id":"https:\/\/www.kudotrade.com\/es\/#\/schema\/logo\/image\/"},"sameAs":["https:\/\/www.linkedin.com\/company\/kudotrade\/?trk=similar-pages&originalSubdomain=lc"]}]}},"_links":{"self":[{"href":"https:\/\/www.kudotrade.com\/es\/wp-json\/wp\/v2\/pages\/14892","targetHints":{"allow":["GET"]}}],"collection":[{"href":"https:\/\/www.kudotrade.com\/es\/wp-json\/wp\/v2\/pages"}],"about":[{"href":"https:\/\/www.kudotrade.com\/es\/wp-json\/wp\/v2\/types\/page"}],"author":[{"embeddable":true,"href":"https:\/\/www.kudotrade.com\/es\/wp-json\/wp\/v2\/users\/22"}],"replies":[{"embeddable":true,"href":"https:\/\/www.kudotrade.com\/es\/wp-json\/wp\/v2\/comments?post=14892"}],"version-history":[{"count":1,"href":"https:\/\/www.kudotrade.com\/es\/wp-json\/wp\/v2\/pages\/14892\/revisions"}],"predecessor-version":[{"id":14893,"href":"https:\/\/www.kudotrade.com\/es\/wp-json\/wp\/v2\/pages\/14892\/revisions\/14893"}],"wp:attachment":[{"href":"https:\/\/www.kudotrade.com\/es\/wp-json\/wp\/v2\/media?parent=14892"}],"curies":[{"name":"wp","href":"https:\/\/api.w.org\/{rel}","templated":true}]}}