{"id":12095,"date":"2024-05-01T19:14:50","date_gmt":"2024-05-01T19:14:50","guid":{"rendered":"https:\/\/www.kudotrade.com\/politica-aml\/"},"modified":"2025-04-22T11:05:55","modified_gmt":"2025-04-22T11:05:55","slug":"politica-aml","status":"publish","type":"page","link":"https:\/\/www.kudotrade.com\/es\/politica-aml\/","title":{"rendered":"Pol\u00edtica AML"},"content":{"rendered":"<h4>POL\u00cdTICA DE AML PARA KUDOTRADE<\/h4>\n<p class=\"p3\">Kudotrade se compromete a mantener los m\u00e1s altos niveles de cumplimiento de la normativa contra el blanqueo de capitales (AML) y la financiaci\u00f3n del terrorismo (CTF). En apoyo de los esfuerzos del gobierno para combatir la financiaci\u00f3n del terrorismo y el blanqueo de dinero, la legislaci\u00f3n exige que todas las instituciones financieras recopilen, verifiquen y documenten la informaci\u00f3n de identificaci\u00f3n de las personas que abren cuentas.<\/p>\n<p class=\"p3\">El blanqueo de capitales se refiere al proceso de transformar las ganancias obtenidas de actividades ilegales, como el fraude, la corrupci\u00f3n o el terrorismo, en diferentes fondos o inversiones que parecen leg\u00edtimos, con el fin de ocultar o distorsionar el verdadero origen de los fondos.<\/p>\n<p class=\"p3\">El proceso de blanqueo de dinero puede dividirse en tres etapas secuenciales:<\/p>\n<ul class=\"ul1\">\n<li class=\"li4\"><b>Colocaci\u00f3n- <\/b>Durante la fase de colocaci\u00f3n, los fondos il\u00edcitos se convierten en diversos instrumentos financieros como cheques, cuentas bancarias o transferencias de dinero. Tambi\u00e9n pueden utilizarse para comprar bienes de gran valor que puedan revenderse posteriormente. Otro m\u00e9todo consiste en depositar f\u00edsicamente los fondos en bancos o entidades no bancarias, como servicios de cambio de divisas. Para eludir la detecci\u00f3n, el blanqueador puede optar por m\u00faltiples dep\u00f3sitos m\u00e1s peque\u00f1os en lugar de uno solo grande; esta t\u00e1ctica se conoce como pitufeo.<\/li>\n<li class=\"li4\"><b>En capas. <\/b>El dinero se transfiere o reubica en diferentes cuentas e instrumentos financieros para ocultar su origen y ocultar la identidad de la entidad que est\u00e1 detr\u00e1s de las m\u00faltiples transacciones financieras. Al cambiar de lugar los fondos y alterar su forma, el proceso se vuelve intrincado, lo que obstaculiza los esfuerzos por rastrear el dinero blanqueado.<\/li>\n<li class=\"li3\"><b>Integraci\u00f3n<\/b>. Los fondos vuelven a circular como leg\u00edtimos para comprar bienes y servicios.<\/li>\n<\/ul>\n<p class=\"p3\">Kudotrade defiende los principios contra el blanqueo de dinero y frustra proactivamente cualquier esfuerzo o facilitaci\u00f3n de legitimaci\u00f3n de fondos obtenidos ilegalmente. Nuestra pol\u00edtica AML se centra en evitar que los delincuentes utilicen nuestros servicios para el blanqueo de dinero, la financiaci\u00f3n del terrorismo o cualquier otra actividad il\u00edcita.<\/p>\n<p class=\"p3\">Para combatir el blanqueo de dinero, Kudotrade proh\u00edbe estrictamente tanto la aceptaci\u00f3n como el desembolso de dinero en efectivo en cualquier situaci\u00f3n. La empresa conserva la autoridad para suspender las actividades de cualquier cliente que se consideren ilegales o potencialmente relacionadas con el blanqueo de dinero, seg\u00fan determine nuestro personal.<\/p>\n<p class=\"p3\"><b>Procedimientos de la empresa <\/b><\/p>\n<p class=\"p3\">Kudotrade garantiza que verifica la identidad de las personas f\u00edsicas o jur\u00eddicas con las que se relaciona. Adem\u00e1s, la empresa se adhiere a todas las medidas necesarias exigidas por las leyes y reglamentos pertinentes emitidos por las autoridades monetarias. El cumplimiento de la pol\u00edtica AML dentro de Kudotrade se logra a trav\u00e9s de los siguientes procedimientos:<\/p>\n<ul class=\"ul1\">\n<li class=\"li6\">Conoce a tu cliente (CSC) y diligencia debida<\/li>\n<li class=\"li6\">Seguimiento de la actividad de los clientes<\/li>\n<li class=\"li3\">Mantenimiento de registros<\/li>\n<\/ul>\n<p class=\"p3\"><b>Conoce a tu cliente y diligencia debida <\/b><\/p>\n<p class=\"p3\">Debido a la dedicaci\u00f3n de la empresa a las pol\u00edticas AML y KYC, todos los clientes deben someterse a un proceso de verificaci\u00f3n. Antes de iniciar cualquier negocio con un cliente, Kudotrade se asegura de que se aportan pruebas suficientes para verificar su identidad o aplica medidas alternativas para obtener dichas pruebas satisfactoriamente. Adem\u00e1s, la empresa aplica un mayor escrutinio a los clientes que residen en pa\u00edses identificados por fuentes fidedignas como pa\u00edses con normas ALD insuficientes o que plantean un alto riesgo de delincuencia y corrupci\u00f3n, as\u00ed como a los beneficiarios efectivos que residen en estos pa\u00edses y obtienen fondos de ellos.<\/p>\n<p class=\"p3\"><b>Clientes particulares <\/b><\/p>\n<p class=\"p3\">Como parte del proceso de inscripci\u00f3n, cada cliente facilita datos personales, como su nombre completo, fecha de nacimiento, pa\u00eds de origen y direcci\u00f3n residencial completa. Para verificar estos datos, son necesarios los siguientes documentos: los clientes deben presentar los siguientes documentos. Si los documentos est\u00e1n escritos en caracteres no latinos, se requiere una traducci\u00f3n notarial al ingl\u00e9s para evitar retrasos en el proceso de verificaci\u00f3n. Esto se hace para cumplir los requisitos KYC y autentificar la informaci\u00f3n facilitada.<\/p>\n<p class=\"p3\">Consulta la lista de documentos necesarios m\u00e1s abajo;<\/p>\n<p>Para utilizar esta plataforma es obligatorio que el cliente tenga 18 a\u00f1os o m\u00e1s.<\/p>\n<ul class=\"ul1\">\n<li class=\"li7\">Pasaporte en vigor (mostrando la primera p\u00e1gina del pasaporte local o internacional, donde la foto y la firma sean claramente visibles);<\/li>\n<li class=\"li7\">Permiso de conducir con fotograf\u00eda; o \u25cf Documento nacional de identidad (que muestre las p\u00e1ginas delantera y trasera);<\/li>\n<li class=\"li7\">Documentos que prueben la direcci\u00f3n permanente actual (como facturas de servicios p\u00fablicos, extractos bancarios, etc.) que contengan el nombre completo del cliente y su lugar de residencia. Estos documentos no deben tener m\u00e1s de 3 meses de antig\u00fcedad desde la fecha de presentaci\u00f3n Pasaporte actual en vigor (que muestre la primera p\u00e1gina del pasaporte local o internacional, donde la foto y la firma sean claramente visibles);<\/li>\n<li class=\"li7\">Permiso de conducir con fotograf\u00eda;<\/li>\n<li class=\"li3\">Documento nacional de identidad (en el que figuren las p\u00e1ginas delantera y trasera); y<\/li>\n<li class=\"li3\">Documentos que prueben la direcci\u00f3n permanente actual (como facturas de servicios p\u00fablicos, extractos bancarios, etc.) que contengan el nombre completo del cliente y su lugar de residencia. Estos documentos no deben tener m\u00e1s de 3 meses de antig\u00fcedad desde la fecha de presentaci\u00f3n.<\/li>\n<\/ul>\n<p class=\"p3\"><b>Clientes corporativos <\/b><\/p>\n<p class=\"p3\">Si la empresa solicitante cotiza en una bolsa de valores reconocida o autorizada, o si existen pruebas independientes que demuestren que es una filial de su propiedad o est\u00e1 bajo el control de dicha empresa, normalmente no son necesarios pasos adicionales de verificaci\u00f3n de identidad. Sin embargo, si la empresa no cotiza en bolsa y ninguno de los principales directores o accionistas es actualmente titular de una cuenta en Kudotrade, deber\u00e1 presentarse la siguiente documentaci\u00f3n:<\/p>\n<ul class=\"ul1\">\n<li class=\"li4\">Certificado de constituci\u00f3n o cualquier equivalente nacional;<\/li>\n<li class=\"li4\">Estatutos y declaraci\u00f3n estatutaria o cualquier equivalente nacional;<\/li>\n<li class=\"li4\">Certificado de solvencia u otra prueba del domicilio social de la empresa;<\/li>\n<li class=\"li4\">Resoluci\u00f3n del consejo de administraci\u00f3n de abrir una cuenta y conferir autoridad a quienes la operar\u00e1n;<\/li>\n<li class=\"li4\">Copias de los poderes u otras autorizaciones otorgadas por los administradores en relaci\u00f3n con la empresa;<\/li>\n<li class=\"li4\">Prueba de identidad de los directores en caso de que vaya a tratar con Kudotrade en nombre del Cliente (de acuerdo con las normas de verificaci\u00f3n de identidad individual descritas anteriormente);<\/li>\n<li class=\"li3\">Prueba de la identidad del titular o titulares efectivos y\/o de la persona o personas bajo cuyas instrucciones est\u00e1n facultados para actuar los firmantes de la cuenta (seg\u00fan las normas de verificaci\u00f3n de la identidad individual descritas anteriormente).<\/li>\n<\/ul>\n<p class=\"p3\"><b>Seguimiento de la actividad de los clientes <\/b><\/p>\n<p class=\"p3\">Aparte de la recopilaci\u00f3n inicial de informaci\u00f3n sobre el cliente, Kudotrade mantiene una supervisi\u00f3n continua de la actividad de cada cliente para detectar y disuadir cualquier transacci\u00f3n potencialmente sospechosa. Una transacci\u00f3n sospechosa se define como aquella que se desv\u00eda de las actividades comerciales leg\u00edtimas del cliente o de sus patrones t\u00edpicos de transacci\u00f3n, seg\u00fan lo observado a trav\u00e9s de la supervisi\u00f3n de la actividad del cliente. Kudotrade ha establecido un sistema para supervisar dichas transacciones, empleando procesos autom\u00e1ticos y, si es necesario, manuales, para impedir que los delincuentes utilicen los servicios de la empresa.<\/p>\n<p class=\"p3\"><b>Mantenimiento de registros <\/b><\/p>\n<p class=\"p3\">Todos los datos de las transacciones, la informaci\u00f3n relacionada con la identificaci\u00f3n y los documentos relativos al blanqueo de capitales, como los archivos que documentan los informes de actividades sospechosas y la supervisi\u00f3n de cuentas AML, deben registrarse y conservarse meticulosamente. Estos registros se conservan durante al menos siete a\u00f1os tras el cierre de la cuenta.<\/p>\n<p class=\"p3\"><b>Requisitos de dep\u00f3sito y retirada <\/b><\/p>\n<p class=\"p3\">Todos los dep\u00f3sitos y retiradas de las cuentas de trading de Kudotrade siguen los siguientes requisitos estrictos:<\/p>\n<ul class=\"ul1\">\n<li class=\"li7\">Debido a las leyes AML \/ CTF, Kudotrade no puede recibir ni depositar fondos a terceros.<\/li>\n<li class=\"li7\">Los fondos enviados a Kudotrade deben proceder de una cuenta bancaria, tarjeta de cr\u00e9dito\/d\u00e9bito o m\u00e9todo de pago alternativo (Skrill, China Union Pay, Neteller, Fasapay u otros) bajo el mismo nombre que el nombre de la cuenta comercial con Kudotrade.<\/li>\n<li class=\"li7\">Todos los fondos retirados de una cuenta de negociaci\u00f3n deben ir a una cuenta bancaria, tarjeta de cr\u00e9dito\/d\u00e9bito o m\u00e9todo de pago alternativo (Skrill, China Union Pay, Neteller, Fasapay u otros) con el mismo nombre que el de la cuenta de negociaci\u00f3n con Kudotrade.<\/li>\n<li class=\"li3\">Todas las solicitudes de retirada se procesan seg\u00fan el principio <b>FIFO (primero en entrar, primero en salir<\/b>), de acuerdo con la fuente de financiaci\u00f3n de origen. Por ejemplo, se realiza un ingreso a trav\u00e9s de una tarjeta de d\u00e9bito\/cr\u00e9dito y, a continuaci\u00f3n, se recibe una solicitud de retirada. El importe de los fondos devueltos a la Tarjeta de D\u00e9bito\/Cr\u00e9dito correspondiente, cuando se recibe una solicitud de retirada, no puede superar el importe original depositado. Cualquier beneficio que supere el importe depositado se transferir\u00e1 a una cuenta bancaria designada, que debe estar a nombre de tu cuenta de operaciones.<\/li>\n<\/ul>\n<p class=\"p3\">Ejemplos:<\/p>\n<ul class=\"ul1\">\n<li class=\"li4\">Depositaste 100 $ mediante Tarjeta de Cr\u00e9dito y obtuviste un beneficio de 1.000 $. Al solicitar una retirada de 1.000 $, recibir\u00e1s 100 $ en tu Tarjeta de Cr\u00e9dito y el resto, 900 $, en tu cuenta bancaria.<\/li>\n<li class=\"li4\">Depositaste 100 $ mediante Skrill y 50 $ mediante tarjeta de cr\u00e9dito. Si solicitas una retirada de 120 $ a trav\u00e9s de Skrill, obtendr\u00e1s 100 $ a trav\u00e9s de Skrill y 20 $ a trav\u00e9s de la tarjeta.<\/li>\n<li class=\"li4\">Todas las solicitudes de retirada iniciales deben verificarse por seguridad mediante la presentaci\u00f3n de un extracto bancario que incluya la informaci\u00f3n del titular de la cuenta y los datos bancarios. Kudotrade no aceptar\u00e1 dep\u00f3sitos o retiradas realizados bajo un nombre diferente al del Kudotrade registrado.<\/li>\n<li class=\"li3\">Si una cuenta de negociaci\u00f3n se abon\u00f3 de una forma que no puede utilizarse para la retirada de fondos, \u00e9stos pueden retirarse a una cuenta bancaria con el mismo nombre que el de la cuenta de negociaci\u00f3n con Kudotrade, siempre que el cliente proporcione pruebas satisfactorias de la titularidad de la cuenta bancaria de la que proceden los fondos, as\u00ed como de la cuenta bancaria de destino.<\/li>\n<\/ul>\n<p class=\"p3\"><b>Medidas adoptadas <\/b><\/p>\n<p class=\"p3\">Si Kudotrade sospecha que alguna transacci\u00f3n est\u00e1 relacionada con el blanqueo de dinero u otras actividades delictivas, actuar\u00e1 de acuerdo con las leyes pertinentes informando de las actividades sospechosas a la autoridad reguladora correspondiente. Kudotrade mantiene el derecho a suspender las operaciones de cualquier cliente que se considere implicado en actividades ilegales o sospechoso de blanqueo de dinero, seg\u00fan determine el criterio del personal. La empresa tambi\u00e9n tiene la facultad discrecional de congelar temporalmente las cuentas de clientes sospechosos o rescindir las relaciones existentes con los clientes.<\/p>\n","protected":false},"excerpt":{"rendered":"<p>POL\u00cdTICA DE AML PARA KUDOTRADE Kudotrade se compromete a mantener los m\u00e1s altos niveles de cumplimiento de la normativa contra el blanqueo de capitales (AML) y la financiaci\u00f3n del terrorismo (CTF). En apoyo de los esfuerzos del gobierno para combatir la financiaci\u00f3n del terrorismo y el blanqueo de dinero, la legislaci\u00f3n exige que todas las [&hellip;]<\/p>\n","protected":false},"author":2,"featured_media":0,"parent":0,"menu_order":0,"comment_status":"closed","ping_status":"closed","template":"","meta":{"_acf_changed":false,"footnotes":""},"class_list":["post-12095","page","type-page","status-publish","hentry"],"acf":[],"yoast_head":"<!-- This site is optimized with the Yoast SEO plugin v26.7 - https:\/\/yoast.com\/wordpress\/plugins\/seo\/ -->\n<title>Pol\u00edtica AML<\/title>\n<meta name=\"description\" content=\"Nuestra pol\u00edtica integral de aml.\" \/>\n<meta name=\"robots\" content=\"noindex, nofollow\" \/>\n<meta property=\"og:locale\" content=\"es_ES\" \/>\n<meta property=\"og:type\" content=\"article\" \/>\n<meta property=\"og:title\" content=\"Pol\u00edtica AML\" \/>\n<meta property=\"og:description\" content=\"Nuestra pol\u00edtica integral de aml.\" \/>\n<meta property=\"og:url\" content=\"https:\/\/www.kudotrade.com\/es\/politica-aml\/\" \/>\n<meta property=\"og:site_name\" content=\"Kudotrade\" \/>\n<meta property=\"article:modified_time\" content=\"2025-04-22T11:05:55+00:00\" \/>\n<meta property=\"og:image\" content=\"https:\/\/www.kudotrade.com\/wp-content\/uploads\/2024\/07\/kudotrade_K.png\" \/>\n\t<meta property=\"og:image:width\" content=\"500\" \/>\n\t<meta property=\"og:image:height\" content=\"500\" \/>\n\t<meta property=\"og:image:type\" content=\"image\/png\" \/>\n<meta name=\"twitter:card\" content=\"summary_large_image\" \/>\n<meta name=\"twitter:label1\" content=\"Tiempo de lectura\" \/>\n\t<meta name=\"twitter:data1\" content=\"8 minutos\" \/>\n<script type=\"application\/ld+json\" class=\"yoast-schema-graph\">{\"@context\":\"https:\/\/schema.org\",\"@graph\":[{\"@type\":\"WebPage\",\"@id\":\"https:\/\/www.kudotrade.com\/es\/politica-aml\/\",\"url\":\"https:\/\/www.kudotrade.com\/es\/politica-aml\/\",\"name\":\"Pol\u00edtica AML\",\"isPartOf\":{\"@id\":\"https:\/\/www.kudotrade.com\/es\/#website\"},\"datePublished\":\"2024-05-01T19:14:50+00:00\",\"dateModified\":\"2025-04-22T11:05:55+00:00\",\"description\":\"Nuestra pol\u00edtica integral de aml.\",\"breadcrumb\":{\"@id\":\"https:\/\/www.kudotrade.com\/es\/politica-aml\/#breadcrumb\"},\"inLanguage\":\"es\",\"potentialAction\":[{\"@type\":\"ReadAction\",\"target\":[\"https:\/\/www.kudotrade.com\/es\/politica-aml\/\"]}]},{\"@type\":\"BreadcrumbList\",\"@id\":\"https:\/\/www.kudotrade.com\/es\/politica-aml\/#breadcrumb\",\"itemListElement\":[{\"@type\":\"ListItem\",\"position\":1,\"name\":\"Home\",\"item\":\"https:\/\/www.kudotrade.com\/es\/\"},{\"@type\":\"ListItem\",\"position\":2,\"name\":\"Pol\u00edtica AML\"}]},{\"@type\":\"WebSite\",\"@id\":\"https:\/\/www.kudotrade.com\/es\/#website\",\"url\":\"https:\/\/www.kudotrade.com\/es\/\",\"name\":\"Kudotrade\",\"description\":\"Elevate your trading success with the power of Kudotrade\",\"publisher\":{\"@id\":\"https:\/\/www.kudotrade.com\/es\/#organization\"},\"potentialAction\":[{\"@type\":\"SearchAction\",\"target\":{\"@type\":\"EntryPoint\",\"urlTemplate\":\"https:\/\/www.kudotrade.com\/es\/?s={search_term_string}\"},\"query-input\":{\"@type\":\"PropertyValueSpecification\",\"valueRequired\":true,\"valueName\":\"search_term_string\"}}],\"inLanguage\":\"es\"},{\"@type\":\"Organization\",\"@id\":\"https:\/\/www.kudotrade.com\/es\/#organization\",\"name\":\"Kudotrade\",\"url\":\"https:\/\/www.kudotrade.com\/es\/\",\"logo\":{\"@type\":\"ImageObject\",\"inLanguage\":\"es\",\"@id\":\"https:\/\/www.kudotrade.com\/es\/#\/schema\/logo\/image\/\",\"url\":\"https:\/\/www.kudotrade.com\/wp-content\/uploads\/2024\/07\/kudotrade_K.png\",\"contentUrl\":\"https:\/\/www.kudotrade.com\/wp-content\/uploads\/2024\/07\/kudotrade_K.png\",\"width\":500,\"height\":500,\"caption\":\"Kudotrade\"},\"image\":{\"@id\":\"https:\/\/www.kudotrade.com\/es\/#\/schema\/logo\/image\/\"},\"sameAs\":[\"https:\/\/www.linkedin.com\/company\/kudotrade\/?trk=similar-pages&originalSubdomain=lc\"]}]}<\/script>\n<!-- \/ Yoast SEO plugin. -->","yoast_head_json":{"title":"Pol\u00edtica AML","description":"Nuestra pol\u00edtica integral de aml.","robots":{"index":"noindex","follow":"nofollow"},"og_locale":"es_ES","og_type":"article","og_title":"Pol\u00edtica AML","og_description":"Nuestra pol\u00edtica integral de aml.","og_url":"https:\/\/www.kudotrade.com\/es\/politica-aml\/","og_site_name":"Kudotrade","article_modified_time":"2025-04-22T11:05:55+00:00","og_image":[{"width":500,"height":500,"url":"https:\/\/www.kudotrade.com\/wp-content\/uploads\/2024\/07\/kudotrade_K.png","type":"image\/png"}],"twitter_card":"summary_large_image","twitter_misc":{"Tiempo de lectura":"8 minutos"},"schema":{"@context":"https:\/\/schema.org","@graph":[{"@type":"WebPage","@id":"https:\/\/www.kudotrade.com\/es\/politica-aml\/","url":"https:\/\/www.kudotrade.com\/es\/politica-aml\/","name":"Pol\u00edtica AML","isPartOf":{"@id":"https:\/\/www.kudotrade.com\/es\/#website"},"datePublished":"2024-05-01T19:14:50+00:00","dateModified":"2025-04-22T11:05:55+00:00","description":"Nuestra pol\u00edtica integral de aml.","breadcrumb":{"@id":"https:\/\/www.kudotrade.com\/es\/politica-aml\/#breadcrumb"},"inLanguage":"es","potentialAction":[{"@type":"ReadAction","target":["https:\/\/www.kudotrade.com\/es\/politica-aml\/"]}]},{"@type":"BreadcrumbList","@id":"https:\/\/www.kudotrade.com\/es\/politica-aml\/#breadcrumb","itemListElement":[{"@type":"ListItem","position":1,"name":"Home","item":"https:\/\/www.kudotrade.com\/es\/"},{"@type":"ListItem","position":2,"name":"Pol\u00edtica AML"}]},{"@type":"WebSite","@id":"https:\/\/www.kudotrade.com\/es\/#website","url":"https:\/\/www.kudotrade.com\/es\/","name":"Kudotrade","description":"Elevate your trading success with the power of Kudotrade","publisher":{"@id":"https:\/\/www.kudotrade.com\/es\/#organization"},"potentialAction":[{"@type":"SearchAction","target":{"@type":"EntryPoint","urlTemplate":"https:\/\/www.kudotrade.com\/es\/?s={search_term_string}"},"query-input":{"@type":"PropertyValueSpecification","valueRequired":true,"valueName":"search_term_string"}}],"inLanguage":"es"},{"@type":"Organization","@id":"https:\/\/www.kudotrade.com\/es\/#organization","name":"Kudotrade","url":"https:\/\/www.kudotrade.com\/es\/","logo":{"@type":"ImageObject","inLanguage":"es","@id":"https:\/\/www.kudotrade.com\/es\/#\/schema\/logo\/image\/","url":"https:\/\/www.kudotrade.com\/wp-content\/uploads\/2024\/07\/kudotrade_K.png","contentUrl":"https:\/\/www.kudotrade.com\/wp-content\/uploads\/2024\/07\/kudotrade_K.png","width":500,"height":500,"caption":"Kudotrade"},"image":{"@id":"https:\/\/www.kudotrade.com\/es\/#\/schema\/logo\/image\/"},"sameAs":["https:\/\/www.linkedin.com\/company\/kudotrade\/?trk=similar-pages&originalSubdomain=lc"]}]}},"_links":{"self":[{"href":"https:\/\/www.kudotrade.com\/es\/wp-json\/wp\/v2\/pages\/12095","targetHints":{"allow":["GET"]}}],"collection":[{"href":"https:\/\/www.kudotrade.com\/es\/wp-json\/wp\/v2\/pages"}],"about":[{"href":"https:\/\/www.kudotrade.com\/es\/wp-json\/wp\/v2\/types\/page"}],"author":[{"embeddable":true,"href":"https:\/\/www.kudotrade.com\/es\/wp-json\/wp\/v2\/users\/2"}],"replies":[{"embeddable":true,"href":"https:\/\/www.kudotrade.com\/es\/wp-json\/wp\/v2\/comments?post=12095"}],"version-history":[{"count":1,"href":"https:\/\/www.kudotrade.com\/es\/wp-json\/wp\/v2\/pages\/12095\/revisions"}],"predecessor-version":[{"id":14057,"href":"https:\/\/www.kudotrade.com\/es\/wp-json\/wp\/v2\/pages\/12095\/revisions\/14057"}],"wp:attachment":[{"href":"https:\/\/www.kudotrade.com\/es\/wp-json\/wp\/v2\/media?parent=12095"}],"curies":[{"name":"wp","href":"https:\/\/api.w.org\/{rel}","templated":true}]}}