{"id":14888,"date":"2025-11-27T16:46:41","date_gmt":"2025-11-27T16:46:41","guid":{"rendered":"https:\/\/www.kudotrade.com\/?page_id=14888"},"modified":"2025-11-28T08:14:44","modified_gmt":"2025-11-28T08:14:44","slug":"execution-policy","status":"publish","type":"page","link":"https:\/\/www.kudotrade.com\/de\/execution-policy\/","title":{"rendered":"Execution Policy"},"content":{"rendered":"<h4>AUSF\u00dcHRUNGSPOLITIK<\/h4>\n<h5>1. EINLEITUNG<\/h5>\n<p>1.1. Diese Richtlinie zur Auftragsausf\u00fchrung (\u201eRichtlinie\u201c) wird von Kudo Trade (Mauritius) Ltd (\u201edas Unternehmen\u201c) bereitgestellt.<\/p>\n<p>1.2. Diese Richtlinie gibt einen \u00dcberblick dar\u00fcber, wie Kudo Trade (Mauritius) Ltd Auftr\u00e4ge im Namen der Kunden ausf\u00fchrt.<\/p>\n<h5>2. DEFINITIONEN UND AUSLEGUNG<\/h5>\n<p>2.1. In dieser Richtlinie haben die folgenden Begriffe und Ausdr\u00fccke die folgende Bedeutung:<\/p>\n<ol type=\"a\">\n<li>\u201eKauflimit\u201c bezeichnet einen Auftrag zum Kauf von Wertpapieren, sobald der Kurs ein Niveau erreicht, das unter dem aktuellen Kurs liegt. In der Regel wird dieser Auftrag in der Erwartung erteilt, dass der Kurs des Wertpapiers, nachdem er auf ein bestimmtes Niveau gefallen ist, wieder steigen wird.<\/li>\n<li>\u201eBuy Stop\u201c bezeichnet einen Auftrag zum Kauf von Wertpapieren, sobald der Kurs ein bestimmtes Niveau erreicht, das \u00fcber dem aktuellen Kurs liegt. In der Regel wird dieser Auftrag in der Erwartung erteilt, dass der Kurs des Wertpapiers, nachdem er ein bestimmtes Niveau erreicht hat, weiter steigen wird.<\/li>\n<li>\u201eKundenvertrag\u201c bezeichnet den zwischen Kudo Trade (Mauritius) Ltd und dem Kunden geschlossenen Kundenvertrag.<\/li>\n<li>\u201eMarktorder\u201c bezeichnet einen Auftrag zum sofortigen Kauf oder Verkauf zum aktuell notierten Preis.<\/li>\n<li>Der \u201eMargin-Level\u201c wird anhand der folgenden Formel berechnet: (Eigenkapital \/ Margin x 100 %);<\/li>\n<li>\u201eAusstehende Order\u201c bezeichnet die Ausf\u00fchrung eines Handelsgesch\u00e4fts zu einem bestimmten Preis, darunter Buy Limit, Buy Stop, Sell Limit, Sell Stop, Take Profit und Stop Loss.<\/li>\n<li>\u201eVerkaufslimit\u201c bezeichnet einen Auftrag zum Verkauf von Wertpapieren, sobald der Kurs ein Niveau erreicht, das \u00fcber dem aktuellen Kurs liegt. In der Regel wird dieser Auftrag in der Erwartung erteilt, dass der Kurs des Wertpapiers, nachdem er auf ein bestimmtes Niveau gestiegen ist, wieder fallen wird.<\/li>\n<li>\u201eSell Stop\u201c bezeichnet einen Auftrag zum Verkauf von Wertpapieren, sobald der Kurs ein bestimmtes Niveau erreicht, das unter dem aktuellen Kurs liegt. In der Regel wird dieser Auftrag in der Erwartung erteilt, dass der Kurs des Wertpapiers, nachdem er ein bestimmtes Niveau erreicht hat, weiter fallen wird.<\/li>\n<li>\u201eStop Loss\u201c bezeichnet einen Auftrag, der zur Minimierung von Verlusten verwendet wird, wenn sich der Kurs von Wertpapieren in eine unrentable Richtung zu bewegen beginnt. Erreicht der Wertpapierkurs dieses Niveau, wird die Position automatisch geschlossen.<\/li>\n<li>Ein \u201eStop-Out\u201c tritt ein, wenn der Wert der Margin-Stufe unter das in der Handelsplattform festgelegte Niveau f\u00e4llt, wodurch die ge\u00f6ffnete Position ohne vorherige Benachrichtigung des Kunden zwangsweise geschlossen wird.<\/li>\n<li>\u201eTake Profit\u201c bezeichnet einen Auftrag, der darauf abzielt, einen Gewinn zu erzielen, wenn der Kurs eines Wertpapiers ein bestimmtes Niveau erreicht hat. Die Ausf\u00fchrung dieses Auftrags f\u00fchrt zur Schlie\u00dfung der Position.<\/li>\n<\/ol>\n<p>2.2. Die Bedeutung von W\u00f6rtern und Ausdr\u00fccken, die in dieser Richtlinie nicht definiert wurden, richtet sich nach den Definitionen in der Kundenvereinbarung.<\/p>\n<h5>3. TRANSAKTIONSBEDINGUNGEN<\/h5>\n<p>3.1. Der Kunde nimmt zur Kenntnis, dass die Hebelwirkung f\u00fcr Futures bei B\u00f6rsenschluss um die H\u00e4lfte reduziert wird.<\/p>\n<p>3.2. Kauf-Limit, Verkaufs-Limit und Take Profit f\u00fcr W\u00e4hrungspaare und CFDs werden zum vom Kunden eingegebenen Handelspreis zum ersten verf\u00fcgbaren Marktpreis ausgef\u00fchrt.<\/p>\n<p>3.3. Buy Stop, Sell Stop und Stop Loss f\u00fcr W\u00e4hrungspaare und CFDs werden zum vom Kunden eingegebenen Handelspreis zum ersten verf\u00fcgbaren Marktpreis ausgef\u00fchrt. In diesem Fall:<\/p>\n<ol type=\"a\">\n<li>Es besteht eine L\u00fccke zum Zeitpunkt des \u00d6ffnens und Schlie\u00dfens der Positionen.<\/li>\n<li>Die ausstehende Eingabeorder liegt innerhalb der L\u00fccke; die Order wird zum ersten verf\u00fcgbaren Marktpreis nach der Kursl\u00fccke ausgef\u00fchrt.<\/li>\n<\/ol>\n<p>3.4. Der Kunde nimmt zur Kenntnis, dass Buy-Stop-, Sell-Stop-, Buy-Limit- und Sell-Limit-Auftr\u00e4ge nur 50 Punkte \u00fcber oder unter dem aktuellen Marktpreis verf\u00fcgbar sind (nur f\u00fcr bestimmte Arten von Handelskonten).<\/p>\n<p>3.5. Kudo Trade (Mauritius) Ltd beh\u00e4lt sich das Recht vor, die Ausf\u00fchrung eines Auftrags zu verweigern, wenn \u00dcbertragungsfehler, Verz\u00f6gerungen, technische St\u00f6rungen, Fehlfunktionen oder illegale Eingriffe in die Handelsplattform zu Preis- oder Kursfehlern bei den von Kudo Trade (Mauritius) Ltd angebotenen Finanzinstrumenten gef\u00fchrt haben.<\/p>\n<p>3.6. Der Kunde nimmt zur Kenntnis, dass eine \u00c4nderung oder Stornierung einer Order nicht mehr m\u00f6glich ist, sobald der Eingabekurs den Ausf\u00fchrungskurs erreicht hat.<\/p>\n<p>3.7. Der Kunde erkl\u00e4rt sich damit einverstanden und erkennt an, dass bei Eintritt eines Stop-Out die erzwungene Schlie\u00dfung der offenen Positionen ohne vorherige Benachrichtigung des Kunden erfolgt. Falls nach der erzwungenen Schlie\u00dfung der offenen Positionen ein zus\u00e4tzlicher Betrag auf dem Kundenkonto f\u00e4llig wird, verpflichtet sich der Kunde, den f\u00e4lligen Betrag an Kudo Trade (Mauritius) Ltd. zu zahlen.<\/p>\n<h5>4. AUSF\u00dcHRUNGSPOLITIK<\/h5>\n<p>4.1. Wir handeln jederzeit als Auftraggeber und nicht als Vertreter im Namen des Kunden. Wir behalten uns jedoch das Recht vor, die Auftr\u00e4ge des Kunden zur Ausf\u00fchrung an externe Liquidit\u00e4tsanbieter weiterzuleiten, wobei Kudo Trade (Mauritius) Ltd vertraglich die einzige Gegenpartei f\u00fcr Ihre Gesch\u00e4fte ist und alle Auftr\u00e4ge im Namen von Kudo Trade ausgef\u00fchrt werden. Daher ist Kudo Trade (Mauritius) Ltd der einzige Ausf\u00fchrungsort f\u00fcr die Ausf\u00fchrung der Auftr\u00e4ge des Kunden.<\/p>\n<p>4.2. Der Kunde erkennt an, dass die mit Kudo Trade (Mauritius) Ltd abgeschlossenen Transaktionen<\/p>\n<ol type=\"a\">\n<li>nicht an einer anerkannten B\u00f6rse durchgef\u00fchrt werden;<\/li>\n<li>sind au\u00dferb\u00f6rsliche Transaktionen (\u201eOTC\u201c);<\/li>\n<li>kann den Kunden vergleichsweise gr\u00f6\u00dferen Risiken aussetzen als anerkannte B\u00f6rsen, beispielsweise einem Kontrahentenrisiko, das sich aus der Ausf\u00fchrung au\u00dferhalb eines Handelsplatzes ergibt.<\/li>\n<\/ol>\n<h5>5. VERBOT DER BONUSJAGD<\/h5>\n<p>5.1. Kudo Trade (Mauritius) Ltd untersagt Kunden strengstens jegliche Handlungen oder Unterlassungen:<\/p>\n<ol type=\"a\">\n<li>ausschlie\u00dflich zum Zweck des Erhalts oder der Einziehung des Bonus von Kudo Trade (Mauritius) Ltd; und<\/li>\n<li>die ausschlie\u00dflich dazu bestimmt sind, Kudo Trade (Mauritius) Ltd. Verluste oder Sch\u00e4den zuzuf\u00fcgen.<\/li>\n<\/ol>\n<p>5.2. Kudo Trade (Mauritius) Ltd beh\u00e4lt sich das Recht vor:<\/p>\n<ol type=\"a\">\n<li>die Gelder des Kunden zur\u00fcckhalten.<\/li>\n<li>den Bonus des Kunden zur\u00fcckhalten;<\/li>\n<li>cancel the Client\u2019s bonus; or<\/li>\n<li>den Bonus des Kunden stornieren; oder<\/li>\n<\/ol>\n<p>wenn Kudo Trade (Mauritius) Ltd der Ansicht ist, dass der Kunde Bonus-Hunting betreibt, betrieben hat oder unter Verdacht steht, Bonus-Hunting zu betreiben.<\/p>\n<p>5.3. Die folgenden Handlungen gelten als Bonus-Jagd:<\/p>\n<ol type=\"a\">\n<li>wenn der Kunde systematisch Positionen mit einem Gewinn von weniger als 10 Punkten schlie\u00dft und noch \u00fcber einen nicht umsatzabh\u00e4ngigen Bonus verf\u00fcgt; und\/oder<\/li>\n<li>wenn der Kunde systematisch die entgegengesetzten Positionen er\u00f6ffnet und somit keinen Umsatzbonus hat.<\/li>\n<\/ol>\n<p>Kudo Trade (Mauritius) Ltd beh\u00e4lt sich das Recht vor, andere Algorithmen oder Methoden zur Identifizierung von Bonusj\u00e4gern anzuwenden, die nicht in dieser Richtlinie beschrieben sind.<\/p>\n<p>5.4. Der Kunde erkl\u00e4rt sich damit einverstanden, dass im Falle der Registrierung mehrerer Konten unter seinem Namen der Bonus nur dem Konto gutgeschrieben wird, auf das der Kunde die erste Einzahlung get\u00e4tigt hat.<\/p>\n<p>5.5. Der Kunde nimmt zur Kenntnis, dass die H\u00f6he seines nicht umsatzabh\u00e4ngigen Bonus proportional zum Betrag der Auszahlungen auf den Betrag der Ersteinzahlung reduziert wird.<\/p>\n<h5>6. \u00c4NDERUNGEN<\/h5>\n<p>6.1.\tDer Kunde erkennt an, dass Kudo Trade (Mauritius) Ltd sich das Recht vorbeh\u00e4lt, diese Richtlinie jederzeit ohne vorherige Ank\u00fcndigung gegen\u00fcber dem Kunden zu \u00e4ndern oder zu aktualisieren. Die \u00c4nderungen der Richtlinie treten sofort in Kraft und sind f\u00fcr den Kunden nach Ver\u00f6ffentlichung der Richtlinie auf der Website von Kudo Trade (Mauritius) Ltd rechtsverbindlich. Der Kunde verpflichtet sich, diese Richtlinie regelm\u00e4\u00dfig auf der Website von Kudo Trade (Mauritius) Ltd zu \u00fcberpr\u00fcfen.<\/p>\n<p>6.2. Die offizielle Sprache dieser Richtlinie ist Englisch. Kudo Trade (Mauritius) Ltd kann diese Richtlinie zu Informationszwecken auch in anderen Sprachen zur Verf\u00fcgung stellen. Im Falle von Unstimmigkeiten oder Abweichungen zwischen der englischen Version dieser Richtlinie und einer anderen Sprachversion ist die englische Version ma\u00dfgebend.<\/p>\n","protected":false},"excerpt":{"rendered":"<p>AUSF\u00dcHRUNGSPOLITIK 1. EINLEITUNG 1.1. Diese Richtlinie zur Auftragsausf\u00fchrung (\u201eRichtlinie\u201c) wird von Kudo Trade (Mauritius) Ltd (\u201edas Unternehmen\u201c) bereitgestellt. 1.2. Diese Richtlinie gibt einen \u00dcberblick dar\u00fcber, wie Kudo Trade (Mauritius) Ltd Auftr\u00e4ge im Namen der Kunden ausf\u00fchrt. 2. DEFINITIONEN UND AUSLEGUNG 2.1. In dieser Richtlinie haben die folgenden Begriffe und Ausdr\u00fccke die folgende Bedeutung: \u201eKauflimit\u201c bezeichnet [&hellip;]<\/p>\n","protected":false},"author":22,"featured_media":0,"parent":0,"menu_order":0,"comment_status":"closed","ping_status":"closed","template":"","meta":{"_acf_changed":false,"footnotes":""},"class_list":["post-14888","page","type-page","status-publish","hentry"],"acf":[],"yoast_head":"<!-- This site is optimized with the Yoast SEO plugin v26.7 - https:\/\/yoast.com\/wordpress\/plugins\/seo\/ -->\n<title>Execution Policy<\/title>\n<meta name=\"robots\" content=\"index, follow, max-snippet:-1, max-image-preview:large, max-video-preview:-1\" \/>\n<link rel=\"canonical\" href=\"https:\/\/www.kudotrade.com\/de\/execution-policy\/\" \/>\n<meta property=\"og:locale\" content=\"de_DE\" \/>\n<meta property=\"og:type\" content=\"article\" \/>\n<meta property=\"og:title\" content=\"Execution Policy\" \/>\n<meta property=\"og:description\" content=\"AUSF\u00dcHRUNGSPOLITIK 1. EINLEITUNG 1.1. Diese Richtlinie zur Auftragsausf\u00fchrung (\u201eRichtlinie\u201c) wird von Kudo Trade (Mauritius) Ltd (\u201edas Unternehmen\u201c) bereitgestellt. 1.2. Diese Richtlinie gibt einen \u00dcberblick dar\u00fcber, wie Kudo Trade (Mauritius) Ltd Auftr\u00e4ge im Namen der Kunden ausf\u00fchrt. 2. DEFINITIONEN UND AUSLEGUNG 2.1. In dieser Richtlinie haben die folgenden Begriffe und Ausdr\u00fccke die folgende Bedeutung: \u201eKauflimit\u201c bezeichnet [&hellip;]\" \/>\n<meta property=\"og:url\" content=\"https:\/\/www.kudotrade.com\/de\/execution-policy\/\" \/>\n<meta property=\"og:site_name\" content=\"Kudotrade\" \/>\n<meta property=\"article:modified_time\" content=\"2025-11-28T08:14:44+00:00\" \/>\n<meta property=\"og:image\" content=\"https:\/\/www.kudotrade.com\/wp-content\/uploads\/2024\/07\/kudotrade_K.png\" \/>\n\t<meta property=\"og:image:width\" content=\"500\" \/>\n\t<meta property=\"og:image:height\" content=\"500\" \/>\n\t<meta property=\"og:image:type\" content=\"image\/png\" \/>\n<meta name=\"twitter:card\" content=\"summary_large_image\" \/>\n<script type=\"application\/ld+json\" class=\"yoast-schema-graph\">{\"@context\":\"https:\/\/schema.org\",\"@graph\":[{\"@type\":\"WebPage\",\"@id\":\"https:\/\/www.kudotrade.com\/de\/execution-policy\/\",\"url\":\"https:\/\/www.kudotrade.com\/de\/execution-policy\/\",\"name\":\"Execution Policy\",\"isPartOf\":{\"@id\":\"https:\/\/www.kudotrade.com\/de\/#website\"},\"datePublished\":\"2025-11-27T16:46:41+00:00\",\"dateModified\":\"2025-11-28T08:14:44+00:00\",\"breadcrumb\":{\"@id\":\"https:\/\/www.kudotrade.com\/de\/execution-policy\/#breadcrumb\"},\"inLanguage\":\"de\",\"potentialAction\":[{\"@type\":\"ReadAction\",\"target\":[\"https:\/\/www.kudotrade.com\/de\/execution-policy\/\"]}]},{\"@type\":\"BreadcrumbList\",\"@id\":\"https:\/\/www.kudotrade.com\/de\/execution-policy\/#breadcrumb\",\"itemListElement\":[{\"@type\":\"ListItem\",\"position\":1,\"name\":\"Home\",\"item\":\"https:\/\/www.kudotrade.com\/de\/\"},{\"@type\":\"ListItem\",\"position\":2,\"name\":\"Execution Policy\"}]},{\"@type\":\"WebSite\",\"@id\":\"https:\/\/www.kudotrade.com\/de\/#website\",\"url\":\"https:\/\/www.kudotrade.com\/de\/\",\"name\":\"Kudotrade\",\"description\":\"Elevate your trading success with the power of Kudotrade\",\"publisher\":{\"@id\":\"https:\/\/www.kudotrade.com\/de\/#organization\"},\"potentialAction\":[{\"@type\":\"SearchAction\",\"target\":{\"@type\":\"EntryPoint\",\"urlTemplate\":\"https:\/\/www.kudotrade.com\/de\/?s={search_term_string}\"},\"query-input\":{\"@type\":\"PropertyValueSpecification\",\"valueRequired\":true,\"valueName\":\"search_term_string\"}}],\"inLanguage\":\"de\"},{\"@type\":\"Organization\",\"@id\":\"https:\/\/www.kudotrade.com\/de\/#organization\",\"name\":\"Kudotrade\",\"url\":\"https:\/\/www.kudotrade.com\/de\/\",\"logo\":{\"@type\":\"ImageObject\",\"inLanguage\":\"de\",\"@id\":\"https:\/\/www.kudotrade.com\/de\/#\/schema\/logo\/image\/\",\"url\":\"https:\/\/www.kudotrade.com\/wp-content\/uploads\/2024\/07\/kudotrade_K.png\",\"contentUrl\":\"https:\/\/www.kudotrade.com\/wp-content\/uploads\/2024\/07\/kudotrade_K.png\",\"width\":500,\"height\":500,\"caption\":\"Kudotrade\"},\"image\":{\"@id\":\"https:\/\/www.kudotrade.com\/de\/#\/schema\/logo\/image\/\"},\"sameAs\":[\"https:\/\/www.linkedin.com\/company\/kudotrade\/?trk=similar-pages&originalSubdomain=lc\"]}]}<\/script>\n<!-- \/ Yoast SEO plugin. -->","yoast_head_json":{"title":"Execution Policy","robots":{"index":"index","follow":"follow","max-snippet":"max-snippet:-1","max-image-preview":"max-image-preview:large","max-video-preview":"max-video-preview:-1"},"canonical":"https:\/\/www.kudotrade.com\/de\/execution-policy\/","og_locale":"de_DE","og_type":"article","og_title":"Execution Policy","og_description":"AUSF\u00dcHRUNGSPOLITIK 1. EINLEITUNG 1.1. Diese Richtlinie zur Auftragsausf\u00fchrung (\u201eRichtlinie\u201c) wird von Kudo Trade (Mauritius) Ltd (\u201edas Unternehmen\u201c) bereitgestellt. 1.2. Diese Richtlinie gibt einen \u00dcberblick dar\u00fcber, wie Kudo Trade (Mauritius) Ltd Auftr\u00e4ge im Namen der Kunden ausf\u00fchrt. 2. DEFINITIONEN UND AUSLEGUNG 2.1. In dieser Richtlinie haben die folgenden Begriffe und Ausdr\u00fccke die folgende Bedeutung: \u201eKauflimit\u201c bezeichnet [&hellip;]","og_url":"https:\/\/www.kudotrade.com\/de\/execution-policy\/","og_site_name":"Kudotrade","article_modified_time":"2025-11-28T08:14:44+00:00","og_image":[{"width":500,"height":500,"url":"https:\/\/www.kudotrade.com\/wp-content\/uploads\/2024\/07\/kudotrade_K.png","type":"image\/png"}],"twitter_card":"summary_large_image","schema":{"@context":"https:\/\/schema.org","@graph":[{"@type":"WebPage","@id":"https:\/\/www.kudotrade.com\/de\/execution-policy\/","url":"https:\/\/www.kudotrade.com\/de\/execution-policy\/","name":"Execution Policy","isPartOf":{"@id":"https:\/\/www.kudotrade.com\/de\/#website"},"datePublished":"2025-11-27T16:46:41+00:00","dateModified":"2025-11-28T08:14:44+00:00","breadcrumb":{"@id":"https:\/\/www.kudotrade.com\/de\/execution-policy\/#breadcrumb"},"inLanguage":"de","potentialAction":[{"@type":"ReadAction","target":["https:\/\/www.kudotrade.com\/de\/execution-policy\/"]}]},{"@type":"BreadcrumbList","@id":"https:\/\/www.kudotrade.com\/de\/execution-policy\/#breadcrumb","itemListElement":[{"@type":"ListItem","position":1,"name":"Home","item":"https:\/\/www.kudotrade.com\/de\/"},{"@type":"ListItem","position":2,"name":"Execution Policy"}]},{"@type":"WebSite","@id":"https:\/\/www.kudotrade.com\/de\/#website","url":"https:\/\/www.kudotrade.com\/de\/","name":"Kudotrade","description":"Elevate your trading success with the power of Kudotrade","publisher":{"@id":"https:\/\/www.kudotrade.com\/de\/#organization"},"potentialAction":[{"@type":"SearchAction","target":{"@type":"EntryPoint","urlTemplate":"https:\/\/www.kudotrade.com\/de\/?s={search_term_string}"},"query-input":{"@type":"PropertyValueSpecification","valueRequired":true,"valueName":"search_term_string"}}],"inLanguage":"de"},{"@type":"Organization","@id":"https:\/\/www.kudotrade.com\/de\/#organization","name":"Kudotrade","url":"https:\/\/www.kudotrade.com\/de\/","logo":{"@type":"ImageObject","inLanguage":"de","@id":"https:\/\/www.kudotrade.com\/de\/#\/schema\/logo\/image\/","url":"https:\/\/www.kudotrade.com\/wp-content\/uploads\/2024\/07\/kudotrade_K.png","contentUrl":"https:\/\/www.kudotrade.com\/wp-content\/uploads\/2024\/07\/kudotrade_K.png","width":500,"height":500,"caption":"Kudotrade"},"image":{"@id":"https:\/\/www.kudotrade.com\/de\/#\/schema\/logo\/image\/"},"sameAs":["https:\/\/www.linkedin.com\/company\/kudotrade\/?trk=similar-pages&originalSubdomain=lc"]}]}},"_links":{"self":[{"href":"https:\/\/www.kudotrade.com\/de\/wp-json\/wp\/v2\/pages\/14888","targetHints":{"allow":["GET"]}}],"collection":[{"href":"https:\/\/www.kudotrade.com\/de\/wp-json\/wp\/v2\/pages"}],"about":[{"href":"https:\/\/www.kudotrade.com\/de\/wp-json\/wp\/v2\/types\/page"}],"author":[{"embeddable":true,"href":"https:\/\/www.kudotrade.com\/de\/wp-json\/wp\/v2\/users\/22"}],"replies":[{"embeddable":true,"href":"https:\/\/www.kudotrade.com\/de\/wp-json\/wp\/v2\/comments?post=14888"}],"version-history":[{"count":1,"href":"https:\/\/www.kudotrade.com\/de\/wp-json\/wp\/v2\/pages\/14888\/revisions"}],"predecessor-version":[{"id":14889,"href":"https:\/\/www.kudotrade.com\/de\/wp-json\/wp\/v2\/pages\/14888\/revisions\/14889"}],"wp:attachment":[{"href":"https:\/\/www.kudotrade.com\/de\/wp-json\/wp\/v2\/media?parent=14888"}],"curies":[{"name":"wp","href":"https:\/\/api.w.org\/{rel}","templated":true}]}}