{"id":14058,"date":"2024-05-01T19:14:50","date_gmt":"2024-05-01T19:14:50","guid":{"rendered":"https:\/\/www.kudotrade.com\/?page_id=14058"},"modified":"2025-04-22T11:18:39","modified_gmt":"2025-04-22T11:18:39","slug":"aml-politik-fuer-kudotrade","status":"publish","type":"page","link":"https:\/\/www.kudotrade.com\/de\/aml-politik-fuer-kudotrade\/","title":{"rendered":"AML-POLITIK F\u00dcR KUDOTRADE"},"content":{"rendered":"<h4>AML-POLITIK F\u00dcR KUDOTRADE<\/h4>\n<p>Kudotrade ist bestrebt, die h\u00f6chsten Standards zur Einhaltung der Vorschriften zur Bek\u00e4mpfung von Geldw\u00e4sche (AML) und Terrorismusfinanzierung (CTF) einzuhalten. Um die Bem\u00fchungen der Regierung zur Bek\u00e4mpfung von Terrorismusfinanzierung und Geldw\u00e4sche zu unterst\u00fctzen, schreibt die Gesetzgebung vor, dass alle Finanzinstitute die Identifikationsdaten von Personen, die ein Konto er\u00f6ffnen, erfassen, \u00fcberpr\u00fcfen und dokumentieren.<\/p>\n<p>Unter Geldw\u00e4sche versteht man den Prozess der Umwandlung von Ertr\u00e4gen aus illegalen Aktivit\u00e4ten wie Betrug, Korruption oder Terrorismus in verschiedene Fonds oder Investitionen, die legitim erscheinen, mit dem Ziel, die wahre Herkunft der Gelder zu verbergen oder zu verf\u00e4lschen.<\/p>\n<p>Der Prozess der Geldw\u00e4sche kann in drei aufeinander folgende Phasen unterteilt werden:<\/p>\n<p>Platzierung &#8211; In der Phase der Platzierung werden die illegalen Gelder in verschiedene Finanzinstrumente wie Schecks, Bankkonten oder \u00dcberweisungen umgewandelt. Alternativ k\u00f6nnen sie auch zum Kauf hochwertiger Waren verwendet werden, die sp\u00e4ter weiterverkauft werden k\u00f6nnen. Eine andere Methode besteht darin, die Gelder physisch bei Banken oder Nichtbanken wie W\u00e4hrungsumtauschdiensten zu hinterlegen. Um einer Entdeckung zu entgehen, entscheiden sich die Geldw\u00e4scher m\u00f6glicherweise f\u00fcr mehrere kleinere Einzahlungen anstelle einer einzigen gro\u00dfen; diese Taktik ist als Smurfing bekannt.<br \/>\nSchichtung. Geld wird auf verschiedene Konten und Finanzinstrumente transferiert oder verlagert, um seine Herkunft zu verschleiern und die Identit\u00e4t der hinter mehreren Finanztransaktionen stehenden Person zu verschleiern. Durch die Verschiebung von Geldern und die \u00c4nderung ihrer Form wird der Prozess kompliziert und erschwert die R\u00fcckverfolgung des gewaschenen Geldes.<br \/>\nIntegration. Die Gelder werden wieder in den Umlauf gebracht, da sie zum Kauf von Waren und Dienstleistungen legitimiert sind.<\/p>\n<p>Kudotrade h\u00e4lt sich an die Grunds\u00e4tze der Geldw\u00e4schebek\u00e4mpfung und vereitelt proaktiv jegliche Bem\u00fchungen oder Erleichterungen bei der Legitimierung von unrechtm\u00e4\u00dfig erworbenen Geldern. Unsere AML-Politik ist darauf ausgerichtet, Kriminelle daran zu hindern, unsere Dienstleistungen f\u00fcr Geldw\u00e4sche, Terrorismusfinanzierung oder andere illegale Aktivit\u00e4ten zu nutzen.<\/p>\n<p>Um Geldw\u00e4sche zu bek\u00e4mpfen, verbietet Kudotrade sowohl die Annahme als auch die Auszahlung von Bargeld in jeder Situation. Das Unternehmen beh\u00e4lt sich die Befugnis vor, die Aktivit\u00e4ten eines Kunden auszusetzen, die von unseren Mitarbeitern als illegal oder potenziell mit Geldw\u00e4sche verbunden angesehen werden.<\/p>\n<p>Verfahren des Unternehmens<\/p>\n<p>Kudotrade stellt sicher, dass die Identit\u00e4t der nat\u00fcrlichen oder juristischen Personen, mit denen es zusammenarbeitet, \u00fcberpr\u00fcft wird. Dar\u00fcber hinaus h\u00e4lt sich das Unternehmen an alle notwendigen Ma\u00dfnahmen, die durch die einschl\u00e4gigen Gesetze und Vorschriften der W\u00e4hrungsbeh\u00f6rden vorgeschrieben sind. Die Erf\u00fcllung der AML-Politik innerhalb von Kudotrade wird durch die folgenden Verfahren erreicht:<\/p>\n<p>Kennen Sie Ihren Kunden (KYC) und Sorgfaltspflicht<br \/>\n\u00dcberwachung der Kundenaktivit\u00e4ten<br \/>\nF\u00fchrung von Aufzeichnungen<\/p>\n<p>Kenne deinen Kunden und Sorgfaltspflicht<\/p>\n<p>Da sich das Unternehmen der AML- und KYC-Politik verschrieben hat, muss jeder Kunde ein Pr\u00fcfverfahren durchlaufen. Bevor Kudotrade eine Gesch\u00e4ftsbeziehung mit einem Kunden aufnimmt, stellt das Unternehmen sicher, dass die Identit\u00e4t des Kunden hinreichend nachgewiesen werden kann oder ergreift alternative Ma\u00dfnahmen, um einen solchen Nachweis in zufriedenstellender Weise zu erhalten. Dar\u00fcber hinaus unterzieht das Unternehmen Kunden, die in L\u00e4ndern ans\u00e4ssig sind, die von glaubw\u00fcrdigen Quellen als unzureichende AML-Standards oder als L\u00e4nder mit hohem Kriminalit\u00e4ts- und Korruptionsrisiko eingestuft werden, sowie wirtschaftliche Eigent\u00fcmer, die in diesen L\u00e4ndern ans\u00e4ssig sind und Gelder aus diesen L\u00e4ndern beziehen, einer strengen Pr\u00fcfung.<\/p>\n<p>Einzelne Kunden<\/p>\n<p>Im Rahmen des Registrierungsverfahrens gibt jeder Kunde pers\u00f6nliche Daten an, darunter seinen vollst\u00e4ndigen Namen, sein Geburtsdatum, sein Herkunftsland und seine vollst\u00e4ndige Wohnanschrift. Zur \u00dcberpr\u00fcfung dieser Angaben sind die folgenden Dokumente erforderlich: Die Kunden m\u00fcssen die folgenden Dokumente vorlegen. Wenn die Dokumente in nicht-lateinischen Schriftzeichen verfasst sind, ist eine notariell beglaubigte \u00dcbersetzung in englischer Sprache erforderlich, um Verz\u00f6gerungen im Verifizierungsprozess zu vermeiden. Dies geschieht, um die KYC-Anforderungen zu erf\u00fcllen und um die bereitgestellten Informationen zu authentifizieren.<\/p>\n<p>Die Liste der erforderlichen Dokumente finden Sie unten;<\/p>\n<p>Um diese Plattform nutzen zu k\u00f6nnen, muss der Kunde mindestens 18 Jahre alt sein<\/p>\n<p>Aktueller g\u00fcltiger Reisepass (mit der ersten Seite des lokalen oder internationalen Reisepasses, auf der das Foto und die Unterschrift deutlich sichtbar sind);<br \/>\nF\u00fchrerschein mit Lichtbild; oder \u25cf Personalausweis (mit Vorder- und R\u00fcckseite);<br \/>\nDokumente zum Nachweis des aktuellen Wohnsitzes (z. B. Rechnungen von Versorgungsunternehmen, Kontoausz\u00fcge usw.), die den vollst\u00e4ndigen Namen und den Wohnort des Kunden enthalten. Diese Dokumente sollten nicht \u00e4lter als 3 Monate ab dem Tag der Antragstellung sein Aktueller g\u00fcltiger Reisepass (mit der ersten Seite des lokalen oder internationalen Reisepasses, auf der das Foto und die Unterschrift deutlich zu sehen sind);<br \/>\nF\u00fchrerschein, der mit einem Foto versehen ist;<br \/>\nNationaler Personalausweis (mit Vorder- und R\u00fcckseite); und<br \/>\nDokumente zum Nachweis des aktuellen Wohnsitzes (z. B. Rechnungen von Versorgungsunternehmen, Kontoausz\u00fcge usw.), die den vollst\u00e4ndigen Namen und den Wohnort des Kunden enthalten. Diese Dokumente sollten nicht \u00e4lter als 3 Monate ab dem Datum der Anmeldung sein.<\/p>\n<p>Firmenkunden<\/p>\n<p>Wenn das antragstellende Unternehmen an einer anerkannten oder zugelassenen B\u00f6rse notiert ist oder wenn ein unabh\u00e4ngiger Nachweis vorliegt, dass es sich um eine hundertprozentige Tochtergesellschaft handelt oder unter der Kontrolle eines solchen Unternehmens steht, sind zus\u00e4tzliche Schritte zur Identit\u00e4tspr\u00fcfung in der Regel nicht erforderlich. Wenn das Unternehmen jedoch nicht b\u00f6rsennotiert ist und keiner der Hauptgesch\u00e4ftsf\u00fchrer oder Aktion\u00e4re derzeit ein Konto bei Kudotrade unterh\u00e4lt, m\u00fcssen die folgenden Unterlagen eingereicht werden:<\/p>\n<p>Gr\u00fcndungsurkunde oder ein gleichwertiges nationales Dokument;<br \/>\nMemorandum und Satzung sowie statutarische Erkl\u00e4rung oder ein gleichwertiges nationales Dokument;<br \/>\nUnbedenklichkeitsbescheinigung oder ein anderer Nachweis \u00fcber die eingetragene Adresse des Unternehmens;<br \/>\nBeschluss des Vorstands zur Er\u00f6ffnung eines Kontos und zur Erteilung von Vollmachten an die Personen, die das Konto f\u00fchren werden;<br \/>\nKopien von Vollmachten oder anderen Vollmachten, die von den Gesch\u00e4ftsf\u00fchrern in Bezug auf das Unternehmen erteilt wurden;<br \/>\nIdentit\u00e4tsnachweis des Gesch\u00e4ftsf\u00fchrers, falls er\/sie im Namen des Kunden mit Kudotrade handelt (gem\u00e4\u00df den oben beschriebenen Regeln zur \u00dcberpr\u00fcfung der Identit\u00e4t von Personen);<br \/>\nNachweis der Identit\u00e4t des\/der wirtschaftlichen Eigent\u00fcmer(s) und\/oder der Person(en), auf deren Anweisung hin die Unterzeichner des Kontos handlungsberechtigt sind (gem\u00e4\u00df den oben beschriebenen Regeln zur \u00dcberpr\u00fcfung der Identit\u00e4t von Personen).<\/p>\n<p>\u00dcberwachung der Kundenaktivit\u00e4ten<\/p>\n<p>Neben der anf\u00e4nglichen Erfassung der Kundeninformationen \u00fcberwacht Kudotrade die Aktivit\u00e4ten jedes Kunden kontinuierlich, um potenziell verd\u00e4chtige Transaktionen zu erkennen und zu verhindern. Eine verd\u00e4chtige Transaktion ist definiert als eine Transaktion, die von den legitimen Gesch\u00e4ftsaktivit\u00e4ten des Kunden oder seinen typischen Transaktionsmustern abweicht, wie sie bei der \u00dcberwachung der Kundenaktivit\u00e4ten beobachtet werden. Kudotrade hat ein System zur \u00dcberwachung solcher Transaktionen eingerichtet, das sowohl automatische als auch, falls erforderlich, manuelle Verfahren einsetzt, um die Nutzung der Dienstleistungen des Unternehmens durch Kriminelle zu verhindern.<\/p>\n<p>Aufbewahrung von Aufzeichnungen<\/p>\n<p>Alle Transaktionsdaten, identifizierungsbezogenen Informationen und Dokumente im Zusammenhang mit Geldw\u00e4sche, wie z.B. Dateien, die Berichte \u00fcber verd\u00e4chtige Aktivit\u00e4ten und die \u00dcberwachung von AML-Konten dokumentieren, m\u00fcssen akribisch aufgezeichnet und aufbewahrt werden. Diese Aufzeichnungen werden mindestens sieben Jahre lang nach der Schlie\u00dfung des Kontos aufbewahrt.<\/p>\n<p>Anforderungen f\u00fcr Einzahlungen und Abhebungen<\/p>\n<p>F\u00fcr alle Einzahlungen und Abhebungen auf Handelskonten bei Kudotrade gelten die folgenden strengen Anforderungen:<\/p>\n<p>Aufgrund der AML\/CTF-Gesetze kann Kudotrade keine Gelder an Dritte einzahlen oder entgegennehmen.<br \/>\nEinzahlungen an Kudotrade m\u00fcssen von einem Bankkonto, einer Kredit-\/Debitkarte oder einer alternativen Zahlungsmethode (Skrill, China Union Pay, Neteller, Fasapay oder andere) unter demselben Namen wie das Handelskonto bei Kudotrade erfolgen.<br \/>\nAlle Abhebungen von einem Handelskonto m\u00fcssen auf ein Bankkonto, eine Kredit-\/Debitkarte oder eine alternative Zahlungsmethode (Skrill, China Union Pay, Neteller, Fasapay oder andere) mit demselben Namen wie das Handelskonto bei Kudotrade erfolgen.<br \/>\nAlle Auszahlungsantr\u00e4ge werden auf einer First-in-First-Out (FIFO)-Basis bearbeitet, entsprechend der Finanzierungsquelle, aus der sie stammen. Zum Beispiel wird eine Einzahlung per Debit-\/Kreditkarte get\u00e4tigt; danach wird ein Abhebungsantrag gestellt. Der Betrag, der auf die betreffende Debit-\/Kreditkarte zur\u00fcck\u00fcberwiesen wird, wenn eine Abhebungsanforderung eingeht, darf den urspr\u00fcnglich eingezahlten Betrag nicht \u00fcbersteigen. Alle Gewinne, die \u00fcber den eingezahlten Betrag hinausgehen, werden auf ein benanntes Bankkonto \u00fcberwiesen, das auf denselben Namen wie Ihr Handelskonto lauten muss.<\/p>\n<p>Beispiele:<\/p>\n<p>Sie haben $100 per Kreditkarte eingezahlt und einen Gewinn von $1.000 erzielt. Wenn Sie eine Auszahlung von $1.000 beantragen, erhalten Sie $100 auf Ihre Kreditkarte und den Rest von $900 auf Ihr Bankkonto.<br \/>\nSie haben $100 per Skrill und $50 per Kreditkarte eingezahlt. Wenn Sie eine Skrill-Auszahlung von $120 beantragen, erhalten Sie $100 auf Skrill und $20 auf die Karte.<br \/>\nAlle anf\u00e4nglichen Auszahlungsantr\u00e4ge m\u00fcssen aus Sicherheitsgr\u00fcnden durch Vorlage eines Kontoauszugs verifiziert werden, der Informationen \u00fcber den Kontoinhaber und die Bankverbindung enth\u00e4lt. Kudotrade akzeptiert keine Einzahlungen oder Abhebungen, die unter einem anderen Namen als dem des registrierten Kudotrade-Kontoinhabers vorgenommen werden.<br \/>\nWenn ein Handelskonto auf eine Art und Weise gutgeschrieben wurde, die nicht f\u00fcr die Abhebung von Geldern genutzt werden kann, k\u00f6nnen die Gelder auf ein Bankkonto mit demselben Namen wie das Handelskonto bei Kudotrade abgehoben werden, sofern der Kunde einen zufriedenstellenden Nachweis \u00fcber die Inhaberschaft des Bankkontos, von dem die Gelder stammen, sowie des Zielbankkontos vorlegt.<\/p>\n<p>Ergriffene Ma\u00dfnahmen<\/p>\n<p>Wenn Kudotrade den Verdacht hat, dass eine Transaktion mit Geldw\u00e4sche oder anderen kriminellen Aktivit\u00e4ten in Verbindung steht, wird Kudotrade in \u00dcbereinstimmung mit den einschl\u00e4gigen Gesetzen handeln und verd\u00e4chtige Aktivit\u00e4ten an die zust\u00e4ndige Aufsichtsbeh\u00f6rde melden. Kudotrade beh\u00e4lt sich das Recht vor, die Gesch\u00e4fte eines Kunden, der in illegale Aktivit\u00e4ten verwickelt ist oder der Geldw\u00e4sche verd\u00e4chtigt wird, nach Ermessen der Mitarbeiter auszusetzen. Es liegt auch im Ermessen des Unternehmens, verd\u00e4chtige Kundenkonten vor\u00fcbergehend einzufrieren oder bestehende Kundenbeziehungen zu k\u00fcndigen.<\/p>\n","protected":false},"excerpt":{"rendered":"<p>AML-POLITIK F\u00dcR KUDOTRADE Kudotrade ist bestrebt, die h\u00f6chsten Standards zur Einhaltung der Vorschriften zur Bek\u00e4mpfung von Geldw\u00e4sche (AML) und Terrorismusfinanzierung (CTF) einzuhalten. Um die Bem\u00fchungen der Regierung zur Bek\u00e4mpfung von Terrorismusfinanzierung und Geldw\u00e4sche zu unterst\u00fctzen, schreibt die Gesetzgebung vor, dass alle Finanzinstitute die Identifikationsdaten von Personen, die ein Konto er\u00f6ffnen, erfassen, \u00fcberpr\u00fcfen und dokumentieren. Unter [&hellip;]<\/p>\n","protected":false},"author":2,"featured_media":0,"parent":0,"menu_order":0,"comment_status":"closed","ping_status":"closed","template":"","meta":{"_acf_changed":false,"footnotes":""},"class_list":["post-14058","page","type-page","status-publish","hentry"],"acf":[],"yoast_head":"<!-- This site is optimized with the Yoast SEO plugin v26.7 - https:\/\/yoast.com\/wordpress\/plugins\/seo\/ -->\n<title>AML-POLITIK F\u00dcR KUDOTRADE<\/title>\n<meta name=\"robots\" content=\"noindex, nofollow\" \/>\n<meta property=\"og:locale\" content=\"de_DE\" \/>\n<meta property=\"og:type\" content=\"article\" \/>\n<meta property=\"og:title\" content=\"AML-POLITIK F\u00dcR KUDOTRADE\" \/>\n<meta property=\"og:description\" content=\"AML-POLITIK F\u00dcR KUDOTRADE Kudotrade ist bestrebt, die h\u00f6chsten Standards zur Einhaltung der Vorschriften zur Bek\u00e4mpfung von Geldw\u00e4sche (AML) und Terrorismusfinanzierung (CTF) einzuhalten. Um die Bem\u00fchungen der Regierung zur Bek\u00e4mpfung von Terrorismusfinanzierung und Geldw\u00e4sche zu unterst\u00fctzen, schreibt die Gesetzgebung vor, dass alle Finanzinstitute die Identifikationsdaten von Personen, die ein Konto er\u00f6ffnen, erfassen, \u00fcberpr\u00fcfen und dokumentieren. Unter [&hellip;]\" \/>\n<meta property=\"og:url\" content=\"https:\/\/www.kudotrade.com\/de\/aml-politik-fuer-kudotrade\/\" \/>\n<meta property=\"og:site_name\" content=\"Kudotrade\" \/>\n<meta property=\"article:modified_time\" content=\"2025-04-22T11:18:39+00:00\" \/>\n<meta property=\"og:image\" content=\"https:\/\/www.kudotrade.com\/wp-content\/uploads\/2024\/07\/kudotrade_K.png\" \/>\n\t<meta property=\"og:image:width\" content=\"500\" \/>\n\t<meta property=\"og:image:height\" content=\"500\" \/>\n\t<meta property=\"og:image:type\" content=\"image\/png\" \/>\n<meta name=\"twitter:card\" content=\"summary_large_image\" \/>\n<meta name=\"twitter:label1\" content=\"Gesch\u00e4tzte Lesezeit\" \/>\n\t<meta name=\"twitter:data1\" content=\"7\u00a0Minuten\" \/>\n<script type=\"application\/ld+json\" class=\"yoast-schema-graph\">{\"@context\":\"https:\/\/schema.org\",\"@graph\":[{\"@type\":\"WebPage\",\"@id\":\"https:\/\/www.kudotrade.com\/de\/aml-politik-fuer-kudotrade\/\",\"url\":\"https:\/\/www.kudotrade.com\/de\/aml-politik-fuer-kudotrade\/\",\"name\":\"AML-POLITIK F\u00dcR KUDOTRADE\",\"isPartOf\":{\"@id\":\"https:\/\/www.kudotrade.com\/de\/#website\"},\"datePublished\":\"2024-05-01T19:14:50+00:00\",\"dateModified\":\"2025-04-22T11:18:39+00:00\",\"breadcrumb\":{\"@id\":\"https:\/\/www.kudotrade.com\/de\/aml-politik-fuer-kudotrade\/#breadcrumb\"},\"inLanguage\":\"de\",\"potentialAction\":[{\"@type\":\"ReadAction\",\"target\":[\"https:\/\/www.kudotrade.com\/de\/aml-politik-fuer-kudotrade\/\"]}]},{\"@type\":\"BreadcrumbList\",\"@id\":\"https:\/\/www.kudotrade.com\/de\/aml-politik-fuer-kudotrade\/#breadcrumb\",\"itemListElement\":[{\"@type\":\"ListItem\",\"position\":1,\"name\":\"Home\",\"item\":\"https:\/\/www.kudotrade.com\/de\/\"},{\"@type\":\"ListItem\",\"position\":2,\"name\":\"AML-POLITIK F\u00dcR KUDOTRADE\"}]},{\"@type\":\"WebSite\",\"@id\":\"https:\/\/www.kudotrade.com\/de\/#website\",\"url\":\"https:\/\/www.kudotrade.com\/de\/\",\"name\":\"Kudotrade\",\"description\":\"Elevate your trading success with the power of Kudotrade\",\"publisher\":{\"@id\":\"https:\/\/www.kudotrade.com\/de\/#organization\"},\"potentialAction\":[{\"@type\":\"SearchAction\",\"target\":{\"@type\":\"EntryPoint\",\"urlTemplate\":\"https:\/\/www.kudotrade.com\/de\/?s={search_term_string}\"},\"query-input\":{\"@type\":\"PropertyValueSpecification\",\"valueRequired\":true,\"valueName\":\"search_term_string\"}}],\"inLanguage\":\"de\"},{\"@type\":\"Organization\",\"@id\":\"https:\/\/www.kudotrade.com\/de\/#organization\",\"name\":\"Kudotrade\",\"url\":\"https:\/\/www.kudotrade.com\/de\/\",\"logo\":{\"@type\":\"ImageObject\",\"inLanguage\":\"de\",\"@id\":\"https:\/\/www.kudotrade.com\/de\/#\/schema\/logo\/image\/\",\"url\":\"https:\/\/www.kudotrade.com\/wp-content\/uploads\/2024\/07\/kudotrade_K.png\",\"contentUrl\":\"https:\/\/www.kudotrade.com\/wp-content\/uploads\/2024\/07\/kudotrade_K.png\",\"width\":500,\"height\":500,\"caption\":\"Kudotrade\"},\"image\":{\"@id\":\"https:\/\/www.kudotrade.com\/de\/#\/schema\/logo\/image\/\"},\"sameAs\":[\"https:\/\/www.linkedin.com\/company\/kudotrade\/?trk=similar-pages&originalSubdomain=lc\"]}]}<\/script>\n<!-- \/ Yoast SEO plugin. -->","yoast_head_json":{"title":"AML-POLITIK F\u00dcR KUDOTRADE","robots":{"index":"noindex","follow":"nofollow"},"og_locale":"de_DE","og_type":"article","og_title":"AML-POLITIK F\u00dcR KUDOTRADE","og_description":"AML-POLITIK F\u00dcR KUDOTRADE Kudotrade ist bestrebt, die h\u00f6chsten Standards zur Einhaltung der Vorschriften zur Bek\u00e4mpfung von Geldw\u00e4sche (AML) und Terrorismusfinanzierung (CTF) einzuhalten. Um die Bem\u00fchungen der Regierung zur Bek\u00e4mpfung von Terrorismusfinanzierung und Geldw\u00e4sche zu unterst\u00fctzen, schreibt die Gesetzgebung vor, dass alle Finanzinstitute die Identifikationsdaten von Personen, die ein Konto er\u00f6ffnen, erfassen, \u00fcberpr\u00fcfen und dokumentieren. Unter [&hellip;]","og_url":"https:\/\/www.kudotrade.com\/de\/aml-politik-fuer-kudotrade\/","og_site_name":"Kudotrade","article_modified_time":"2025-04-22T11:18:39+00:00","og_image":[{"width":500,"height":500,"url":"https:\/\/www.kudotrade.com\/wp-content\/uploads\/2024\/07\/kudotrade_K.png","type":"image\/png"}],"twitter_card":"summary_large_image","twitter_misc":{"Gesch\u00e4tzte Lesezeit":"7\u00a0Minuten"},"schema":{"@context":"https:\/\/schema.org","@graph":[{"@type":"WebPage","@id":"https:\/\/www.kudotrade.com\/de\/aml-politik-fuer-kudotrade\/","url":"https:\/\/www.kudotrade.com\/de\/aml-politik-fuer-kudotrade\/","name":"AML-POLITIK F\u00dcR KUDOTRADE","isPartOf":{"@id":"https:\/\/www.kudotrade.com\/de\/#website"},"datePublished":"2024-05-01T19:14:50+00:00","dateModified":"2025-04-22T11:18:39+00:00","breadcrumb":{"@id":"https:\/\/www.kudotrade.com\/de\/aml-politik-fuer-kudotrade\/#breadcrumb"},"inLanguage":"de","potentialAction":[{"@type":"ReadAction","target":["https:\/\/www.kudotrade.com\/de\/aml-politik-fuer-kudotrade\/"]}]},{"@type":"BreadcrumbList","@id":"https:\/\/www.kudotrade.com\/de\/aml-politik-fuer-kudotrade\/#breadcrumb","itemListElement":[{"@type":"ListItem","position":1,"name":"Home","item":"https:\/\/www.kudotrade.com\/de\/"},{"@type":"ListItem","position":2,"name":"AML-POLITIK F\u00dcR KUDOTRADE"}]},{"@type":"WebSite","@id":"https:\/\/www.kudotrade.com\/de\/#website","url":"https:\/\/www.kudotrade.com\/de\/","name":"Kudotrade","description":"Elevate your trading success with the power of Kudotrade","publisher":{"@id":"https:\/\/www.kudotrade.com\/de\/#organization"},"potentialAction":[{"@type":"SearchAction","target":{"@type":"EntryPoint","urlTemplate":"https:\/\/www.kudotrade.com\/de\/?s={search_term_string}"},"query-input":{"@type":"PropertyValueSpecification","valueRequired":true,"valueName":"search_term_string"}}],"inLanguage":"de"},{"@type":"Organization","@id":"https:\/\/www.kudotrade.com\/de\/#organization","name":"Kudotrade","url":"https:\/\/www.kudotrade.com\/de\/","logo":{"@type":"ImageObject","inLanguage":"de","@id":"https:\/\/www.kudotrade.com\/de\/#\/schema\/logo\/image\/","url":"https:\/\/www.kudotrade.com\/wp-content\/uploads\/2024\/07\/kudotrade_K.png","contentUrl":"https:\/\/www.kudotrade.com\/wp-content\/uploads\/2024\/07\/kudotrade_K.png","width":500,"height":500,"caption":"Kudotrade"},"image":{"@id":"https:\/\/www.kudotrade.com\/de\/#\/schema\/logo\/image\/"},"sameAs":["https:\/\/www.linkedin.com\/company\/kudotrade\/?trk=similar-pages&originalSubdomain=lc"]}]}},"_links":{"self":[{"href":"https:\/\/www.kudotrade.com\/de\/wp-json\/wp\/v2\/pages\/14058","targetHints":{"allow":["GET"]}}],"collection":[{"href":"https:\/\/www.kudotrade.com\/de\/wp-json\/wp\/v2\/pages"}],"about":[{"href":"https:\/\/www.kudotrade.com\/de\/wp-json\/wp\/v2\/types\/page"}],"author":[{"embeddable":true,"href":"https:\/\/www.kudotrade.com\/de\/wp-json\/wp\/v2\/users\/2"}],"replies":[{"embeddable":true,"href":"https:\/\/www.kudotrade.com\/de\/wp-json\/wp\/v2\/comments?post=14058"}],"version-history":[{"count":2,"href":"https:\/\/www.kudotrade.com\/de\/wp-json\/wp\/v2\/pages\/14058\/revisions"}],"predecessor-version":[{"id":14064,"href":"https:\/\/www.kudotrade.com\/de\/wp-json\/wp\/v2\/pages\/14058\/revisions\/14064"}],"wp:attachment":[{"href":"https:\/\/www.kudotrade.com\/de\/wp-json\/wp\/v2\/media?parent=14058"}],"curies":[{"name":"wp","href":"https:\/\/api.w.org\/{rel}","templated":true}]}}