{"id":12092,"date":"2024-04-18T12:13:21","date_gmt":"2024-04-18T12:13:21","guid":{"rendered":"https:\/\/www.kudotrade.com\/datenschutzbestimmungen\/"},"modified":"2024-04-18T12:13:21","modified_gmt":"2024-04-18T12:13:21","slug":"datenschutzbestimmungen","status":"publish","type":"page","link":"https:\/\/www.kudotrade.com\/de\/datenschutzbestimmungen\/","title":{"rendered":"Datenschutzbestimmungen"},"content":{"rendered":"<h4>DATENSCHUTZPOLITIK<\/h4>\n<p>Kudo Trade (Mauritius) Ltd. verpflichtet sich, die Vertraulichkeit aller pers\u00f6nlichen Daten zu wahren, die sie von Einzelpersonen erhebt, unabh\u00e4ngig davon, ob sie durch den Besuch der Website oder die Erbringung anderer Dienstleistungen gewonnen werden.<\/p>\n<ol>\n<li style=\"text-align: left;\"><strong>DATENSCHUTZ UND SICHERHEITSPOLITIK VON KUDO TRADE (MAURITIUS) LTD.  <\/strong><\/li>\n<\/ol>\n<p>Kudo Trade (Mauritius) Ltd. (&#8222;wir&#8220;, &#8222;uns&#8220; oder &#8222;Kudotrade&#8220;) ist ein internationales Unternehmen, das von der Financial Services Commission of Mauritius unter der Lizenznummer GB24203599 zugelassen ist und reguliert wird, mit eingetragener Adresse 6 St Denis Street, 1st Floor River Court, Port Louis, Mauritius. Unser Hauptziel ist es, H\u00e4ndler und Introducing Brokers (IBs) bei der Erreichung ihrer Gesch\u00e4ftsziele und pers\u00f6nlichen W\u00fcnsche zu unterst\u00fctzen. Wir legen Wert auf Integrit\u00e4t und Vertrauen und bieten eine Mischung aus innovativen Produkten, wettbewerbsf\u00e4higen Handelsbedingungen und hochwertigem, pers\u00f6nlichem Service. Unser Ziel bei Kudotrade ist es, FOREX-H\u00e4ndler und IBs in die Lage zu versetzen, ihre pers\u00f6nlichen und gesch\u00e4ftlichen Ziele zu erreichen, indem wir innovative Produkte mit wettbewerbsf\u00e4higen Handelsbedingungen und einem au\u00dfergew\u00f6hnlichen Kundenservice kombinieren.   <\/p>\n<ol start=\"2\">\n<li><strong>VERPFLICHTUNG  <\/strong><\/li>\n<\/ol>\n<p>Kudotrade verpflichtet sich, die Privatsph\u00e4re aller pers\u00f6nlichen Daten zu sch\u00fctzen, die wir von Ihnen erhalten, einschlie\u00dflich der Informationen, die wir w\u00e4hrend Ihrer Besuche auf dieser Website oder bei der Erbringung anderer Dienstleistungen f\u00fcr Sie erhalten. Kudotrade wird Ihre pers\u00f6nlichen Daten nur in \u00dcbereinstimmung mit dieser Datenschutz- und Sicherheitsrichtlinie und im \u00dcbrigen in \u00dcbereinstimmung mit dem Gesetz zum Schutz der Privatsph\u00e4re und des Datenschutzes in Mauritius verwenden. <\/p>\n<ol start=\"3\">\n<li><strong>KUDOTRADE SAMMELT PERS\u00d6NLICHE INFORMATIONEN  <\/strong><\/li>\n<\/ol>\n<p>Kudotrade sammelt bestimmte pers\u00f6nliche Informationen, um den Bed\u00fcrfnissen seiner Kunden gerecht zu werden. Durch die Erfassung bestimmter personenbezogener Daten kann Kudotrade die Dienstleistungen, die es seinen bestehenden und potenziellen Kunden anbietet, \u00fcberwachen und verbessern. Wir verwenden diese Informationen f\u00fcr die folgenden Zwecke: Einrichtung und Pflege Ihres Kontos, Bereitstellung unserer Dienstleistungen f\u00fcr Sie, Verbesserung unserer Dienstleistungen, Benachrichtigung \u00fcber gesetzliche Vorschriften und Marketing.  <\/p>\n<ol start=\"4\">\n<li><strong>WELCHE INFORMATIONEN ERH\u00c4LT KUDOTRADE?  <\/strong><\/li>\n<\/ol>\n<p>Kudotrade sammelt und speichert Informationen \u00fcber Sie, wenn Sie einen Online-Antrag oder ein anderes Formular ausf\u00fcllen oder \u00fcber diese Website oder einen anderen Service, den wir Ihnen zur Verf\u00fcgung stellen, auf Ihr Konto zugreifen und handeln. Kudotrade kann Informationen aus Ihrer Nutzung dieser Website oder eines anderen von uns angebotenen Dienstes ableiten und diese Informationen mit Ihrem pers\u00f6nlichen Profil speichern. Diese Informationen k\u00f6nnen die besuchten Bereiche der Website, die aufgerufenen Seiten, die H\u00e4ufigkeit und Dauer der Besuche, die Art der durchgef\u00fchrten Transaktionen, die heruntergeladenen Dokumente und andere Websites, die Sie m\u00f6glicherweise verwiesen haben oder zu denen Sie einen Link gesetzt haben, umfassen.  <\/p>\n<ol start=\"5\">\n<li><strong>WIE WERDEN WIR IHRE INFORMATIONEN VERWENDEN?<\/strong><\/li>\n<\/ol>\n<p>Wir k\u00f6nnen diese Informationen f\u00fcr einen oder mehrere der folgenden Zwecke verwenden:<\/p>\n<ul>\n<li>um die von Ihnen angeforderten Dienstleistungen zu erbringen, einschlie\u00dflich der Bearbeitung von Transaktionen.<\/li>\n<li>um Ihre Identit\u00e4t zu best\u00e4tigen.<\/li>\n<li>um Ihr pers\u00f6nliches Profil zu pflegen; um Ihr Konto zu verwalten.<\/li>\n<li>um Sie zu kontaktieren, wenn dies im Zusammenhang mit den Ihnen angebotenen Dienstleistungen notwendig oder angemessen ist.<\/li>\n<li>um Sie, solange Sie Kunde sind, auf dem Laufenden zu halten, z.B. in Bezug auf die von Ihnen gehandelten Vertr\u00e4ge und die Aktivit\u00e4ten von Kudotrade.<\/li>\n<li>um die Ihnen zur Verf\u00fcgung gestellten Produkte und Dienstleistungen zu verwalten und zu betreuen.<\/li>\n<li>um Ihnen Informationen \u00fcber die von Kudotrade angebotenen Produkte und Dienstleistungen zukommen zu lassen; um ein Verst\u00e4ndnis f\u00fcr die Produkte und Dienstleistungen zu entwickeln, die Sie m\u00f6glicherweise von Kudotrade beziehen m\u00f6chten.<\/li>\n<li>um Sie mit Informationen oder M\u00f6glichkeiten zu versorgen, von denen wir glauben, dass sie f\u00fcr Sie relevant sein k\u00f6nnten.<\/li>\n<li>um die Website oder andere Dienstleistungen, die wir Ihnen anbieten, auf Ihre Bed\u00fcrfnisse und Interessen abzustimmen; und<\/li>\n<li>um anonymisierte statistische Daten zu erstellen.<\/li>\n<\/ul>\n<p>Indem Sie unseren Bedingungen zustimmen, genehmigen Sie die Verwendung Ihrer pers\u00f6nlichen Daten f\u00fcr die genannten Zwecke. Sie stimmen au\u00dferdem der \u00dcbermittlung Ihrer personenbezogenen Daten au\u00dferhalb von Mauritius zu, wenn dies f\u00fcr Kudotrade erforderlich ist, um seine vertraglichen Verpflichtungen Ihnen gegen\u00fcber zu erf\u00fcllen. Es ist wichtig zu wissen, dass Kudotrade personenbezogene Daten nur an Organisationen au\u00dferhalb von Mauritius weitergibt, nachdem sichergestellt wurde, dass diese Organisationen angemessene Kontrollen und Ma\u00dfnahmen zum Schutz Ihrer personenbezogenen Daten eingef\u00fchrt haben.  <\/p>\n<ol start=\"6\">\n<li><strong>AN WEN D\u00dcRFEN WIR IHRE INFORMATIONEN WEITERGEBEN?  <\/strong><\/li>\n<\/ol>\n<p>Es kann sein, dass Kudotrade Ihre pers\u00f6nlichen Daten bei Bedarf an Aufsichts- und Regierungsbeh\u00f6rden weitergeben muss. Au\u00dferdem k\u00f6nnen Ihre pers\u00f6nlichen Daten weitergegeben werden an; <\/p>\n<ul>\n<li>Finanzinstitute und \u00e4hnliche Einrichtungen im Rahmen des regul\u00e4ren Gesch\u00e4ftsbetriebs oder auf Ihre Anweisung.<\/li>\n<li>Externe Dienstleister und professionelle Berater, einschlie\u00dflich solcher mit Sitz in \u00dcbersee, die Kudotrade unterst\u00fctzen.<\/li>\n<li>Organisationen, die Sie anfordern, oder Personen, die in Ihrem Namen handeln, wie Finanzberater oder Rechtsvertreter.<\/li>\n<li>Dritte, die an der Abwicklung von Transaktionen oder der Bereitstellung angeforderter Dienstleistungen beteiligt sind.<\/li>\n<li>Beh\u00f6rden, denen gegen\u00fcber Kudotrade gesetzlich verpflichtet ist, solche Informationen offenzulegen.<\/li>\n<li>Es ist wichtig zu wissen, dass Kudotrade Ihre pers\u00f6nlichen Daten nicht an Dritte zu Marketingzwecken verkauft oder weitergibt.<\/li>\n<\/ul>\n<ol start=\"7\">\n<li><strong>IHRE INFORMATIONEN AKTUALISIEREN  <\/strong><\/li>\n<\/ol>\n<p>Sie k\u00f6nnen Kudotrade jederzeit dar\u00fcber informieren, dass sich Ihre pers\u00f6nlichen Daten ge\u00e4ndert haben oder dass Sie w\u00fcnschen, dass Kudotrade die pers\u00f6nlichen Daten, die wir \u00fcber Sie gespeichert haben, l\u00f6scht, indem Sie uns eine E-Mail an (E-Mail) schicken. Kudotrade wird Ihre pers\u00f6nlichen Daten gem\u00e4\u00df Ihren Anweisungen \u00e4ndern oder l\u00f6schen, es sei denn, wir sind verpflichtet, Ihre pers\u00f6nlichen Daten aus regulatorischen oder rechtlichen Gr\u00fcnden aufzubewahren, um Ihnen die von Ihnen angeforderten Dienstleistungen zu erbringen oder um angemessene Gesch\u00e4ftsunterlagen zu f\u00fchren. <\/p>\n<ol start=\"8\">\n<li><strong>LINKS  <\/strong><\/li>\n<\/ol>\n<p>Wenn Sie diese Website oder einen anderen Service, den wir Ihnen anbieten, nutzen, k\u00f6nnen Sie m\u00f6glicherweise einen Link zu anderen Websites herstellen. Diese Datenschutzrichtlinie gilt nicht f\u00fcr diese Websites. Kudotrade empfiehlt Ihnen, die Datenschutzrichtlinien auf diesen Websites zu lesen.  <\/p>\n<ol start=\"9\">\n<li><strong>COOKIES<\/strong><\/li>\n<\/ol>\n<p>Kudotrade verwendet Cookies, um Informationen \u00fcber Ihre Nutzung dieser Website und anderer Ihnen angebotener Dienste zu sammeln. Cookies, die aus kleinen Datenpaketen mit eindeutigen Identifikationsmerkmalen bestehen, werden auf Ihrem Ger\u00e4t gespeichert, wenn Sie unsere Website oder Dienste nutzen. Diese Cookies sammeln statistische Daten und Informationen dar\u00fcber, wie Sie mit unseren Diensten interagieren. Die meisten Internetbrowser sind so konfiguriert, dass sie Cookies akzeptieren. Wenn Sie es jedoch vorziehen, keine Cookies zu erhalten, k\u00f6nnen Sie Ihren Browser so einstellen, dass er sie ablehnt oder Sie jedes Mal benachrichtigt, wenn ein Cookie an Ihr Ger\u00e4t gesendet wird. Bitte beachten Sie, dass dies die Qualit\u00e4t der Dienste, die wir Ihnen in Bezug auf Ihr Konto anbieten, beeintr\u00e4chtigen kann.     <\/p>\n<ol start=\"10\">\n<li><strong>SICHERHEIT  <\/strong><\/li>\n<\/ol>\n<p>Kudotrade legt gro\u00dfen Wert auf Sicherheit und h\u00e4lt sich an die branchenweit besten Praktiken f\u00fcr Informationssicherheit, um Ihre pers\u00f6nlichen Daten zu sch\u00fctzen und unbefugten Zugriff zu verhindern. Diese Ma\u00dfnahmen umfassen die Verschl\u00fcsselung von Daten w\u00e4hrend der \u00dcbertragung, die Implementierung robuster Authentifizierungsmethoden und die Gew\u00e4hrleistung eines sicheren Zugangs zu Maschinen und Daten. <\/p>\n<ol start=\"11\">\n<li><strong>WAS SIND IHRE RECHTE?  <\/strong><\/li>\n<\/ol>\n<p>Sie m\u00fcssen uns keine der von Kudotrade angeforderten pers\u00f6nlichen Informationen geben. Ohne diese Informationen ist Kudotrade jedoch m\u00f6glicherweise nicht in der Lage, ein Konto f\u00fcr Sie zu er\u00f6ffnen, wenn die Informationen in einem Antragsformular abgefragt werden, oder Ihnen andere Dienstleistungen, Informationen oder Unterst\u00fctzung zu bieten, die Sie angefordert haben. Sollten Sie Fragen oder Beschwerden zum Thema Datenschutz haben, wenden Sie sich bitte an uns. Wenn eine Beschwerde von Kudotrade nicht zu Ihrer Zufriedenheit gel\u00f6st wird, k\u00f6nnen Sie sich an den Information Commissioner wenden.   <\/p>\n<p>Gem\u00e4\u00df der Datenschutzgesetzgebung haben Sie (vorbehaltlich bestimmter Ausnahmen) das Recht, Kopien aller pers\u00f6nlichen Daten, die Kudotrade \u00fcber Sie besitzt, zu erhalten und Kudotrade \u00fcber etwaige Ungenauigkeiten zu informieren.<\/p>\n<p>Wenn Sie eine Anfrage haben, wenden Sie sich bitte an uns, um ein Formular f\u00fcr eine Anfrage zum Thema Zugang zu erhalten.<\/p>\n<p>Wir k\u00f6nnen eine geringe Geb\u00fchr erheben, um die Kosten f\u00fcr die \u00dcberpr\u00fcfung des Antrags und das Auffinden, Abrufen, \u00dcberpr\u00fcfen und Kopieren von angefordertem Material zu decken.<\/p>\n<ol start=\"12\">\n<li><strong>IHR EINVERST\u00c4NDNIS  <\/strong><\/li>\n<\/ol>\n<p>Durch den Zugriff auf diese Website oder einen anderen Service, den wir Ihnen anbieten, erkl\u00e4ren Sie sich damit einverstanden, dass Kudotrade personenbezogene Daten \u00fcber Sie sammelt, verwaltet, nutzt und weitergibt, die von Ihnen oder einer anderen Person wie oben beschrieben zur Verf\u00fcgung gestellt wurden.<\/p>\n<ol start=\"13\">\n<li><strong>\u00c4NDERUNGEN AN DIESER POLITIK  <\/strong><\/li>\n<\/ol>\n<p>Kudotrade beh\u00e4lt sich das Recht vor, diese Datenschutz- und Sicherheitsrichtlinien von Zeit zu Zeit aus beliebigen Gr\u00fcnden zu aktualisieren. Alle \u00c4nderungen werden durch die Ver\u00f6ffentlichung einer aktualisierten Version der Richtlinie auf dieser Website bekannt gegeben. Es liegt in Ihrer Verantwortung, diese Richtlinie regelm\u00e4\u00dfig zu \u00fcberpr\u00fcfen. Indem Sie diese Website oder andere angebotene Dienste nach einer \u00c4nderung weiterhin nutzen, erkl\u00e4ren Sie sich damit einverstanden, diese \u00c4nderungen zu akzeptieren.   <\/p>\n<p>&nbsp;<\/p>\n<p>&nbsp;<\/p>\n<p>&nbsp;<\/p>\n","protected":false},"excerpt":{"rendered":"<p>DATENSCHUTZPOLITIK Kudo Trade (Mauritius) Ltd. verpflichtet sich, die Vertraulichkeit aller pers\u00f6nlichen Daten zu wahren, die sie von Einzelpersonen erhebt, unabh\u00e4ngig davon, ob sie durch den Besuch der Website oder die Erbringung anderer Dienstleistungen gewonnen werden. DATENSCHUTZ UND SICHERHEITSPOLITIK VON KUDO TRADE (MAURITIUS) LTD. Kudo Trade (Mauritius) Ltd. (&#8222;wir&#8220;, &#8222;uns&#8220; oder &#8222;Kudotrade&#8220;) ist ein internationales Unternehmen, [&hellip;]<\/p>\n","protected":false},"author":1,"featured_media":7634,"parent":0,"menu_order":0,"comment_status":"closed","ping_status":"open","template":"","meta":{"_acf_changed":false,"footnotes":""},"class_list":["post-12092","page","type-page","status-publish","has-post-thumbnail","hentry"],"acf":[],"yoast_head":"<!-- This site is optimized with the Yoast SEO plugin v26.7 - https:\/\/yoast.com\/wordpress\/plugins\/seo\/ -->\n<title>Datenschutzbestimmungen<\/title>\n<meta name=\"robots\" content=\"noindex, nofollow\" \/>\n<meta property=\"og:locale\" content=\"de_DE\" \/>\n<meta property=\"og:type\" content=\"article\" \/>\n<meta property=\"og:title\" content=\"Datenschutzbestimmungen\" \/>\n<meta property=\"og:description\" content=\"DATENSCHUTZPOLITIK Kudo Trade (Mauritius) Ltd. verpflichtet sich, die Vertraulichkeit aller pers\u00f6nlichen Daten zu wahren, die sie von Einzelpersonen erhebt, unabh\u00e4ngig davon, ob sie durch den Besuch der Website oder die Erbringung anderer Dienstleistungen gewonnen werden. DATENSCHUTZ UND SICHERHEITSPOLITIK VON KUDO TRADE (MAURITIUS) LTD. Kudo Trade (Mauritius) Ltd. (&#8222;wir&#8220;, &#8222;uns&#8220; oder &#8222;Kudotrade&#8220;) ist ein internationales Unternehmen, [&hellip;]\" \/>\n<meta property=\"og:url\" content=\"https:\/\/www.kudotrade.com\/de\/datenschutzbestimmungen\/\" \/>\n<meta property=\"og:site_name\" content=\"Kudotrade\" \/>\n<meta property=\"og:image\" content=\"https:\/\/www.kudotrade.com\/wp-content\/uploads\/2024\/07\/kudotrade_K.png\" \/>\n\t<meta property=\"og:image:width\" content=\"500\" \/>\n\t<meta property=\"og:image:height\" content=\"500\" \/>\n\t<meta property=\"og:image:type\" content=\"image\/png\" \/>\n<meta name=\"twitter:card\" content=\"summary_large_image\" \/>\n<meta name=\"twitter:label1\" content=\"Gesch\u00e4tzte Lesezeit\" \/>\n\t<meta name=\"twitter:data1\" content=\"7\u00a0Minuten\" \/>\n<script type=\"application\/ld+json\" class=\"yoast-schema-graph\">{\"@context\":\"https:\/\/schema.org\",\"@graph\":[{\"@type\":\"WebPage\",\"@id\":\"https:\/\/www.kudotrade.com\/de\/datenschutzbestimmungen\/\",\"url\":\"https:\/\/www.kudotrade.com\/de\/datenschutzbestimmungen\/\",\"name\":\"Datenschutzbestimmungen\",\"isPartOf\":{\"@id\":\"https:\/\/www.kudotrade.com\/de\/#website\"},\"primaryImageOfPage\":{\"@id\":\"https:\/\/www.kudotrade.com\/de\/datenschutzbestimmungen\/#primaryimage\"},\"image\":{\"@id\":\"https:\/\/www.kudotrade.com\/de\/datenschutzbestimmungen\/#primaryimage\"},\"thumbnailUrl\":\"https:\/\/www.kudotrade.com\/wp-content\/uploads\/2024\/07\/kudotrade_K.png\",\"datePublished\":\"2024-04-18T12:13:21+00:00\",\"breadcrumb\":{\"@id\":\"https:\/\/www.kudotrade.com\/de\/datenschutzbestimmungen\/#breadcrumb\"},\"inLanguage\":\"de\",\"potentialAction\":[{\"@type\":\"ReadAction\",\"target\":[\"https:\/\/www.kudotrade.com\/de\/datenschutzbestimmungen\/\"]}]},{\"@type\":\"ImageObject\",\"inLanguage\":\"de\",\"@id\":\"https:\/\/www.kudotrade.com\/de\/datenschutzbestimmungen\/#primaryimage\",\"url\":\"https:\/\/www.kudotrade.com\/wp-content\/uploads\/2024\/07\/kudotrade_K.png\",\"contentUrl\":\"https:\/\/www.kudotrade.com\/wp-content\/uploads\/2024\/07\/kudotrade_K.png\",\"width\":500,\"height\":500},{\"@type\":\"BreadcrumbList\",\"@id\":\"https:\/\/www.kudotrade.com\/de\/datenschutzbestimmungen\/#breadcrumb\",\"itemListElement\":[{\"@type\":\"ListItem\",\"position\":1,\"name\":\"Home\",\"item\":\"https:\/\/www.kudotrade.com\/de\/\"},{\"@type\":\"ListItem\",\"position\":2,\"name\":\"Datenschutzbestimmungen\"}]},{\"@type\":\"WebSite\",\"@id\":\"https:\/\/www.kudotrade.com\/de\/#website\",\"url\":\"https:\/\/www.kudotrade.com\/de\/\",\"name\":\"Kudotrade\",\"description\":\"Elevate your trading success with the power of Kudotrade\",\"publisher\":{\"@id\":\"https:\/\/www.kudotrade.com\/de\/#organization\"},\"potentialAction\":[{\"@type\":\"SearchAction\",\"target\":{\"@type\":\"EntryPoint\",\"urlTemplate\":\"https:\/\/www.kudotrade.com\/de\/?s={search_term_string}\"},\"query-input\":{\"@type\":\"PropertyValueSpecification\",\"valueRequired\":true,\"valueName\":\"search_term_string\"}}],\"inLanguage\":\"de\"},{\"@type\":\"Organization\",\"@id\":\"https:\/\/www.kudotrade.com\/de\/#organization\",\"name\":\"Kudotrade\",\"url\":\"https:\/\/www.kudotrade.com\/de\/\",\"logo\":{\"@type\":\"ImageObject\",\"inLanguage\":\"de\",\"@id\":\"https:\/\/www.kudotrade.com\/de\/#\/schema\/logo\/image\/\",\"url\":\"https:\/\/www.kudotrade.com\/wp-content\/uploads\/2024\/07\/kudotrade_K.png\",\"contentUrl\":\"https:\/\/www.kudotrade.com\/wp-content\/uploads\/2024\/07\/kudotrade_K.png\",\"width\":500,\"height\":500,\"caption\":\"Kudotrade\"},\"image\":{\"@id\":\"https:\/\/www.kudotrade.com\/de\/#\/schema\/logo\/image\/\"},\"sameAs\":[\"https:\/\/www.linkedin.com\/company\/kudotrade\/?trk=similar-pages&originalSubdomain=lc\"]}]}<\/script>\n<!-- \/ Yoast SEO plugin. -->","yoast_head_json":{"title":"Datenschutzbestimmungen","robots":{"index":"noindex","follow":"nofollow"},"og_locale":"de_DE","og_type":"article","og_title":"Datenschutzbestimmungen","og_description":"DATENSCHUTZPOLITIK Kudo Trade (Mauritius) Ltd. verpflichtet sich, die Vertraulichkeit aller pers\u00f6nlichen Daten zu wahren, die sie von Einzelpersonen erhebt, unabh\u00e4ngig davon, ob sie durch den Besuch der Website oder die Erbringung anderer Dienstleistungen gewonnen werden. DATENSCHUTZ UND SICHERHEITSPOLITIK VON KUDO TRADE (MAURITIUS) LTD. Kudo Trade (Mauritius) Ltd. (&#8222;wir&#8220;, &#8222;uns&#8220; oder &#8222;Kudotrade&#8220;) ist ein internationales Unternehmen, [&hellip;]","og_url":"https:\/\/www.kudotrade.com\/de\/datenschutzbestimmungen\/","og_site_name":"Kudotrade","og_image":[{"width":500,"height":500,"url":"https:\/\/www.kudotrade.com\/wp-content\/uploads\/2024\/07\/kudotrade_K.png","type":"image\/png"}],"twitter_card":"summary_large_image","twitter_misc":{"Gesch\u00e4tzte Lesezeit":"7\u00a0Minuten"},"schema":{"@context":"https:\/\/schema.org","@graph":[{"@type":"WebPage","@id":"https:\/\/www.kudotrade.com\/de\/datenschutzbestimmungen\/","url":"https:\/\/www.kudotrade.com\/de\/datenschutzbestimmungen\/","name":"Datenschutzbestimmungen","isPartOf":{"@id":"https:\/\/www.kudotrade.com\/de\/#website"},"primaryImageOfPage":{"@id":"https:\/\/www.kudotrade.com\/de\/datenschutzbestimmungen\/#primaryimage"},"image":{"@id":"https:\/\/www.kudotrade.com\/de\/datenschutzbestimmungen\/#primaryimage"},"thumbnailUrl":"https:\/\/www.kudotrade.com\/wp-content\/uploads\/2024\/07\/kudotrade_K.png","datePublished":"2024-04-18T12:13:21+00:00","breadcrumb":{"@id":"https:\/\/www.kudotrade.com\/de\/datenschutzbestimmungen\/#breadcrumb"},"inLanguage":"de","potentialAction":[{"@type":"ReadAction","target":["https:\/\/www.kudotrade.com\/de\/datenschutzbestimmungen\/"]}]},{"@type":"ImageObject","inLanguage":"de","@id":"https:\/\/www.kudotrade.com\/de\/datenschutzbestimmungen\/#primaryimage","url":"https:\/\/www.kudotrade.com\/wp-content\/uploads\/2024\/07\/kudotrade_K.png","contentUrl":"https:\/\/www.kudotrade.com\/wp-content\/uploads\/2024\/07\/kudotrade_K.png","width":500,"height":500},{"@type":"BreadcrumbList","@id":"https:\/\/www.kudotrade.com\/de\/datenschutzbestimmungen\/#breadcrumb","itemListElement":[{"@type":"ListItem","position":1,"name":"Home","item":"https:\/\/www.kudotrade.com\/de\/"},{"@type":"ListItem","position":2,"name":"Datenschutzbestimmungen"}]},{"@type":"WebSite","@id":"https:\/\/www.kudotrade.com\/de\/#website","url":"https:\/\/www.kudotrade.com\/de\/","name":"Kudotrade","description":"Elevate your trading success with the power of Kudotrade","publisher":{"@id":"https:\/\/www.kudotrade.com\/de\/#organization"},"potentialAction":[{"@type":"SearchAction","target":{"@type":"EntryPoint","urlTemplate":"https:\/\/www.kudotrade.com\/de\/?s={search_term_string}"},"query-input":{"@type":"PropertyValueSpecification","valueRequired":true,"valueName":"search_term_string"}}],"inLanguage":"de"},{"@type":"Organization","@id":"https:\/\/www.kudotrade.com\/de\/#organization","name":"Kudotrade","url":"https:\/\/www.kudotrade.com\/de\/","logo":{"@type":"ImageObject","inLanguage":"de","@id":"https:\/\/www.kudotrade.com\/de\/#\/schema\/logo\/image\/","url":"https:\/\/www.kudotrade.com\/wp-content\/uploads\/2024\/07\/kudotrade_K.png","contentUrl":"https:\/\/www.kudotrade.com\/wp-content\/uploads\/2024\/07\/kudotrade_K.png","width":500,"height":500,"caption":"Kudotrade"},"image":{"@id":"https:\/\/www.kudotrade.com\/de\/#\/schema\/logo\/image\/"},"sameAs":["https:\/\/www.linkedin.com\/company\/kudotrade\/?trk=similar-pages&originalSubdomain=lc"]}]}},"_links":{"self":[{"href":"https:\/\/www.kudotrade.com\/de\/wp-json\/wp\/v2\/pages\/12092","targetHints":{"allow":["GET"]}}],"collection":[{"href":"https:\/\/www.kudotrade.com\/de\/wp-json\/wp\/v2\/pages"}],"about":[{"href":"https:\/\/www.kudotrade.com\/de\/wp-json\/wp\/v2\/types\/page"}],"author":[{"embeddable":true,"href":"https:\/\/www.kudotrade.com\/de\/wp-json\/wp\/v2\/users\/1"}],"replies":[{"embeddable":true,"href":"https:\/\/www.kudotrade.com\/de\/wp-json\/wp\/v2\/comments?post=12092"}],"version-history":[{"count":0,"href":"https:\/\/www.kudotrade.com\/de\/wp-json\/wp\/v2\/pages\/12092\/revisions"}],"wp:featuredmedia":[{"embeddable":true,"href":"https:\/\/www.kudotrade.com\/de\/wp-json\/wp\/v2\/media\/7634"}],"wp:attachment":[{"href":"https:\/\/www.kudotrade.com\/de\/wp-json\/wp\/v2\/media?parent=12092"}],"curies":[{"name":"wp","href":"https:\/\/api.w.org\/{rel}","templated":true}]}}